{"id":51,"date":"2014-02-28T15:18:56","date_gmt":"2014-02-28T13:18:56","guid":{"rendered":"http:\/\/xarxaomnia.gencat.cat\/blocs\/gestionat\/?page_id=51"},"modified":"2014-04-07T11:36:53","modified_gmt":"2014-04-07T09:36:53","slug":"que-es-symbaloo","status":"publish","type":"page","link":"https:\/\/bloc.xarxa-omnia.org\/gestionat\/que-es-symbaloo\/","title":{"rendered":"Qu\u00e8 \u00e9s Symbaloo?"},"content":{"rendered":"<p><a href=\"http:\/\/xarxaomnia.gencat.cat\/blocs\/gestionat\/files\/2014\/03\/gestionat2.jpg\"><img loading=\"lazy\" decoding=\"async\" class=\"alignright size-medium wp-image-64\" alt=\"gestionat2\" src=\"http:\/\/xarxaomnia.gencat.cat\/blocs\/gestionat\/files\/2014\/03\/gestionat2-300x119.jpg\" width=\"300\" height=\"119\" srcset=\"https:\/\/bloc.xarxa-omnia.org\/gestionat\/files\/2014\/03\/gestionat2-300x119.jpg 300w, https:\/\/bloc.xarxa-omnia.org\/gestionat\/files\/2014\/03\/gestionat2-250x99.jpg 250w, https:\/\/bloc.xarxa-omnia.org\/gestionat\/files\/2014\/03\/gestionat2-150x59.jpg 150w, https:\/\/bloc.xarxa-omnia.org\/gestionat\/files\/2014\/03\/gestionat2.jpg 599w\" sizes=\"auto, (max-width: 300px) 100vw, 300px\" \/><\/a>Symbaloo \u00e9s una aplicaci\u00f3 en l\u00ednia que ens permet incloure i organitzar les nostres adreces d\u2019inter\u00e8s en un espai accessible des de qualsevol dispositiu amb connexi\u00f3 a Internet.<\/p>\n<h3>Per a qu\u00e8 pot servir Symbaloo?<\/h3>\n<p>L\u2019aplicaci\u00f3 Symbaloo pot tenir un \u00fas tan senzill com evident; pot ser un recull dels nostres enlla\u00e7os m\u00e9s utilitzats o b\u00e9 un lector de not\u00edcies RSS centralitzat, o ambdues coses alhora.<\/p>\n<p>Per\u00f2 el cert \u00e9s que podem anar un pas m\u00e9s endavant si pensem no tan sols en nosaltres com a usuaris\/destinataris d\u2019aquesta aplicaci\u00f3, sin\u00f3 que ho fem pensant en els participants dels nostres punts.<\/p>\n<p>Podem organitzar les fonts d\u2019informaci\u00f3 amb criteris diversos i que aquestes tinguin un aspecte absolutament visual, independentment del sistema que fem servir al nostre ordinador, m\u00f2bil o tauleta t\u00e0ctil. Aquest aspecte pot facilitar l\u2019accessibilitat a persones amb necessitats espec\u00edfiques, com ara persones amb certes discapacitats f\u00edsiques, o b\u00e9 persones que tenen dificultats amb els nostres idiomes.<\/p>\n<h3>Aspectes positius de Symbaloo:<\/h3>\n<ul>\n<li>\u00c9s accessible des de qualsevol dispositiu amb connexi\u00f3 a Internet.<\/li>\n<li>T\u00e9 un car\u00e0cter altament visual i intu\u00eftiu. Aix\u00f2 el fa especialment atractiu per a dispositius t\u00e0ctils i en facilita l\u2019accessibilitat.<\/li>\n<li>Disposa d\u2019aplicacions per a les principals plataformes m\u00f2bils: Android i iOS.<\/li>\n<\/ul>\n<p>&nbsp;<\/p>\n<p><a href=\"http:\/\/xarxaomnia.gencat.cat\/blocs\/gestionat\/files\/2014\/02\/symbaloo_1.png\"><img loading=\"lazy\" decoding=\"async\" class=\"aligncenter size-medium wp-image-112\" alt=\"symbaloo_1\" src=\"http:\/\/xarxaomnia.gencat.cat\/blocs\/gestionat\/files\/2014\/02\/symbaloo_1-300x180.png\" width=\"300\" height=\"180\" srcset=\"https:\/\/bloc.xarxa-omnia.org\/gestionat\/files\/2014\/02\/symbaloo_1-300x180.png 300w, https:\/\/bloc.xarxa-omnia.org\/gestionat\/files\/2014\/02\/symbaloo_1-250x150.png 250w, https:\/\/bloc.xarxa-omnia.org\/gestionat\/files\/2014\/02\/symbaloo_1-150x90.png 150w, https:\/\/bloc.xarxa-omnia.org\/gestionat\/files\/2014\/02\/symbaloo_1.png 911w\" sizes=\"auto, (max-width: 300px) 100vw, 300px\" \/><\/a><\/p>\n","protected":false},"excerpt":{"rendered":"<p>Symbaloo \u00e9s una aplicaci\u00f3 en l\u00ednia que ens permet incloure i organitzar les nostres adreces d\u2019inter\u00e8s en un espai accessible des de qualsevol dispositiu amb connexi\u00f3 a Internet. Per a qu\u00e8 pot servir Symbaloo? L\u2019aplicaci\u00f3 Symbaloo pot tenir un \u00fas tan senzill com evident; pot ser un recull dels nostres \u2026<\/p>\n<p class=\"continue-reading-button\"> <a class=\"continue-reading-link\" href=\"https:\/\/bloc.xarxa-omnia.org\/gestionat\/que-es-symbaloo\/\">Continue reading<i class=\"crycon-right-dir\"><\/i><\/a><\/p>\n","protected":false},"author":1,"featured_media":0,"parent":0,"menu_order":0,"comment_status":"closed","ping_status":"closed","template":"","meta":{"footnotes":""},"class_list":["post-51","page","type-page","status-publish","hentry"],"_links":{"self":[{"href":"https:\/\/bloc.xarxa-omnia.org\/gestionat\/wp-json\/wp\/v2\/pages\/51","targetHints":{"allow":["GET"]}}],"collection":[{"href":"https:\/\/bloc.xarxa-omnia.org\/gestionat\/wp-json\/wp\/v2\/pages"}],"about":[{"href":"https:\/\/bloc.xarxa-omnia.org\/gestionat\/wp-json\/wp\/v2\/types\/page"}],"author":[{"embeddable":true,"href":"https:\/\/bloc.xarxa-omnia.org\/gestionat\/wp-json\/wp\/v2\/users\/1"}],"replies":[{"embeddable":true,"href":"https:\/\/bloc.xarxa-omnia.org\/gestionat\/wp-json\/wp\/v2\/comments?post=51"}],"version-history":[{"count":8,"href":"https:\/\/bloc.xarxa-omnia.org\/gestionat\/wp-json\/wp\/v2\/pages\/51\/revisions"}],"predecessor-version":[{"id":175,"href":"https:\/\/bloc.xarxa-omnia.org\/gestionat\/wp-json\/wp\/v2\/pages\/51\/revisions\/175"}],"wp:attachment":[{"href":"https:\/\/bloc.xarxa-omnia.org\/gestionat\/wp-json\/wp\/v2\/media?parent=51"}],"curies":[{"name":"wp","href":"https:\/\/api.w.org\/{rel}","templated":true}]}}