{"id":2,"date":"2009-03-12T12:27:51","date_gmt":"2009-03-12T11:27:51","guid":{"rendered":""},"modified":"2009-03-23T13:40:28","modified_gmt":"2009-03-23T12:40:28","slug":"quant-a","status":"publish","type":"page","link":"https:\/\/bloc.xarxa-omnia.org\/identitats\/","title":{"rendered":"Identitats \u00d2mnia"},"content":{"rendered":"<h3>De la font: Viquip\u00e8dia<\/h3>\n<p><!-- start content -->Un <strong>avatar<\/strong> \u00e9s un personatge virtual definit amb els trets individuals escollits per un\/a internauta que representa en un videojoc cadascuna de les persones que hi participen o al ciberespai cadascun dels participants en una tert\u00falia o qualsevol altra activitat en l\u00ednia.<\/p>\n<h2>Vols fer-te&#8217;n un?<\/h2>\n<p>En aquesta activitat et proposem diferents creadors de d&#8217;avatars (o icones) per a que et creis una identitat virtual. Un dibuix semblant (o no) a tu que t&#8217;identifiqui en videojocs o espais virtuals on no vulguis penjar cap fotografia.<\/p>\n<h2>Ens mostrem<\/h2>\n<p>Una bona manera de provar-los \u00e9s que un cop ens l&#8217;haguem creat l&#8217;ensenyem a la resta de la xarxa, \u00e9s per aix\u00f2 que et convidem a que ens el facis arribar i puguem posar cara (animada) a tots aquells que participem de l&#8217;\u00d2mnia.<\/p>\n","protected":false},"excerpt":{"rendered":"<p>De la font: Viquip\u00e8dia Un avatar \u00e9s un personatge virtual definit amb els trets individuals escollits per un\/a internauta que representa en un videojoc cadascuna de les persones que hi participen o al ciberespai cadascun dels participants en una tert\u00falia o qualsevol altra activitat en l\u00ednia. Vols fer-te&#8217;n un? En aquesta activitat et proposem diferents [&hellip;]<\/p>\n","protected":false},"author":61,"featured_media":0,"parent":0,"menu_order":0,"comment_status":"open","ping_status":"open","template":"presentacio.php","meta":{"ngg_post_thumbnail":0,"footnotes":""},"class_list":["post-2","page","type-page","status-publish","hentry"],"_links":{"self":[{"href":"https:\/\/bloc.xarxa-omnia.org\/identitats\/wp-json\/wp\/v2\/pages\/2","targetHints":{"allow":["GET"]}}],"collection":[{"href":"https:\/\/bloc.xarxa-omnia.org\/identitats\/wp-json\/wp\/v2\/pages"}],"about":[{"href":"https:\/\/bloc.xarxa-omnia.org\/identitats\/wp-json\/wp\/v2\/types\/page"}],"author":[{"embeddable":true,"href":"https:\/\/bloc.xarxa-omnia.org\/identitats\/wp-json\/wp\/v2\/users\/61"}],"replies":[{"embeddable":true,"href":"https:\/\/bloc.xarxa-omnia.org\/identitats\/wp-json\/wp\/v2\/comments?post=2"}],"version-history":[{"count":0,"href":"https:\/\/bloc.xarxa-omnia.org\/identitats\/wp-json\/wp\/v2\/pages\/2\/revisions"}],"wp:attachment":[{"href":"https:\/\/bloc.xarxa-omnia.org\/identitats\/wp-json\/wp\/v2\/media?parent=2"}],"curies":[{"name":"wp","href":"https:\/\/api.w.org\/{rel}","templated":true}]}}