{"id":6,"date":"2010-12-10T12:59:40","date_gmt":"2010-12-10T10:59:40","guid":{"rendered":"http:\/\/xarxaomnia.gencat.cat\/blocs\/index\/com-participar-hi\/"},"modified":"2010-12-10T14:52:00","modified_gmt":"2010-12-10T12:52:00","slug":"com-participar-hi","status":"publish","type":"page","link":"https:\/\/bloc.xarxa-omnia.org\/index\/com-participar-hi\/","title":{"rendered":"Com participar-hi"},"content":{"rendered":"<p>Amb aquest projecte volem que els dinamitzadors participin en la creaci\u00f3 de l&#8217;\u00edndex a la vegada que es beneficien dels seus continguts.<\/p>\n<p>Est\u00e0 basat en el sistema de links i etiquetes del servei <a href=\"http:\/\/www.delicious.com\">Delicious<\/a>, si voleu afegir continguts a l&#8217;\u00edndex necessitareu un compte a <a href=\"http:\/\/www.delicious.com\">Delicious<\/a>.<\/p>\n<p>Si encara no ets usuari pots seguir aquestes instruccions:<\/p>\n<p><strong><a href=\"http:\/\/xarxaomnia.gencat.cat\/blocs\/index\/2010\/12\/10\/com-fer-un-compte-al-delicious\/\">Com fer un compte al Delicious<\/a><\/strong><\/p>\n<p style=\"text-align: center;\"><a href=\"http:\/\/www.delicious.com\/xarxaomnia\"><img loading=\"lazy\" decoding=\"async\" class=\"size-medium wp-image-43  aligncenter\" title=\"omnia_delicious\" src=\"http:\/\/xarxaomnia.gencat.cat\/blocs\/index\/files\/2010\/12\/omnia_delicious-300x166.png\" alt=\"\" width=\"180\" height=\"100\" srcset=\"https:\/\/bloc.xarxa-omnia.org\/index\/files\/2010\/12\/omnia_delicious-300x166.png 300w, https:\/\/bloc.xarxa-omnia.org\/index\/files\/2010\/12\/omnia_delicious.png 448w\" sizes=\"auto, (max-width: 180px) 100vw, 180px\" \/><\/a><\/p>\n<p style=\"text-align: left;\"><strong><a href=\"http:\/\/xarxaomnia.gencat.cat\/blocs\/index\/2010\/12\/10\/com-afegir-un-enllac\/\">Com afegir un enlla\u00e7<\/a><br \/>\n<\/strong><\/p>\n<p>Per facilitar-te la feina pots instal\u00b7lar alguna de les <a href=\"http:\/\/xarxaomnia.gencat.cat\/blocs\/index\/2010\/12\/10\/agregar-botones-en-los-diferentes-navegadores\/\"><strong>Extensions de Delicious pels navegadors<\/strong><\/a><\/p>\n<p>Porta&#8217;m a:<\/p>\n<p><a href=\"http:\/\/xarxaomnia.gencat.cat\/blocs\/index\/2010\/12\/10\/index\/\">Presentaci\u00f3<\/a><br \/>\n<a href=\"http:\/\/xarxaomnia.gencat.cat\/blocs\/index\/2010\/12\/10\/index\/\">Index de continguts<\/a><br \/>\n<a href=\"http:\/\/xarxaomnia.gencat.cat\/blocs\/index\/com-participar-hi\/\">Com participar-hi?<\/a><\/p>\n","protected":false},"excerpt":{"rendered":"<p>Amb aquest projecte volem que els dinamitzadors participin en la creaci\u00f3 de l&#8217;\u00edndex a la vegada que es beneficien dels seus continguts. Est\u00e0 basat en el sistema de links i etiquetes del servei Delicious, si voleu afegir continguts a l&#8217;\u00edndex necessitareu un compte a Delicious. Si encara no ets usuari pots seguir aquestes instruccions: Com [&hellip;]<\/p>\n","protected":false},"author":42,"featured_media":0,"parent":0,"menu_order":1,"comment_status":"closed","ping_status":"open","template":"","meta":{"footnotes":""},"class_list":["post-6","page","type-page","status-publish","czr-hentry"],"_links":{"self":[{"href":"https:\/\/bloc.xarxa-omnia.org\/index\/wp-json\/wp\/v2\/pages\/6","targetHints":{"allow":["GET"]}}],"collection":[{"href":"https:\/\/bloc.xarxa-omnia.org\/index\/wp-json\/wp\/v2\/pages"}],"about":[{"href":"https:\/\/bloc.xarxa-omnia.org\/index\/wp-json\/wp\/v2\/types\/page"}],"author":[{"embeddable":true,"href":"https:\/\/bloc.xarxa-omnia.org\/index\/wp-json\/wp\/v2\/users\/42"}],"replies":[{"embeddable":true,"href":"https:\/\/bloc.xarxa-omnia.org\/index\/wp-json\/wp\/v2\/comments?post=6"}],"version-history":[{"count":19,"href":"https:\/\/bloc.xarxa-omnia.org\/index\/wp-json\/wp\/v2\/pages\/6\/revisions"}],"predecessor-version":[{"id":88,"href":"https:\/\/bloc.xarxa-omnia.org\/index\/wp-json\/wp\/v2\/pages\/6\/revisions\/88"}],"wp:attachment":[{"href":"https:\/\/bloc.xarxa-omnia.org\/index\/wp-json\/wp\/v2\/media?parent=6"}],"curies":[{"name":"wp","href":"https:\/\/api.w.org\/{rel}","templated":true}]}}