{"id":14,"date":"2008-06-23T12:29:30","date_gmt":"2008-06-23T10:29:30","guid":{"rendered":"http:\/\/blog.xarxa-omnia.org\/jocsomnia\/i-tu-a-que-jugues\/"},"modified":"2008-07-07T11:46:27","modified_gmt":"2008-07-07T09:46:27","slug":"i-tu-a-que-jugues","status":"publish","type":"page","link":"https:\/\/bloc.xarxa-omnia.org\/jocsomnia\/i-tu-a-que-jugues\/","title":{"rendered":"I tu, a qu\u00e8 jugues?"},"content":{"rendered":"<p><font color=\"#000000\">Despr\u00e9s del recull de jocs, els consells que has pogut llegir, el joc d&#8217;\u00d2mnia&#8230; ens agradaria saber <strong>quins jocs heu creat, a quins jocs jugueu o que us interessa m\u00e9s dels jocs.<\/strong><\/font><\/p>\n<p><font color=\"#000000\">Entre tots i totes encara <strong>farem un recull<\/strong> m\u00e9s gran que pot servir per a tota la Xarxa \u00d2mnia, aix\u00ed doncs, no oblidis deixar el teu comentari!<\/font><\/p>\n","protected":false},"excerpt":{"rendered":"<p>Despr\u00e9s del recull de jocs, els consells que has pogut llegir, el joc d&#8217;\u00d2mnia&#8230; ens agradaria saber quins jocs heu creat, a quins jocs jugueu o que us interessa m\u00e9s dels jocs. Entre tots i totes encara farem un recull m\u00e9s gran que pot servir per a tota la Xarxa \u00d2mnia, aix\u00ed doncs, no oblidis [&hellip;]<\/p>\n","protected":false},"author":61,"featured_media":0,"parent":0,"menu_order":5,"comment_status":"open","ping_status":"open","template":"","meta":{"ngg_post_thumbnail":0,"footnotes":""},"class_list":["post-14","page","type-page","status-publish","hentry"],"_links":{"self":[{"href":"https:\/\/bloc.xarxa-omnia.org\/jocsomnia\/wp-json\/wp\/v2\/pages\/14","targetHints":{"allow":["GET"]}}],"collection":[{"href":"https:\/\/bloc.xarxa-omnia.org\/jocsomnia\/wp-json\/wp\/v2\/pages"}],"about":[{"href":"https:\/\/bloc.xarxa-omnia.org\/jocsomnia\/wp-json\/wp\/v2\/types\/page"}],"author":[{"embeddable":true,"href":"https:\/\/bloc.xarxa-omnia.org\/jocsomnia\/wp-json\/wp\/v2\/users\/61"}],"replies":[{"embeddable":true,"href":"https:\/\/bloc.xarxa-omnia.org\/jocsomnia\/wp-json\/wp\/v2\/comments?post=14"}],"version-history":[{"count":0,"href":"https:\/\/bloc.xarxa-omnia.org\/jocsomnia\/wp-json\/wp\/v2\/pages\/14\/revisions"}],"wp:attachment":[{"href":"https:\/\/bloc.xarxa-omnia.org\/jocsomnia\/wp-json\/wp\/v2\/media?parent=14"}],"curies":[{"name":"wp","href":"https:\/\/api.w.org\/{rel}","templated":true}]}}