{"id":2,"date":"2008-06-20T12:51:12","date_gmt":"2008-06-20T10:51:12","guid":{"rendered":""},"modified":"2008-07-07T12:33:26","modified_gmt":"2008-07-07T10:33:26","slug":"about","status":"publish","type":"page","link":"https:\/\/bloc.xarxa-omnia.org\/jocsomnia\/about\/","title":{"rendered":"Consells en joc"},"content":{"rendered":"<p><font color=\"#ff9900\">_______________________________________________________________<\/font><\/p>\n<p><font color=\"#165471\"><strong>Uns quants elements  a tenir en compte a l&#8217;hora de jugar, triar o crear jocs en l\u00ednia&#8230;<\/strong><\/font><a href=\"http:\/\/blog.xarxa-omnia.org\/jocsomnia\/files\/2008\/07\/637px-ubongo-tiles.jpg\" title=\"ubongo tiles\"><img decoding=\"async\" src=\"http:\/\/blog.xarxa-omnia.org\/jocsomnia\/files\/2008\/07\/637px-ubongo-tiles.thumbnail.jpg\" alt=\"ubongo tiles\" align=\"right\" hspace=\"10\" vspace=\"10\" \/><\/a><\/p>\n<p><font color=\"#000000\"><strong>1.<\/strong> Abans de comen\u00e7ar, decideix quan de <strong>temps<\/strong> dedicar\u00e0s a jugar i deixa&#8217;t temps lliure per la resta (amics, amigues, fam\u00edlia, escola, festes, partits&#8230;).<\/font><\/p>\n<p><font color=\"#ff9900\">______________________________________________<\/font><\/p>\n<p><font color=\"#000000\"><a href=\"http:\/\/blog.xarxa-omnia.org\/jocsomnia\/files\/2008\/07\/meccano_no7_instructions_front.jpg\" title=\"meccano instructions\"><img decoding=\"async\" src=\"http:\/\/blog.xarxa-omnia.org\/jocsomnia\/files\/2008\/07\/meccano_no7_instructions_front.thumbnail.jpg\" alt=\"meccano instructions\" align=\"left\" hspace=\"10\" vspace=\"10\" \/><\/a><\/font><\/p>\n<p><font color=\"#000000\"><strong>2.<\/strong> Els jocs s\u00f3n per divertir-se, millorar, construir, sense <strong>que ning\u00fa es senti ferit<\/strong> en cap aspecte.<\/font><\/p>\n<p><font color=\"#ff9900\">______________________________________________<\/font><\/p>\n<p><font color=\"#000000\"><strong>3.<\/strong> Tria jocs que a banda de divertir-te t&#8217;ajudin a<strong> desenvolupar la teva imaginaci\u00f3<\/strong>, les teves habilitats o t&#8217;ensenyin nous coneixements.<\/font><\/p>\n<p><font color=\"#ff9900\">_______________________________________________________________<\/font><\/p>\n<p><font color=\"#000000\"><a href=\"http:\/\/blog.xarxa-omnia.org\/jocsomnia\/files\/2008\/07\/pieter_brueghel_the_elder-children_playing-detail.jpeg\" title=\"gent jugant\"><img decoding=\"async\" src=\"http:\/\/blog.xarxa-omnia.org\/jocsomnia\/files\/2008\/07\/pieter_brueghel_the_elder-children_playing-detail.thumbnail.jpeg\" alt=\"gent jugant\" align=\"right\" hspace=\"10\" vspace=\"10\" \/><\/a><\/font><\/p>\n<p><font color=\"#000000\"><strong>4. J<\/strong><strong>uga<\/strong><strong> de manera col\u00b7lectiva<\/strong>, far\u00e0s xarxa i evitar\u00e0s l&#8217;a\u00efllament dels jocs individuals, \u00e9s una manera de con\u00e8ixer gent nova amb els mateixos gustos que tu.<\/font><\/p>\n<p><font color=\"#ff9900\">______________________________________________<\/font><\/p>\n<p><font color=\"#000000\"><strong>5.<\/strong> Cerca <strong>jocs ade<\/strong><strong>quats a la<\/strong><strong> <\/strong><strong>teva edat i prefer\u00e8ncies<\/strong> per a que sigui una experi\u00e8ncia realment divertida.<\/font><\/p>\n<p><font color=\"#ff9900\">_______________________________________________________________<\/font><\/p>\n<p><font color=\"#000000\"><strong>6.<\/strong> Si vols crear un joc nou, recorda fer-lo amb un <strong>disseny ben atractiu<\/strong> i un argument motivant per al\/a la jugador\/a.<\/font><\/p>\n<p><font color=\"#ff9900\">_______________________________________________________________<\/font><\/p>\n<p><font color=\"#000000\"><strong>7.<\/strong> \u00c9s molt im<a href=\"http:\/\/blog.xarxa-omnia.org\/jocsomnia\/files\/2008\/07\/800px-khorinis.png\" title=\"instruccions-mapa\"><img decoding=\"async\" src=\"http:\/\/blog.xarxa-omnia.org\/jocsomnia\/files\/2008\/07\/800px-khorinis.thumbnail.png\" alt=\"instruccions-mapa\" align=\"left\" hspace=\"10\" vspace=\"10\" \/><\/a>portant que els jocs tinguin un <strong>bot\u00f3 de PAUSA<\/strong>, recorda que tu controles el teu temps.  Tamb\u00e9 s\u00f3n recomanables els  jocs amb una durada determinada, et ser\u00e0 m\u00e9s f\u00e0cil complir els teus horaris.<\/font><\/p>\n<p><font color=\"#ff9900\">______________________________________________<\/font><\/p>\n<p><font color=\"#000000\"><strong>8.<\/strong> Els bons jocs disposen d<strong>&#8216;instruccions<\/strong>, ajuda o una descripci\u00f3 de com es desenvolupa el joc.<\/font><\/p>\n<p><font color=\"#ff9900\">_______________________________________________________________<\/font><\/p>\n<p><font color=\"#000000\"><a href=\"http:\/\/blog.xarxa-omnia.org\/jocsomnia\/files\/2008\/07\/eyes_lumen_design_blanc.gif\" title=\"oju!\"><img decoding=\"async\" src=\"http:\/\/blog.xarxa-omnia.org\/jocsomnia\/files\/2008\/07\/eyes_lumen_design_blanc.thumbnail.gif\" alt=\"oju!\" align=\"right\" hspace=\"10\" vspace=\"10\" \/><\/a><\/font><\/p>\n<p><font color=\"#000000\"><strong>9.<\/strong> Com m\u00e9s<strong> simple i intu\u00eftiu<\/strong> \u00e9s un joc m\u00e9s gent pot jugar-hi! No hi ha res com la simplicitat.<\/font><\/p>\n<p><font color=\"#ff9900\">______________________________________________<\/font><\/p>\n<p><font color=\"#000000\"><strong>10.<\/strong> Si t&#8217;has de registrar per jugar, tria un \u00e0lies i <strong>no revelis dades personals<\/strong>. En el cas que hagis d&#8217;instal\u00b7lar alguna part del joc al teu ordinador passa l&#8217;antivirus pels arxius en descarregar-los, protegeix-te tu i el teu ordinador.<\/font><\/p>\n<p><font color=\"#ff9900\">_______________________________________________________________<\/font><\/p>\n<h5 align=\"right\"><font color=\"#165471\">(<font color=\"#333333\">Les imatges d&#8217;aquesta p\u00e0gina s\u00f3n compartides a<\/font> <font color=\"#333333\"><a href=\"http:\/\/commons.wikimedia.org\/wiki\/Main_Page\">Wikimedia Commons<\/a><\/font>)<\/font><\/h5>\n","protected":false},"excerpt":{"rendered":"<p>_______________________________________________________________ Uns quants elements a tenir en compte a l&#8217;hora de jugar, triar o crear jocs en l\u00ednia&#8230; 1. Abans de comen\u00e7ar, decideix quan de temps dedicar\u00e0s a jugar i deixa&#8217;t temps lliure per la resta (amics, amigues, fam\u00edlia, escola, festes, partits&#8230;). ______________________________________________ 2. Els jocs s\u00f3n per divertir-se, millorar, construir, sense que ning\u00fa es [&hellip;]<\/p>\n","protected":false},"author":1,"featured_media":0,"parent":0,"menu_order":2,"comment_status":"closed","ping_status":"open","template":"","meta":{"ngg_post_thumbnail":0,"footnotes":""},"class_list":["post-2","page","type-page","status-publish","hentry"],"_links":{"self":[{"href":"https:\/\/bloc.xarxa-omnia.org\/jocsomnia\/wp-json\/wp\/v2\/pages\/2","targetHints":{"allow":["GET"]}}],"collection":[{"href":"https:\/\/bloc.xarxa-omnia.org\/jocsomnia\/wp-json\/wp\/v2\/pages"}],"about":[{"href":"https:\/\/bloc.xarxa-omnia.org\/jocsomnia\/wp-json\/wp\/v2\/types\/page"}],"author":[{"embeddable":true,"href":"https:\/\/bloc.xarxa-omnia.org\/jocsomnia\/wp-json\/wp\/v2\/users\/1"}],"replies":[{"embeddable":true,"href":"https:\/\/bloc.xarxa-omnia.org\/jocsomnia\/wp-json\/wp\/v2\/comments?post=2"}],"version-history":[{"count":0,"href":"https:\/\/bloc.xarxa-omnia.org\/jocsomnia\/wp-json\/wp\/v2\/pages\/2\/revisions"}],"wp:attachment":[{"href":"https:\/\/bloc.xarxa-omnia.org\/jocsomnia\/wp-json\/wp\/v2\/media?parent=2"}],"curies":[{"name":"wp","href":"https:\/\/api.w.org\/{rel}","templated":true}]}}