{"id":1101,"date":"2014-05-13T17:06:06","date_gmt":"2014-05-13T15:06:06","guid":{"rendered":"http:\/\/blog.xarxa-omnia.org\/jornadesterritorials\/?page_id=1101"},"modified":"2014-05-16T14:08:21","modified_gmt":"2014-05-16T12:08:21","slug":"primer-semestre-de-2014","status":"publish","type":"page","link":"https:\/\/bloc.xarxa-omnia.org\/jornadesterritorials\/primer-semestre-de-2014\/","title":{"rendered":"Primer semestre de 2014"},"content":{"rendered":"<p style=\"text-align: center;\"><iframe loading=\"lazy\" src=\"http:\/\/cdn.knightlab.com\/libs\/timeline\/latest\/embed\/index.html?source=0AvhG8Z3uZsORdHNWX19PbGY0TGtxYTNuWGtfb0g1T0E&amp;font=Bevan-PotanoSans&amp;maptype=toner&amp;lang=ca&amp;height=650\" height=\"650\" width=\"100%\" frameborder=\"0\"><\/iframe><\/p>\n<h3><img loading=\"lazy\" decoding=\"async\" class=\" wp-image-54 alignright\" style=\"margin: 10px; border: 0px none;\" alt=\"icona de programaci\u00f3\" src=\"http:\/\/blog.xarxa-omnia.org\/jornadesterritorials\/files\/2012\/05\/programacio2.png\" width=\"96\" height=\"118\" \/><\/h3>\n<p>Les trobades de dinamitzaci\u00f3 tenen lloc a diferents demarcacions. Consulta el programa i la informaci\u00f3 pr\u00e0ctica de la trobada a la qual vols assistir.<\/p>\n<p>Tenen lloc a les diferents demarcacions, tot i que l&#8217;assist\u00e8ncia o presentaci\u00f3 de comunicacions no es restringeix a l&#8217;\u00e0mbit territorial del punt. Aix\u00ed doncs, una dinamitzadora el punt de la qual es trobi a Lleida pot assistir a la trobada de Girona, i presentar una bona pr\u00e0ctica en la trobada de Barcelona nord.<\/p>\n<p>&nbsp;<\/p>\n","protected":false},"excerpt":{"rendered":"<p>Les trobades de dinamitzaci\u00f3 tenen lloc a diferents demarcacions. Consulta el programa i la informaci\u00f3 pr\u00e0ctica de la trobada a la qual vols assistir. Tenen lloc a les diferents demarcacions, tot i que l&#8217;assist\u00e8ncia o presentaci\u00f3 de comunicacions no es restringeix a l&#8217;\u00e0mbit territorial del punt. Aix\u00ed doncs, una dinamitzadora el punt de la qual <a href=\"https:\/\/bloc.xarxa-omnia.org\/jornadesterritorials\/primer-semestre-de-2014\/#more-'\" class=\"more-link\">more \u00bb<\/a><\/p>\n","protected":false},"author":1,"featured_media":0,"parent":0,"menu_order":0,"comment_status":"closed","ping_status":"closed","template":"","meta":{"footnotes":""},"class_list":["post-1101","page","type-page","status-publish","czr-hentry"],"_links":{"self":[{"href":"https:\/\/bloc.xarxa-omnia.org\/jornadesterritorials\/wp-json\/wp\/v2\/pages\/1101","targetHints":{"allow":["GET"]}}],"collection":[{"href":"https:\/\/bloc.xarxa-omnia.org\/jornadesterritorials\/wp-json\/wp\/v2\/pages"}],"about":[{"href":"https:\/\/bloc.xarxa-omnia.org\/jornadesterritorials\/wp-json\/wp\/v2\/types\/page"}],"author":[{"embeddable":true,"href":"https:\/\/bloc.xarxa-omnia.org\/jornadesterritorials\/wp-json\/wp\/v2\/users\/1"}],"replies":[{"embeddable":true,"href":"https:\/\/bloc.xarxa-omnia.org\/jornadesterritorials\/wp-json\/wp\/v2\/comments?post=1101"}],"version-history":[{"count":23,"href":"https:\/\/bloc.xarxa-omnia.org\/jornadesterritorials\/wp-json\/wp\/v2\/pages\/1101\/revisions"}],"predecessor-version":[{"id":1225,"href":"https:\/\/bloc.xarxa-omnia.org\/jornadesterritorials\/wp-json\/wp\/v2\/pages\/1101\/revisions\/1225"}],"wp:attachment":[{"href":"https:\/\/bloc.xarxa-omnia.org\/jornadesterritorials\/wp-json\/wp\/v2\/media?parent=1101"}],"curies":[{"name":"wp","href":"https:\/\/api.w.org\/{rel}","templated":true}]}}