{"id":1104,"date":"2014-05-06T12:25:00","date_gmt":"2014-05-06T10:25:00","guid":{"rendered":"http:\/\/blog.xarxa-omnia.org\/jornadesterritorials\/?page_id=1104"},"modified":"2014-09-15T15:15:37","modified_gmt":"2014-09-15T13:15:37","slug":"lleida","status":"publish","type":"page","link":"https:\/\/bloc.xarxa-omnia.org\/jornadesterritorials\/primer-semestre-de-2014\/lleida\/","title":{"rendered":"Lleida"},"content":{"rendered":"<h3 style=\"text-align: left;\">Dimecres, 18 de juny de 2014<\/h3>\n<h4 style=\"text-align: left;\">Programa<\/h4>\n<ul>\n<li>9 h Benvinguda i presentaci\u00f3<\/li>\n<li>9.30 a 10.30 h \u2013 Pon\u00e8ncia: experi\u00e8ncies sobre intervenci\u00f3 amb inf\u00e0ncia i adolesc\u00e8ncia. Precs i preguntes<\/li>\n<li>10.30 a 11 h \u2013 Esmorzar<\/li>\n<li>11 a 12.30h \u2013 Experi\u00e8ncies \u00d2mnia en relaci\u00f3 a la inf\u00e0ncia i l\u2019adolesc\u00e8ncia (dues experi\u00e8ncies)<\/li>\n<li>12.30 a 13.45 h \u2013 Din\u00e0mica participativa<\/li>\n<li>13.45 a 14 h \u2013 Presentaci\u00f3 \u00d2mnia-Linux<\/li>\n<\/ul>\n<p><a href=\"http:\/\/blog.xarxa-omnia.org\/jornadesterritorials\/inscripcio-i-comunicacions\/\"><img loading=\"lazy\" decoding=\"async\" class=\"alignright\" style=\"border: 0px none;\" title=\"Inscripci\u00f3\" alt=\"Inscriu-te!\" src=\"http:\/\/blog.xarxa-omnia.org\/jornadesterritorials\/files\/2012\/05\/inscripcio.png\" width=\"96\" height=\"117\" \/><\/a><strong><\/strong><\/p>\n<p>Ens acompanyar\u00e0 com a entitat convidada el <a href=\"http:\/\/actuasccl.coop\/work\/crae-llars-torre-vicens\/\" target=\"_blank\"><strong>CRAE Llars Torre Vicens<\/strong><\/a> (Lleida), i tamb\u00e9 gaudirem de la participaci\u00f3 com a ponents dels punts <a href=\"http:\/\/xarxa-omnia.org\/punt-omnia\/punt-mnia-casal-c-vic-lleida-av-blocs-joan-carles\" target=\"_blank\"><strong>CC Lleida &#8211; AV Blocs J. Carles<\/strong><\/a> (Lleida) i\u00a0 <a href=\"http:\/\/xarxa-omnia.org\/punt-omnia\/punt-mnia-de-lassociaci-de-ve-ns-pius-xii-germanor\" target=\"_blank\"><strong>AV Pius XII &#8211; Germanor<\/strong><\/a> (Lleida).<\/p>\n<p><strong>Lloc:<\/strong> <a title=\"V\u00e9s a la p\u00e0gina de contacte del Casal C\u00edvic de Lleida\" href=\"http:\/\/xarxa-omnia.org\/punt-omnia\/punt-mnia-casal-c-vic-lleida-av-blocs-joan-carles\">Punt \u00d2mnia Casal C\u00edvic Lleida \u2013 AV Blocs Joan Carles\u00a0<\/a><\/p>\n<p><strong>Adre\u00e7a:<\/strong> Carrer de la Merc\u00e8, 1 &#8211; 25003 Lleida<\/p>\n<p><strong>Tel\u00e8fon<\/strong>: 973267466<\/p>\n<p style=\"text-align: center;\"><iframe loading=\"lazy\" src=\"https:\/\/mapsengine.google.com\/map\/embed?mid=zIj6ryUPRJ5w.kok1h8euapz8\" height=\"480\" width=\"640\"><\/iframe><\/p>\n<h4 style=\"text-align: left;\">CRAE Llars Torre Vicen\u00e7<\/h4>\n<p>CRAE Llars Torre Vicens \u00e9s un centre d\u2019acci\u00f3 educativa de 32 places en el qual resideixen temporalment infants i adolescents de 3 a 18 anys, als quals se\u2019ls aplica la mesura d\u2019acolliment simple en instituci\u00f3, d\u2019acord amb la proposta de mesura que consti en l\u2019informe previ dels equips t\u00e8cnics competents.<\/p>\n<p>Aquest servei residencial va ser creat al desembre de 1792, en rebre la Comunitat de les Filles de la Caritat de Sant Vicens de Pa\u00fcl, l\u2019enc\u00e0rrec de recollir i atendre els infants mancats d\u2019un ambient familiar sota els principis d\u2019aquella \u00e8poca.<\/p>\n<p>Actualment, la Generalitat de Catalunya t\u00e9 la gesti\u00f3 directa de les Llars. Una part la gestiona com a instal\u00b7laci\u00f3 pr\u00f2pia i l\u2019altra la delega a Actua SCCL des de l&#8217;abril del 2007.<\/p>\n<p>Les Llars Torre Vicens s\u00f3n un recurs residencial socioeducatiu amb l\u2019enc\u00e0rrec, per part de la Generalitat, de la guarda i educaci\u00f3 dels infants que hi resideixen, mentre no poden retornar amb la seva fam\u00edlia o se\u2019ls troba una fam\u00edlia acollidora o un altre recurs que s\u2019adapti a les seves necessitats i caracter\u00edstiques, garantint l\u2019atenci\u00f3 a les seves necessitats materials, f\u00edsiques, afectives, ps\u00edquiques i socials. Contemplen l\u2019atenci\u00f3 directa les 24 hores del dia i els 365 dies de l\u2019any.<\/p>\n<p>L\u2019objectiu prioritari \u00e9s el de reproduir al m\u00e0xim les condicions, l\u2019ambient, el funcionament, el contingut i la forma del nucli familiar, per aix\u00f2 es treballa amb elements facilitadors per tal que es doni un ambient acollidor: una educaci\u00f3 multidireccional, integral e integradora.<\/p>\n<h4>La Banda de l&#8217;\u00d2mnia i Grup de Mares de l&#8217;AMPA &#8211; CC Lleida &#8211; AV Blocs Joan Carles<\/h4>\n<p>La Banda de l&#8217;\u00d2mnia \u00e9s grup compost per 12 participants de 6 a 12 anys, actualment tot nenes d&#8217;\u00e8tnia gitana, les quals venen al Punt per realitzar refor\u00e7 escolar, activitats l\u00fadiques i poder-hi accedir a les TIC, ja que fora de l&#8217;escola no compten amb cap altre espai ni recurs per poder accedir-hi.<\/p>\n<p>El grup de Mares de l&#8217;AMPA, d&#8217;altra banda, \u00e9s un grup format per mares del col\u00b7legi de Santa Maria de Gardeny (ubicat al barri), que tamb\u00e9 fa molts anys que acut al punt. Est\u00e0 format per mares que busquen assesorament tant pel que fa a interessos personals i relacionats amb els seus fills, com a tasques relacionades amb l&#8217;associaci\u00f3.<\/p>\n<p>Actualment moltes mares ho s\u00f3n de nenes que formen part del grup de la Banda de l&#8217;\u00d2mnia. Es tracata d&#8217;un espai molt enriquidor perqu\u00e8, tot i que no comparteixen espai al mateix temps, s\u00ed comparteixen un espai familiar que permet crear molts vincles.<\/p>\n<p><iframe loading=\"lazy\" src=\"\/\/www.slideshare.net\/slideshow\/embed_code\/39097741\" width=\"476\" height=\"400\" frameborder=\"0\" marginwidth=\"0\" marginheight=\"0\" scrolling=\"no\"><\/iframe><\/p>\n<h4>Treball amb el col\u00b7lectiu d&#8217;adolescents &#8211; AV Pius XII &#8211; Germanor<\/h4>\n<p>El Centre Obert Pare Palau va derivar al punt \u00d2mnia un col\u00b7lectiu de joves amb un alt grau d\u2019absentisme escolar i amb risc d\u2019exclusi\u00f3 social, ja que no disposaven de places per poder treballar amb ells. Era una necessitat urgent.<\/p>\n<p>Inicialment els joves que acudien al punt eren del col\u00b7lectiu gitano, per\u00f2 per diverses raons l\u2019activitat es va haver de modificar i dirigir-la cap a un altre col\u00b7lectiu. Actualment les participants son 8 noies, de 14 a15 anys. Les joves provenen del IES Ronda i provenen de diferents nacionalitats: africana, marroqu\u00ed, sud-americana, etc. La col\u00b7laboraci\u00f3 i la comunicaci\u00f3 amb l\u2019institut \u00e9s important\u00edssima per poder detectar les necessitats que cal cobrir. Es treballa conjuntament al territori, sent una bastida important pel creixement intel\u00b7lectual i social dels joves.<\/p>\n<p>La forma de treballar amb aquest col\u00b7lectiu d\u2019adolescents \u00e9s mitjan\u00e7ant el desenvolupament de projectes. \u00c9s a dir, en base als interessos que han manifestat i les possibilitats del punt \u00d2mnia es dissenyen tallers de diferents tem\u00e0tiques. En aquest cas el taller \u00e9s de cuina, per\u00f2 de cara al proper curs est\u00e0 previst fer altres tallers. La proposta de l\u2019activitat, surt de les pr\u00f2pies adolescents. Al mateix temps que es relacionen, treballen de forma cooperativa i sobretot, gaudeixen!<\/p>\n<p><iframe loading=\"lazy\" src=\"\/\/www.slideshare.net\/slideshow\/embed_code\/39097895\" width=\"476\" height=\"400\" frameborder=\"0\" marginwidth=\"0\" marginheight=\"0\" scrolling=\"no\"><\/iframe><\/p>\n<p>&nbsp;<\/p>\n","protected":false},"excerpt":{"rendered":"<p>Dimecres, 18 de juny de 2014 Programa 9 h Benvinguda i presentaci\u00f3 9.30 a 10.30 h \u2013 Pon\u00e8ncia: experi\u00e8ncies sobre intervenci\u00f3 amb inf\u00e0ncia i adolesc\u00e8ncia. Precs i preguntes 10.30 a 11 h \u2013 Esmorzar 11 a 12.30h \u2013 Experi\u00e8ncies \u00d2mnia en relaci\u00f3 a la inf\u00e0ncia i l\u2019adolesc\u00e8ncia (dues experi\u00e8ncies) 12.30 a 13.45 h \u2013 Din\u00e0mica <a href=\"https:\/\/bloc.xarxa-omnia.org\/jornadesterritorials\/primer-semestre-de-2014\/lleida\/#more-'\" class=\"more-link\">more \u00bb<\/a><\/p>\n","protected":false},"author":1,"featured_media":0,"parent":1101,"menu_order":0,"comment_status":"closed","ping_status":"closed","template":"","meta":{"footnotes":""},"class_list":["post-1104","page","type-page","status-publish","czr-hentry"],"_links":{"self":[{"href":"https:\/\/bloc.xarxa-omnia.org\/jornadesterritorials\/wp-json\/wp\/v2\/pages\/1104","targetHints":{"allow":["GET"]}}],"collection":[{"href":"https:\/\/bloc.xarxa-omnia.org\/jornadesterritorials\/wp-json\/wp\/v2\/pages"}],"about":[{"href":"https:\/\/bloc.xarxa-omnia.org\/jornadesterritorials\/wp-json\/wp\/v2\/types\/page"}],"author":[{"embeddable":true,"href":"https:\/\/bloc.xarxa-omnia.org\/jornadesterritorials\/wp-json\/wp\/v2\/users\/1"}],"replies":[{"embeddable":true,"href":"https:\/\/bloc.xarxa-omnia.org\/jornadesterritorials\/wp-json\/wp\/v2\/comments?post=1104"}],"version-history":[{"count":23,"href":"https:\/\/bloc.xarxa-omnia.org\/jornadesterritorials\/wp-json\/wp\/v2\/pages\/1104\/revisions"}],"predecessor-version":[{"id":1312,"href":"https:\/\/bloc.xarxa-omnia.org\/jornadesterritorials\/wp-json\/wp\/v2\/pages\/1104\/revisions\/1312"}],"up":[{"embeddable":true,"href":"https:\/\/bloc.xarxa-omnia.org\/jornadesterritorials\/wp-json\/wp\/v2\/pages\/1101"}],"wp:attachment":[{"href":"https:\/\/bloc.xarxa-omnia.org\/jornadesterritorials\/wp-json\/wp\/v2\/media?parent=1104"}],"curies":[{"name":"wp","href":"https:\/\/api.w.org\/{rel}","templated":true}]}}