{"id":1113,"date":"2014-05-13T16:52:48","date_gmt":"2014-05-13T14:52:48","guid":{"rendered":"http:\/\/blog.xarxa-omnia.org\/jornadesterritorials\/?page_id=1113"},"modified":"2014-09-05T12:31:17","modified_gmt":"2014-09-05T10:31:17","slug":"barcelona-sud-lhospitalet-de-llobregat","status":"publish","type":"page","link":"https:\/\/bloc.xarxa-omnia.org\/jornadesterritorials\/primer-semestre-de-2014\/barcelona-sud-lhospitalet-de-llobregat\/","title":{"rendered":"Barcelona Sud &#8211; L&#8217;Hospitalet de Llobregat"},"content":{"rendered":"<h3>Divendres, 6 de juny de 2014<\/h3>\n<h4>Programa<\/h4>\n<ul>\n<li>9 h Benvinguda i presentaci\u00f3<\/li>\n<li>9.30 a 10.30 h \u2013 Pon\u00e8ncia: experi\u00e8ncies sobre intervenci\u00f3 amb inf\u00e0ncia i adolesc\u00e8ncia. Precs i preguntes<\/li>\n<li>10.30 a 11 h \u2013 Esmorzar<\/li>\n<li>11 a 12.30h \u2013 Experi\u00e8ncies \u00d2mnia en relaci\u00f3 a la inf\u00e0ncia i l\u2019adolesc\u00e8ncia (dues experi\u00e8ncies)<\/li>\n<li>12.30 a 13.45 h \u2013 Din\u00e0mica participativa<\/li>\n<li>13.45 a 14 h \u2013 Presentaci\u00f3 \u00d2mnia-Linux<\/li>\n<\/ul>\n<p><strong><a href=\"http:\/\/blog.xarxa-omnia.org\/jornadesterritorials\/inscripcio-i-comunicacions\/\"><img loading=\"lazy\" decoding=\"async\" class=\"alignright\" style=\"border: 0px none;\" title=\"Inscripci\u00f3\" alt=\"Inscriu-te!\" src=\"http:\/\/blog.xarxa-omnia.org\/jornadesterritorials\/files\/2012\/05\/inscripcio.png\" width=\"96\" height=\"117\" \/><\/a><\/strong>Ens acompanyar\u00e0 com a entitat convidada el <a href=\"http:\/\/www.xixell.cat\/home\" target=\"_blank\"><strong>CE Xixell <\/strong><\/a>(L&#8217;Hospitalet de Llobregat), i tamb\u00e9 gaudirem de la participaci\u00f3 com a ponents dels punts de la <a href=\"http:\/\/xarxa-omnia.org\/punt-omnia\/punt-mnia-fundaci-marianao\" target=\"_blank\"><strong>Fundaci\u00f3<\/strong> <strong>Marianao<\/strong> <\/a>(Sant Boi de Llobregat) i el <a href=\"http:\/\/xarxa-omnia.org\/punt-omnia\/punt-mnia-club-esplai-la-florida\" target=\"_blank\"><strong>CE La Florida <\/strong><\/a>(L&#8217;Hospitalet de Llobregat).<\/p>\n<p><strong>Lloc<\/strong>: <a href=\"http:\/\/xarxa-omnia.org\/punt-omnia\/punt-mnia-hotel-dentitats-hospitalet-de-llobregat-sanfeliu-club-infantil-i-juvenil\" target=\"_blank\">Punt \u00d2mnia Hotel d&#8217;Entitats Hospitalet de Llobregat &#8211; Sanfeliu &#8211; Club Infantil i Juvenil Sanfeliu &#8211; Sant Ildefons<\/a><\/p>\n<p><strong>Adre\u00e7a<\/strong>: C\/ Emigrant, 25 baixos &#8211; 08906 l&#8217;Hospitalet de Llobregat<\/p>\n<p><strong>Tel\u00e8fon<\/strong>: 932600588<\/p>\n<p style=\"text-align: center;\"><iframe loading=\"lazy\" src=\"https:\/\/mapsengine.google.com\/map\/embed?mid=zIj6ryUPRJ5w.kr5GLUYp9kng\" height=\"480\" width=\"640\"><\/iframe><\/p>\n<h4 style=\"text-align: left;\"><\/h4>\n<h4 style=\"text-align: left;\">CE Xixell<\/h4>\n<style type=\"text\/css\"><!--\nP { margin-bottom: 0.21cm; }\n--><\/style>\n<p>El Centre d\u2019Esplai Xixell \u00e9s una associaci\u00f3 sense \u00e0nim de lucre que t\u00e9 com a finalitat l\u2019educaci\u00f3 en el temps lliure dels infants i joves.<\/p>\n<p>Est\u00e0 arrelada al barri Centre de l\u2019Hospitalet de Llobregat des de la primavera del 1980 (ja fa 34 anys) i atenen a infants i joves de 3 a 17 anys en els barris del Centre i Sant Josep. S\u00f3n l\u2019\u00fanic esplai existent en els dos barris.<\/p>\n<p>En l\u2019actualitat fan activitats amb 302 infants durant la setmana, 92 infants els dissabtes, prop dels 500 infants i joves a les activitats d\u2019hivern, les col\u00f2nies de primavera a la Setmana Santa i d\u2019estiu; atenent a m\u00e9s de 260 fam\u00edlies. Aquestes activitats que es fan possibles gr\u00e0cies a un equip de 32 persones entre voluntaris i treballadors.<\/p>\n<p style=\"text-align: center;\"><iframe loading=\"lazy\" style=\"border: 1px solid #CCC; border-width: 1px 1px 0; margin-bottom: 5px; max-width: 100%;\" src=\"\/\/www.slideshare.net\/slideshow\/embed_code\/36057940\" height=\"356\" width=\"427\" allowfullscreen=\"\" frameborder=\"0\" marginwidth=\"0\" marginheight=\"0\" scrolling=\"no\"><\/iframe><\/p>\n<div style=\"margin-bottom: 5px;\"><strong> <a title=\"CE Xixell\" href=\"https:\/\/www.slideshare.net\/omnia\/presentacio-omnia\" target=\"_blank\">CE Xixell<\/a> <\/strong> from <strong><a href=\"http:\/\/www.slideshare.net\/omnia\" target=\"_blank\">Xarxa \u00d2mnia<\/a><\/strong><\/div>\n<h4 style=\"text-align: left;\"><\/h4>\n<h4 style=\"text-align: left;\">Joves i TIC &#8211; \u00d2mnia Marianao<\/h4>\n<p>La Fundaci\u00f3 Marianao \u00e9s una entitat sense afany de lucre que, des de l&#8217;any 1985, desenvolupa projectes socioeducatius al servei de la comunitat, amb la finalitat d&#8217;estimular el desenvolupament personal i comunitari, afavorint processos orientats a la inclusi\u00f3 social especialment d&#8217;aquelles persones que pateixen situacions de vulnerabilitat social.<\/p>\n<p>Com a tal des de sempre la visi\u00f3 comunit\u00e0ria forma part de la manera de fer de l&#8217;entitat. En aquest sentit, de forma coordinada amb els diferents agents socials i educatius es treballa per detectar i proposar sol\u00b7lucions a les diferents situacions que es puguin detectar, fruit d&#8217;aquesta interrelaci\u00f3 han anat sorgint diferents projectes, un d&#8217;aquests recentment ha estat l&#8217;experi\u00e8ncia que presentem. La Unitat d&#8217;Escolaritzaci\u00f3 Compartida (UEC).<\/p>\n<p>Els participants de la UEC de Marianao s\u00f3n un grup de 12 joves de 13 a 15 anys en situaci\u00f3 d&#8217;exclusi\u00f3 del circuit del sistema educatiu per diferents motius, entre els quals hi pot haver raons de tipus penal, de salut, per situaci\u00f3 familiar, per raons disciplin\u00e0ries del propi centre o per una combinaci\u00f3 de totes elles. Provenen de diferents institiuts i la inclusi\u00f3 de cada cas en el projecte depen de diferents agents que intervenen en la fase d&#8217;an\u00e0lisi i detecci\u00f3.<\/p>\n<p>En la creaci\u00f3 d&#8217;aquest projecte i de forma ja pr\u00e8via, hi ha hagut una estreta coordinaci\u00f3 amb diferents agents i entitats: EAP, EAIA, INS i Serveis Socials entre ells. Aix\u00ed mateix dins de la pr\u00f2pia entitat els diferents projectes i programes que hi treballen han participat en diferents moments.<\/p>\n<p>Des de l&#8217;\u00d2mnia s&#8217;ha concretat l&#8217;acci\u00f3 amb diferents iniciatives vinculades a aspectes formatius i de millora del curr\u00edculum (preparaci\u00f3 ACTIC), introducci\u00f3 a la rob\u00f2tica basada en el sistema LEGO Mindstorm i altres activitats creatives com el tractament d&#8217;imatge digital i creaci\u00f3 de continguts.<\/p>\n<p style=\"text-align: center;\"><iframe loading=\"lazy\" src=\"\/\/www.slideshare.net\/slideshow\/embed_code\/36698208\" height=\"400\" width=\"476\" frameborder=\"0\" marginwidth=\"0\" marginheight=\"0\" scrolling=\"no\"><\/iframe><\/p>\n<h4 style=\"text-align: left;\"><\/h4>\n<h4 style=\"text-align: left;\">Xarxa Jove &#8211; CE La Florida<\/h4>\n<p>L\u2019Esplai La Florida neix l\u2019any 84 amb la finalitat de potenciar l\u2019educaci\u00f3 en el lleure dels infants i joves del barri de La Florida (l\u2019Hospitalet de Llobregat). Treballa per la inclusi\u00f3 de tots dels infants i joves, prestant una especial atenci\u00f3 als col\u00b7lectius m\u00e9s desfavorits i, tamb\u00e9, potenciant la interrelaci\u00f3 entre les diferents cultures que conviuen en el barri. L\u2019apropament, vinculaci\u00f3 i dinamitzaci\u00f3 del territori han estat clau a l\u2019hora d\u2019enfocar la nostra tasca.Des de l\u2019any 2005, l\u2019Esplai La Florida i l\u2019Institut Eduard Fontser\u00e8 venim desenvolupant una s\u00e8rie de projectes de col\u00b7laboraci\u00f3 comuns que van m\u00e9s enll\u00e0 del seguiment pedag\u00f2gic conjunt dels alumnes que participen a les activitats de lleure de l\u2019esplai: projectes de reducci\u00f3 del frac\u00e0s escolar a partir d\u2019aules d\u2019estudi assistit, tallers de fotografia digital amb exposicions en centres culturals de la zona, diversos projectes d\u2019APS, col\u00b7laboraci\u00f3 en casals d&#8217;estiu (l\u2019IES cedeix les seves instal\u00b7lacions a l\u2019esplai), participaci\u00f3 conjunta en projectes de dinamitzaci\u00f3 d\u2019activitats per joves al barri&#8230;<\/p>\n<p>Xarxa Jove \u00e9s un projecte d&#8217;aprenentatge servei (APS) que pret\u00e9n proporcionar a un grup de joves de batxillerat de l\u2019Institut Eduard Fontser\u00e8 (Hospitalet de Llobregat) una doble experi\u00e8ncia estretament vinculada i articulada: un aprenentatge per millorar les habilitats comunicatives i un per\u00edode de voluntariat al Punt \u00d2mnia del Club Esplai La Florida, en el que els joves impartiran una formaci\u00f3 sobre compet\u00e8ncies b\u00e0siques en TIC (Tecnologies de la Informaci\u00f3 i la Comunicaci\u00f3) a un grup d&#8217;adults. En aquesta experi\u00e8ncia es d\u00f3na un aprenentatge a dues bandes: els joves coneixen millor el seu entorn i aprofundeixen en el seu autoconeixement, i els adults aprenen q\u00fcestions relacionades amb l&#8217;\u00fas de les TIC.<\/p>\n<p style=\"text-align: center;\"><iframe loading=\"lazy\" src=\"\/\/www.slideshare.net\/slideshow\/embed_code\/36698387\" height=\"400\" width=\"476\" frameborder=\"0\" marginwidth=\"0\" marginheight=\"0\" scrolling=\"no\"><\/iframe><\/p>\n","protected":false},"excerpt":{"rendered":"<p>Divendres, 6 de juny de 2014 Programa 9 h Benvinguda i presentaci\u00f3 9.30 a 10.30 h \u2013 Pon\u00e8ncia: experi\u00e8ncies sobre intervenci\u00f3 amb inf\u00e0ncia i adolesc\u00e8ncia. Precs i preguntes 10.30 a 11 h \u2013 Esmorzar 11 a 12.30h \u2013 Experi\u00e8ncies \u00d2mnia en relaci\u00f3 a la inf\u00e0ncia i l\u2019adolesc\u00e8ncia (dues experi\u00e8ncies) 12.30 a 13.45 h \u2013 Din\u00e0mica <a href=\"https:\/\/bloc.xarxa-omnia.org\/jornadesterritorials\/primer-semestre-de-2014\/barcelona-sud-lhospitalet-de-llobregat\/#more-'\" class=\"more-link\">more \u00bb<\/a><\/p>\n","protected":false},"author":1,"featured_media":0,"parent":1101,"menu_order":0,"comment_status":"closed","ping_status":"closed","template":"","meta":{"footnotes":""},"class_list":["post-1113","page","type-page","status-publish","czr-hentry"],"_links":{"self":[{"href":"https:\/\/bloc.xarxa-omnia.org\/jornadesterritorials\/wp-json\/wp\/v2\/pages\/1113","targetHints":{"allow":["GET"]}}],"collection":[{"href":"https:\/\/bloc.xarxa-omnia.org\/jornadesterritorials\/wp-json\/wp\/v2\/pages"}],"about":[{"href":"https:\/\/bloc.xarxa-omnia.org\/jornadesterritorials\/wp-json\/wp\/v2\/types\/page"}],"author":[{"embeddable":true,"href":"https:\/\/bloc.xarxa-omnia.org\/jornadesterritorials\/wp-json\/wp\/v2\/users\/1"}],"replies":[{"embeddable":true,"href":"https:\/\/bloc.xarxa-omnia.org\/jornadesterritorials\/wp-json\/wp\/v2\/comments?post=1113"}],"version-history":[{"count":21,"href":"https:\/\/bloc.xarxa-omnia.org\/jornadesterritorials\/wp-json\/wp\/v2\/pages\/1113\/revisions"}],"predecessor-version":[{"id":1274,"href":"https:\/\/bloc.xarxa-omnia.org\/jornadesterritorials\/wp-json\/wp\/v2\/pages\/1113\/revisions\/1274"}],"up":[{"embeddable":true,"href":"https:\/\/bloc.xarxa-omnia.org\/jornadesterritorials\/wp-json\/wp\/v2\/pages\/1101"}],"wp:attachment":[{"href":"https:\/\/bloc.xarxa-omnia.org\/jornadesterritorials\/wp-json\/wp\/v2\/media?parent=1113"}],"curies":[{"name":"wp","href":"https:\/\/api.w.org\/{rel}","templated":true}]}}