{"id":1116,"date":"2014-05-06T12:45:20","date_gmt":"2014-05-06T10:45:20","guid":{"rendered":"http:\/\/blog.xarxa-omnia.org\/jornadesterritorials\/?page_id=1116"},"modified":"2014-09-16T11:33:06","modified_gmt":"2014-09-16T09:33:06","slug":"barcelona-nord-terrassa","status":"publish","type":"page","link":"https:\/\/bloc.xarxa-omnia.org\/jornadesterritorials\/primer-semestre-de-2014\/barcelona-nord-terrassa\/","title":{"rendered":"Barcelona Nord &#8211; Terrassa"},"content":{"rendered":"<h3>Dimarts, 10 de juny de 2014<\/h3>\n<h4>Programa<\/h4>\n<ul>\n<li>9 h Benvinguda i presentaci\u00f3<\/li>\n<li>9.30 a 10.30 h \u2013 Pon\u00e8ncia: experi\u00e8ncies sobre intervenci\u00f3 amb inf\u00e0ncia i adolesc\u00e8ncia. Precs i preguntes<\/li>\n<li>10.30 a 11 h \u2013 Esmorzar<\/li>\n<li>11 a 12.30h \u2013 Experi\u00e8ncies \u00d2mnia en relaci\u00f3 a la inf\u00e0ncia i l\u2019adolesc\u00e8ncia (dues experi\u00e8ncies)<\/li>\n<li>12.30 a 13.45 h \u2013 Din\u00e0mica participativa<\/li>\n<li>13.45 a 14 h \u2013 Presentaci\u00f3 \u00d2mnia-Linux<\/li>\n<\/ul>\n<p><a href=\"http:\/\/blog.xarxa-omnia.org\/jornadesterritorials\/inscripcio-i-comunicacions\/\"><img loading=\"lazy\" decoding=\"async\" class=\" wp-image-57 alignright\" style=\"margin: 5px; border: 0px none;\" title=\"Inscripci\u00f3\" alt=\"Inscriu-te!\" src=\"http:\/\/blog.xarxa-omnia.org\/jornadesterritorials\/files\/2012\/05\/inscripcio.png\" width=\"96\" height=\"117\" \/><\/a><strong><\/strong><\/p>\n<p>Ens acompanyar\u00e0 com a entitat convidada el <a href=\"http:\/\/www.clubesplaisantfeliu.com\/\" target=\"_blank\"><strong>CE Sant Feliu <\/strong><\/a>(Sant Feliu de Llobregat), i tamb\u00e9 gaudirem de la participaci\u00f3 com a ponents dels punts de l&#8217;<a href=\"http:\/\/xarxa-omnia.org\/search\/node\/capellans\" target=\"_blank\"><strong>AV Font dels Capellans <\/strong><\/a>(Manresa) i el <a href=\"http:\/\/xarxa-omnia.org\/punt-omnia\/punt-mnia-casal-c-vic-badia-del-vall-s\" target=\"_blank\"><strong>CC Badia del Vall\u00e8s <\/strong><\/a>(Badia del Vall\u00e8s).<\/p>\n<p><strong>Lloc<\/strong>: <a href=\"http:\/\/xarxa-omnia.org\/punt-omnia\/punt-mnia-casal-c-vic-terrassa-pla-de-bonaire-av-pla-de-bonaire\" target=\"_blank\">Punt \u00d2mnia Casal C\u00edvic Terrassa &#8211; Pla de Bonaire &#8211; AV Pla de Bonaire<\/a><\/p>\n<p><strong>Adre\u00e7a<\/strong>: c\/ Sabadell, s\/n &#8211; 08225 Terrassa<\/p>\n<p><strong>Tel\u00e8fon<\/strong>: 937352907<\/p>\n<p style=\"text-align: center;\"><iframe loading=\"lazy\" src=\"https:\/\/mapsengine.google.com\/map\/embed?mid=zIj6ryUPRJ5w.kuaGfRWYcLWc\" height=\"480\" width=\"640\"><\/iframe><\/p>\n<h4 style=\"text-align: left;\">Club d&#8217;Esplai Sant Feliu<\/h4>\n<p style=\"text-align: left;\">El Club d&#8217;Esplai Sant Feliu \u00e9s una associaci\u00f3 sense \u00e0nim de lucre que t\u00e9 com a objectiu fomentar l&#8217;educaci\u00f3 en el temps de lleure dels infants i joves i que opera a Sant Feliu de Llobregat. Desenvolupa activitats que estan relacionades amb l&#8217;\u00e0mbit de l&#8217;educaci\u00f3 des d&#8217;una perspectiva molt concreta, donant un valor molt important a la integraci\u00f3 social i al foment de la qualitat dels temps lliure de les persones.<\/p>\n<p style=\"text-align: left;\">Des de l&#8217;associacionisme dels joves educadors es d\u00f3na un espai de relaci\u00f3 a diferents situacions socials. Desenvolupa blocs d&#8217;activitats amb un alt component d&#8217;adaptaci\u00f3 a la realitat quotidiana que envolta l&#8217;entitat. Es pret\u00e9n fomentar un lleure m\u00e9s constructiu i positiu pels participants i les\u00a0 seves fam\u00edlies.<\/p>\n<p style=\"text-align: left;\">Es treballen aspectes tan importants com la desigualtat social, la integraci\u00f3, la toler\u00e0ncia pluricultural, el medi ambient, la viol\u00e8ncia o la discriminaci\u00f3. Aquests valors s\u00f3n presents en les activitats, compartides, treballades conjuntament i coordinades entre les fam\u00edlies, les escoles, les associacions educatives i les administracions.<\/p>\n<p style=\"text-align: left;\">L&#8217;associaci\u00f3 intenta tamb\u00e9 crear models originals que desenvolupin la personalitat integral de la persona, aix\u00ed com la futura participaci\u00f3 c\u00edvica dels infants i joves.<\/p>\n<h4 style=\"text-align: left;\">Activitats l\u00fadiques amb infants i joves &#8211; AV Font dels Capellans<\/h4>\n<p>Despr\u00e9s de quasi b\u00e9 dos anys i mig realitzant diverses activitats infantils (xerrades, v\u00eddeos, contes, tallers creatius, participaci\u00f3 al Carnestoltes, espais al punt \u00d2mnia per fer els treballs escolars&#8230;) conjuntament amb altres projectes i entitats del barri, i despr\u00e9s de detectar les necessitats del col\u00b7lectiu infantil del barri es va creure oport\u00fa dissenyar un projecte d&#8217;activitats l\u00fadiques adre\u00e7ades als infants i joves que venen al punt.<\/p>\n<p>La realitat \u00e9s que aquests infants i joves no estan inscrits ni a la Ludoteca, ni al Casal Infantil, ni a l&#8217;Aula de Refor\u00e7 (puntualment algun assisteix al Centre Obert del barri). Aquest fet, fa que siguin infants que aprofiten els espais oberts del barri per relacionar-se entre ells, que s\u00f3n la Biblioteca i el punt \u00d2mnia.<\/p>\n<p>La detecci\u00f3 de necessitats per dissenyar les accions tamb\u00e9 s&#8217;ha fet a trav\u00e9s de trobades amb els infants per comentar les activitats o aprofitant accions puntuals dels projectes de la xarxa ve\u00efnal.<\/p>\n<p>Es treballa amb els infants i joves des dels diferents espais del punt \u00d2mnia: Aula Oberta, <em>TIC x aprendre<\/em> i el taller d&#8217;inform\u00e0tica per a infants. Tamb\u00e9 a trav\u00e9s de les activitats l\u00fadiques que es realitzen cada quinze dies, un al punt i un altre a la Biblioteca Ve\u00efnal.<\/p>\n<p>El grup amb el que es treballa \u00e9s variable depenent d&#8217;aspectes familiars, escolars, socials, etc., per\u00f2 m\u00e9s o menys el nombre d&#8217;infants que participen a les activitats varia entre 12-16 i les edats estan compreses entre 6 i 14 anys.<\/p>\n<p><iframe loading=\"lazy\" src=\"\/\/www.slideshare.net\/slideshow\/embed_code\/39097176\" height=\"400\" width=\"476\" frameborder=\"0\" marginwidth=\"0\" marginheight=\"0\" scrolling=\"no\"><\/iframe><\/p>\n<h4>R\u00e0dioBadia per a joves &#8211; CC Badia del Vall\u00e8s<\/h4>\n<p><em>R\u00e0dioBadia per a jove<\/em>s \u00e9s un projecte de la Fundaci\u00f3 C\u00edvica Oreneta del Vall\u00e8s que forma part d&#8217;un altre projecte, <em>Periodistes<\/em>, que des de fa quatre anys es desenvolupa com a activitat extraescolar als instituts de la localitat. A la vegada, \u00e9s la part dedicada al col\u00b7lectiu dels joves de R\u00e0dioBadia, primera r\u00e0dio del nostre municipi.<\/p>\n<p>El projecte R\u00e0dioBadia mant\u00e9 relaci\u00f3 amb els col\u00b7legis i instituts del municipi i tamb\u00e9 amb diferents entitats, perqu\u00e8 tamb\u00e9 en formen part i ajuden a que sigui un projecte molt complet.<\/p>\n<p>Es pret\u00e9n, des d&#8217;una metodologia eminentment pr\u00e0ctica i motivadora, conscienciar als joves de la import\u00e0ncia de la informaci\u00f3, entesa com un dret i com una obligaci\u00f3, per tal de poder assolir una plena ciutadania. El projecte <em>Periodistes<\/em> intenta que els joves siguin conscients que els mitjans de comunicaci\u00f3 construeixen significats, interpreten la realitat i creen opini\u00f3.<\/p>\n<p>La idea del projecte neix de la inquietud de la fundaci\u00f3 per promocionar el gust i l\u2019inter\u00e9s per la informaci\u00f3, de la preocupaci\u00f3 per la manca d\u2019oferta de lleure per als joves, aix\u00ed com de la voluntat de poder aconseguir que els joves de Badia s\u2019impliquin m\u00e9s en el teixit associatiu.<\/p>\n<p><iframe loading=\"lazy\" src=\"\/\/www.slideshare.net\/slideshow\/embed_code\/39135894\" width=\"476\" height=\"400\" frameborder=\"0\" marginwidth=\"0\" marginheight=\"0\" scrolling=\"no\"><\/iframe><\/p>\n<p><iframe loading=\"lazy\" width=\"420\" height=\"315\" src=\"\/\/www.youtube.com\/embed\/x9WxEEzODXo\" frameborder=\"0\" allowfullscreen><\/iframe><\/p>\n","protected":false},"excerpt":{"rendered":"<p>Dimarts, 10 de juny de 2014 Programa 9 h Benvinguda i presentaci\u00f3 9.30 a 10.30 h \u2013 Pon\u00e8ncia: experi\u00e8ncies sobre intervenci\u00f3 amb inf\u00e0ncia i adolesc\u00e8ncia. Precs i preguntes 10.30 a 11 h \u2013 Esmorzar 11 a 12.30h \u2013 Experi\u00e8ncies \u00d2mnia en relaci\u00f3 a la inf\u00e0ncia i l\u2019adolesc\u00e8ncia (dues experi\u00e8ncies) 12.30 a 13.45 h \u2013 Din\u00e0mica <a href=\"https:\/\/bloc.xarxa-omnia.org\/jornadesterritorials\/primer-semestre-de-2014\/barcelona-nord-terrassa\/#more-'\" class=\"more-link\">more \u00bb<\/a><\/p>\n","protected":false},"author":1,"featured_media":0,"parent":1101,"menu_order":0,"comment_status":"closed","ping_status":"closed","template":"","meta":{"footnotes":""},"class_list":["post-1116","page","type-page","status-publish","czr-hentry"],"_links":{"self":[{"href":"https:\/\/bloc.xarxa-omnia.org\/jornadesterritorials\/wp-json\/wp\/v2\/pages\/1116","targetHints":{"allow":["GET"]}}],"collection":[{"href":"https:\/\/bloc.xarxa-omnia.org\/jornadesterritorials\/wp-json\/wp\/v2\/pages"}],"about":[{"href":"https:\/\/bloc.xarxa-omnia.org\/jornadesterritorials\/wp-json\/wp\/v2\/types\/page"}],"author":[{"embeddable":true,"href":"https:\/\/bloc.xarxa-omnia.org\/jornadesterritorials\/wp-json\/wp\/v2\/users\/1"}],"replies":[{"embeddable":true,"href":"https:\/\/bloc.xarxa-omnia.org\/jornadesterritorials\/wp-json\/wp\/v2\/comments?post=1116"}],"version-history":[{"count":32,"href":"https:\/\/bloc.xarxa-omnia.org\/jornadesterritorials\/wp-json\/wp\/v2\/pages\/1116\/revisions"}],"predecessor-version":[{"id":1316,"href":"https:\/\/bloc.xarxa-omnia.org\/jornadesterritorials\/wp-json\/wp\/v2\/pages\/1116\/revisions\/1316"}],"up":[{"embeddable":true,"href":"https:\/\/bloc.xarxa-omnia.org\/jornadesterritorials\/wp-json\/wp\/v2\/pages\/1101"}],"wp:attachment":[{"href":"https:\/\/bloc.xarxa-omnia.org\/jornadesterritorials\/wp-json\/wp\/v2\/media?parent=1116"}],"curies":[{"name":"wp","href":"https:\/\/api.w.org\/{rel}","templated":true}]}}