{"id":1119,"date":"2014-05-09T13:03:00","date_gmt":"2014-05-09T11:03:00","guid":{"rendered":"http:\/\/blog.xarxa-omnia.org\/jornadesterritorials\/?page_id=1119"},"modified":"2014-09-23T14:56:12","modified_gmt":"2014-09-23T12:56:12","slug":"girona-banyoles","status":"publish","type":"page","link":"https:\/\/bloc.xarxa-omnia.org\/jornadesterritorials\/primer-semestre-de-2014\/girona-banyoles\/","title":{"rendered":"Girona &#8211; Banyoles"},"content":{"rendered":"<h3>Divendres, 4 de juliol de 2014<\/h3>\n<h4>Programa<\/h4>\n<ul>\n<li>9 h Benvinguda i presentaci\u00f3<\/li>\n<li>9.30 a 10.30 h \u2013 Pon\u00e8ncia: experi\u00e8ncies sobre intervenci\u00f3 amb inf\u00e0ncia i adolesc\u00e8ncia. Precs i preguntes<\/li>\n<li>10.30 a 11 h \u2013 Esmorzar<\/li>\n<li>11 a 12.30h \u2013 Experi\u00e8ncies \u00d2mnia en relaci\u00f3 a la inf\u00e0ncia i l\u2019adolesc\u00e8ncia (dues experi\u00e8ncies)<\/li>\n<li>12.30 a 13.45 h \u2013 Din\u00e0mica participativa<\/li>\n<li>13.45 a 14 h \u2013 Presentaci\u00f3 \u00d2mnia-Linux<\/li>\n<\/ul>\n<p><a href=\"http:\/\/blog.xarxa-omnia.org\/jornadesterritorials\/inscripcio-i-comunicacions\/\"><img loading=\"lazy\" decoding=\"async\" class=\"alignright\" style=\"border: 0px none;\" title=\"Inscripci\u00f3\" alt=\"Inscriu-te!\" src=\"http:\/\/blog.xarxa-omnia.org\/jornadesterritorials\/files\/2012\/05\/inscripcio.png\" width=\"96\" height=\"117\" \/><\/a><strong><\/strong><\/p>\n<p>Ens acompanyar\u00e0 com a entitat convidada la <a href=\"http:\/\/www.fundaciosergi.org\/\" target=\"_blank\"><strong>Fundaci\u00f3 SER.GI <\/strong><\/a>(Girona), i tamb\u00e9 gaudirem de la participaci\u00f3 com a ponents dels punts\u00a0<a href=\"http:\/\/xarxa-omnia.org\/punt-omnia\/punt-mnia-hotel-dentitats-salt-les-bernardes\" target=\"_blank\"><strong>Hotel d&#8217;Entitats Salt-Les Bernardes<\/strong><\/a> (Salt) i <a href=\"http:\/\/xarxa-omnia.org\/punt-omnia\/punt-mnia-associaci-joves-teb\" target=\"_blank\"><strong>Associaci\u00f3 per a Joves TEB<\/strong><\/a> (Barcelona).<\/p>\n<p><strong>Lloc<\/strong>: <a href=\"http:\/\/xarxa-omnia.org\/punt-omnia\/punt-mnia-banyoles\" target=\"_blank\">Punt \u00d2mnia Banyoles<\/a><\/p>\n<p><strong>Adre\u00e7a<\/strong>: C\/ Barcelona, 54 &#8211; 17820 Banyoles<\/p>\n<p><strong>Tel\u00e8fon<\/strong>: 972580741<\/p>\n<p style=\"text-align: center;\"><iframe loading=\"lazy\" src=\"https:\/\/mapsengine.google.com\/map\/embed?mid=zIj6ryUPRJ5w.k7mLNNjuKFpw\" height=\"480\" width=\"640\"><\/iframe><\/p>\n<h4 style=\"text-align: left;\">Fundaci\u00f3 SER.GI<\/h4>\n<p>La Fundaci\u00f3 SER.GI treballa per a una societat inclusiva. Especialment pret\u00e9n millorar la qualitat de vida dels grups o minories que es troben amb dificultats en el seu desenvolupament personal, familiar o social.<\/p>\n<p>Aquesta fundaci\u00f3 considera que les causes de les situacions d\u2019exclusi\u00f3 s\u00f3n degudes a din\u00e0miques socials que cal canviar. Per aconseguir aquest objectiu prioritza la realitzaci\u00f3 de projectes socioeducatius, la sensibilitzaci\u00f3 de l\u2019opini\u00f3 p\u00fablica, la formaci\u00f3 dels professionals i l\u2019impuls i col\u00b7laboraci\u00f3 amb altres entitats i amb l\u2019administraci\u00f3 p\u00fablica.<\/p>\n<p>Les seves actuacions incideixen en l\u2019autonomia de les persones, millorant les seves compet\u00e8ncies i habilitats socials. Tamb\u00e9 treballen per reduir les discriminacions i les desigualtats socials i educatives.<\/p>\n<p><iframe loading=\"lazy\" src=\"\/\/www.slideshare.net\/slideshow\/embed_code\/39422461\" width=\"476\" height=\"400\" frameborder=\"0\" marginwidth=\"0\" marginheight=\"0\" scrolling=\"no\"><\/iframe><\/p>\n<h4>&#8220;Vincles&#8221; &#8211; Hotel d&#8217;Entitats &#8211; Salt Les Bernardes<\/h4>\n<p>L&#8217;activitat\u00a0<em>Vincles<\/em> t\u00e9 com a objectius principals aprendre la llengua catalana a trav\u00e9s de les noves tecnologies, alhora que creant un vincle entre la mare i l&#8217;infant. Les participants s\u00f3n mares de les escoles del territori m\u00e9s properes al punt \u00d2mnia.<\/p>\n<p>La idea \u00e9s que vinguin al punt a aprendre el catal\u00e0 juntament amb els seus fills que l&#8217;any vinent ja aniran a l&#8217;escola. Moltes d&#8217;aquestes mares s\u00f3n subsaharianes que no han estat mai escolaritzades i que no tenen cap tipus de formaci\u00f3 i que entenen poc la llengua.<\/p>\n<p>L&#8217;activitat \u00e9s molt enriquidora inicialment, per\u00f2 a nivell pr\u00e0ctic passa a ser un xic ca\u00f2tica perqu\u00e8 alguna mare no \u00e9s capa\u00e7 de parar atenci\u00f3 al seu fill alhora que apr\u00e9n. Despr\u00e9s d&#8217;un cert rodatge, tot est\u00e0 m\u00e9s controlat i assentat i \u00e9s m\u00e9s f\u00e0cil poder treballar amb elles.<\/p>\n<h4>&#8220;Taller de rimes&#8221; &#8211; Associaci\u00f3 per a Joves TEB<\/h4>\n<p>El <em>Taller de Rime<\/em>s \u00e9s una activitat pensada i dirigida al col\u00b7lectiu de joves del barri del Raval amb edats compreses entre els 14 i els 24 anys m\u00e9s o menys. Actualment els joves participants son majorit\u00e0riament de 17 anys. Les caracter\u00edstiques dels joves s\u00f3n for\u00e7a diverses tot i que en general viuen en una situaci\u00f3 socioecon\u00f2mica complexa. La cultura<em> hip hop<\/em> est\u00e0 molt estesa als nostres carrers i \u00e9s per aix\u00f2 que des d&#8217;una perspectiva educativa pot esdevenir una eina de dinamitzaci\u00f3 molt potent.<\/p>\n<p>L&#8217;activitat <em>Maquetes<\/em> de Ravalmedia \u00e9s on els joves graven les seves can\u00e7ons a l&#8217;estudi. Aix\u00ed doncs, el <em>Taller de Rimes<\/em> del Punt \u00d2mnia \u00e9s el pas previ. \u00c9s l&#8217;espai on es composa, on es busca la informaci\u00f3, on els joves es documenten per tal d&#8217;elaborar lletres sempre sobre tem\u00e0tiques socials del seu inter\u00e8s per despr\u00e9s passar a l&#8217;estudi a gravar-les. A m\u00e9s, aquesta activitat t\u00e9 una vinculaci\u00f3 directa amb una altra activitat del punt \u00d2mnia dirigida a joves: l&#8217;activitat de creaci\u00f3 audiovisual <em>VideoTeb<\/em>, on es produeixen els videoclips de les can\u00e7ons que elaboren.<\/p>\n<p>&nbsp;<\/p>\n<p>&nbsp;<\/p>\n","protected":false},"excerpt":{"rendered":"<p>Divendres, 4 de juliol de 2014 Programa 9 h Benvinguda i presentaci\u00f3 9.30 a 10.30 h \u2013 Pon\u00e8ncia: experi\u00e8ncies sobre intervenci\u00f3 amb inf\u00e0ncia i adolesc\u00e8ncia. Precs i preguntes 10.30 a 11 h \u2013 Esmorzar 11 a 12.30h \u2013 Experi\u00e8ncies \u00d2mnia en relaci\u00f3 a la inf\u00e0ncia i l\u2019adolesc\u00e8ncia (dues experi\u00e8ncies) 12.30 a 13.45 h \u2013 Din\u00e0mica <a href=\"https:\/\/bloc.xarxa-omnia.org\/jornadesterritorials\/primer-semestre-de-2014\/girona-banyoles\/#more-'\" class=\"more-link\">more \u00bb<\/a><\/p>\n","protected":false},"author":1,"featured_media":0,"parent":1101,"menu_order":0,"comment_status":"closed","ping_status":"closed","template":"","meta":{"footnotes":""},"class_list":["post-1119","page","type-page","status-publish","czr-hentry"],"_links":{"self":[{"href":"https:\/\/bloc.xarxa-omnia.org\/jornadesterritorials\/wp-json\/wp\/v2\/pages\/1119","targetHints":{"allow":["GET"]}}],"collection":[{"href":"https:\/\/bloc.xarxa-omnia.org\/jornadesterritorials\/wp-json\/wp\/v2\/pages"}],"about":[{"href":"https:\/\/bloc.xarxa-omnia.org\/jornadesterritorials\/wp-json\/wp\/v2\/types\/page"}],"author":[{"embeddable":true,"href":"https:\/\/bloc.xarxa-omnia.org\/jornadesterritorials\/wp-json\/wp\/v2\/users\/1"}],"replies":[{"embeddable":true,"href":"https:\/\/bloc.xarxa-omnia.org\/jornadesterritorials\/wp-json\/wp\/v2\/comments?post=1119"}],"version-history":[{"count":14,"href":"https:\/\/bloc.xarxa-omnia.org\/jornadesterritorials\/wp-json\/wp\/v2\/pages\/1119\/revisions"}],"predecessor-version":[{"id":1319,"href":"https:\/\/bloc.xarxa-omnia.org\/jornadesterritorials\/wp-json\/wp\/v2\/pages\/1119\/revisions\/1319"}],"up":[{"embeddable":true,"href":"https:\/\/bloc.xarxa-omnia.org\/jornadesterritorials\/wp-json\/wp\/v2\/pages\/1101"}],"wp:attachment":[{"href":"https:\/\/bloc.xarxa-omnia.org\/jornadesterritorials\/wp-json\/wp\/v2\/media?parent=1119"}],"curies":[{"name":"wp","href":"https:\/\/api.w.org\/{rel}","templated":true}]}}