{"id":1121,"date":"2014-05-09T13:13:19","date_gmt":"2014-05-09T11:13:19","guid":{"rendered":"http:\/\/blog.xarxa-omnia.org\/jornadesterritorials\/?page_id=1121"},"modified":"2014-09-16T10:52:08","modified_gmt":"2014-09-16T08:52:08","slug":"tarragona-i-terres-de-lebre-el-vendrell","status":"publish","type":"page","link":"https:\/\/bloc.xarxa-omnia.org\/jornadesterritorials\/primer-semestre-de-2014\/tarragona-i-terres-de-lebre-el-vendrell\/","title":{"rendered":"Tarragona i Terres de l&#8217;Ebre &#8211; El Vendrell"},"content":{"rendered":"<h3>Divendres, 13 de juny de 2014<\/h3>\n<h4>Programa<\/h4>\n<ul>\n<li>9 h Benvinguda i presentaci\u00f3<\/li>\n<li>9.30 a 10.30 h \u2013 Pon\u00e8ncia: experi\u00e8ncies sobre intervenci\u00f3 amb inf\u00e0ncia i adolesc\u00e8ncia. Precs i preguntes<\/li>\n<li>10.30 a 11 h \u2013 Esmorzar<\/li>\n<li>11 a 12.30h \u2013 Experi\u00e8ncies \u00d2mnia en relaci\u00f3 a la inf\u00e0ncia i l\u2019adolesc\u00e8ncia (dues experi\u00e8ncies)<\/li>\n<li>12.30 a 13.45 h \u2013 Din\u00e0mica participativa<\/li>\n<li>13.45 a 14 h \u2013 Presentaci\u00f3 \u00d2mnia-Linux<\/li>\n<\/ul>\n<p><a href=\"http:\/\/blog.xarxa-omnia.org\/jornadesterritorials\/inscripcio-i-comunicacions\/\"><img loading=\"lazy\" decoding=\"async\" class=\"alignright\" style=\"border: 0px none;\" title=\"Inscripci\u00f3\" alt=\"Inscriu-te!\" src=\"http:\/\/blog.xarxa-omnia.org\/jornadesterritorials\/files\/2012\/05\/inscripcio.png\" width=\"96\" height=\"117\" \/><\/a><strong><\/strong><\/p>\n<p>Ens acompanyar\u00e0 com a entitat convidada l&#8217;<a href=\"http:\/\/blocs.xarxanet.org\/associaciotrevol\/\" target=\"_blank\"><strong>Associaci\u00f3 Tr\u00e8vol<\/strong><\/a> (El Vendrell), i tamb\u00e9 gaudirem de la participaci\u00f3 com a ponents dels punts <a href=\"http:\/\/xarxa-omnia.org\/punt-omnia\/punt-mnia-casal-de-gent-gran-de-tortosa\" target=\"_blank\"><strong>Casal de la Gent Gran de Tortosa<\/strong><\/a> (Tortosa) i l&#8217;<a href=\"http:\/\/xarxa-omnia.org\/punt-omnia\/punt-mnia-av-centcelles\" target=\"_blank\"><strong>AV Centcelles<\/strong><\/a> (Constant\u00ed).<\/p>\n<p><strong>Lloc<\/strong>: <a href=\"http:\/\/xarxa-omnia.org\/punt-omnia\/punt-mnia-centre-c-vic-lestaci\" target=\"_blank\">Punt \u00d2mnia Centre C\u00edvic l&#8217;Estaci\u00f3<\/a><\/p>\n<p><strong>Adre\u00e7a<\/strong>: Passeig la Rambla, 1 &#8211; 43700 El Vendrell<\/p>\n<p><strong>Tel\u00e8fon<\/strong>: 977663289<\/p>\n<p style=\"text-align: center;\">\u00a0<iframe loading=\"lazy\" src=\"https:\/\/mapsengine.google.com\/map\/embed?mid=zIj6ryUPRJ5w.kGFpww868uAg\" height=\"480\" width=\"640\"><\/iframe><\/p>\n<h4 style=\"text-align: left;\">Associaci\u00f3 Tr\u00e8vol<\/h4>\n<p><em>Tr\u00e8vol<\/em> \u00e9s una entitat constitu\u00efda l\u2019any 1999 com a associaci\u00f3 sense finalitat de lucre. Des de llavors es dedica a l\u2019educaci\u00f3 en el lleure, a l\u2019acci\u00f3 social i a promoure el desenvolupament del treball en xarxa entre els diferents agents educatius i socials, amb voluntat transformadora i d\u2019inclusi\u00f3 social.<\/p>\n<p>Tr\u00e8vol organitza i gestiona activitats adre\u00e7ades a diferents persones i col\u00b7lectius:<\/p>\n<ul>\n<li>Activitats de lleure educatiu, menjadors escolars, activitats de vacances, projectes educatius en col\u00b7laboraci\u00f3 amb escoles, AMPA i ajuntaments, adre\u00e7ades a infants, joves i fam\u00edlies.<\/li>\n<li>Activitats d\u2019animaci\u00f3 estimulativa, adre\u00e7ades a gent gran.<\/li>\n<li>Activitats i accions per a un lleure ric i integrador amb persones amb discapacitat.<\/li>\n<li>Activitats socioeducatives, adre\u00e7ades a infants i joves en situaci\u00f3 de risc social.<\/li>\n<li>Accions formatives dins del programes de Formaci\u00f3 i Treball, adre\u00e7ades a joves i a persones en situaci\u00f3 d\u2019atur.<\/li>\n<li>Accions de caire educatiu, cultural i social, adre\u00e7ades a promoure el treball en xarxa entre les associacions del territori.<\/li>\n<\/ul>\n<p>L&#8217;entitat desenvolupa accions de formaci\u00f3 que complementen els eixos anteriors i col\u00b7labora amb les escoles, les AMPA, les administracions p\u00fabliques, les fundacions i entitats del territori de refer\u00e8ncia.<\/p>\n<h4>\u00a0&#8220;Art Total&#8221;\u00a0 &#8211; Casal de Gent Gran de Tortosa<\/h4>\n<p><em>Art Total<\/em> \u00e9s un projecte de dinamitzaci\u00f3 juvenil i art\u00edstic adre\u00e7at a joves entre 16 i 30 anys. Durant els mesos d\u2019octubre, novembre i desembre de 2013 es van realitzar diferents tipus d\u2019activitats relacionades amb l\u2019art i amb el coneixement de la Tortosa: tallers de diferents disciplines art\u00edstiques, edici\u00f3 digital de documents audiovisuals, visites a diferents espais i equipaments culturals, participaci\u00f3 en activitats culturals i recreatives de la ciutat.<\/p>\n<p>L&#8217;objectiu principal ha estat fomentar la participaci\u00f3, l\u2019acc\u00e9s a la cultura i la conviv\u00e8ncia entre els joves del municipi de Tortosa a trav\u00e9s de l\u2019educaci\u00f3 no formal i activitats de lleure, per\u00f2 sense oblidar aspectes com prevenir conductes de xenof\u00f2bia i racisme en els joves o facilitar la inserci\u00f3 social i laboral dels joves nouvinguts i aut\u00f2ctons.<\/p>\n<p>L&#8217;activitat s&#8217;ha dut a terme junt amb el Punt Jove Tortosa (Ajuntament de Tortosa) i han participat una veintena de joves.<\/p>\n<p><iframe loading=\"lazy\" src=\"\/\/www.slideshare.net\/slideshow\/embed_code\/39136223\" width=\"476\" height=\"400\" frameborder=\"0\" marginwidth=\"0\" marginheight=\"0\" scrolling=\"no\"><\/iframe><\/p>\n<h4>Treballant amb el Centre Obert &#8211; AV Centcelles<\/h4>\n<p>Algunes de les problem\u00e0tiques amb les quals conviuen els infants del barri de Centcelles a Constant\u00ed s\u00f3n: dificultats en les relacions familiars, precarietat econ\u00f2mica i atur, maltractaments, desnonaments, manca de serveis als habitatges, amuntegament, delinq\u00fc\u00e8ncia, toxicomanies, dissociabilitat juvenil, frac\u00e0s escolar i absentisme.<\/p>\n<p>El Centre Obert de Constant\u00ed at\u00e9n a infants d&#8217;entre els 3 i els 16 anys i prioritza els que presenten defici\u00e8ncies socioeducatives que es troben en situaci\u00f3 de risc social (o vulnerabilitat).<\/p>\n<p>L&#8217;objectiu del Centre Obert a l&#8217;\u00d2mnia \u00e9s potenciar un altre espai socioeducatiu que permeti prevenir i identificar situacions de risc d\u2019exclusi\u00f3 social, tractant de minimitzar la seva pres\u00e8ncia i potenciar els aspectes positius de la vida de l\u2019infant. L&#8217;\u00d2mnia \u00e9s un espai on acudeixen els infants del Centre Obert a fer activitats mitjan\u00e7ant l\u2019\u00fas de les TIC, amb una programaci\u00f3 realitzada conjuntament entre el Centre Obert i el punt \u00d2mnia.<\/p>\n<p>Es realitzen diverses activitats: recull de fitxes, p\u00e0gines de webs educatives, jocs educatius, jocs en estona lliure, activitats al barri (Fira de Jocs de St. Joan, Castanyada, Nadal, Carnestoltes, St. Jordi, etc.) i m\u00e9s.<\/p>\n<p><iframe loading=\"lazy\" src=\"\/\/www.slideshare.net\/slideshow\/embed_code\/39097563\" width=\"476\" height=\"400\" frameborder=\"0\" marginwidth=\"0\" marginheight=\"0\" scrolling=\"no\"><\/iframe><\/p>\n<p>&nbsp;<\/p>\n","protected":false},"excerpt":{"rendered":"<p>Divendres, 13 de juny de 2014 Programa 9 h Benvinguda i presentaci\u00f3 9.30 a 10.30 h \u2013 Pon\u00e8ncia: experi\u00e8ncies sobre intervenci\u00f3 amb inf\u00e0ncia i adolesc\u00e8ncia. Precs i preguntes 10.30 a 11 h \u2013 Esmorzar 11 a 12.30h \u2013 Experi\u00e8ncies \u00d2mnia en relaci\u00f3 a la inf\u00e0ncia i l\u2019adolesc\u00e8ncia (dues experi\u00e8ncies) 12.30 a 13.45 h \u2013 Din\u00e0mica <a href=\"https:\/\/bloc.xarxa-omnia.org\/jornadesterritorials\/primer-semestre-de-2014\/tarragona-i-terres-de-lebre-el-vendrell\/#more-'\" class=\"more-link\">more \u00bb<\/a><\/p>\n","protected":false},"author":1,"featured_media":0,"parent":1101,"menu_order":0,"comment_status":"closed","ping_status":"closed","template":"","meta":{"footnotes":""},"class_list":["post-1121","page","type-page","status-publish","czr-hentry"],"_links":{"self":[{"href":"https:\/\/bloc.xarxa-omnia.org\/jornadesterritorials\/wp-json\/wp\/v2\/pages\/1121","targetHints":{"allow":["GET"]}}],"collection":[{"href":"https:\/\/bloc.xarxa-omnia.org\/jornadesterritorials\/wp-json\/wp\/v2\/pages"}],"about":[{"href":"https:\/\/bloc.xarxa-omnia.org\/jornadesterritorials\/wp-json\/wp\/v2\/types\/page"}],"author":[{"embeddable":true,"href":"https:\/\/bloc.xarxa-omnia.org\/jornadesterritorials\/wp-json\/wp\/v2\/users\/1"}],"replies":[{"embeddable":true,"href":"https:\/\/bloc.xarxa-omnia.org\/jornadesterritorials\/wp-json\/wp\/v2\/comments?post=1121"}],"version-history":[{"count":18,"href":"https:\/\/bloc.xarxa-omnia.org\/jornadesterritorials\/wp-json\/wp\/v2\/pages\/1121\/revisions"}],"predecessor-version":[{"id":1315,"href":"https:\/\/bloc.xarxa-omnia.org\/jornadesterritorials\/wp-json\/wp\/v2\/pages\/1121\/revisions\/1315"}],"up":[{"embeddable":true,"href":"https:\/\/bloc.xarxa-omnia.org\/jornadesterritorials\/wp-json\/wp\/v2\/pages\/1101"}],"wp:attachment":[{"href":"https:\/\/bloc.xarxa-omnia.org\/jornadesterritorials\/wp-json\/wp\/v2\/media?parent=1121"}],"curies":[{"name":"wp","href":"https:\/\/api.w.org\/{rel}","templated":true}]}}