{"id":17,"date":"2012-05-22T14:17:14","date_gmt":"2012-05-22T12:17:14","guid":{"rendered":"http:\/\/blog.xarxa-omnia.org\/jornadesterritorials2012\/?page_id=17"},"modified":"2012-06-20T19:12:31","modified_gmt":"2012-06-20T17:12:31","slug":"barcelona-nord","status":"publish","type":"page","link":"https:\/\/bloc.xarxa-omnia.org\/jornadesterritorials\/primer-semestre\/barcelona-nord\/","title":{"rendered":"Terrassa (Barcelona nord)"},"content":{"rendered":"<h2>Dimarts, 19 de juny de 2012<\/h2>\n<h4>Programa<\/h4>\n<ul>\n<li> 9.30 h Acollida.<\/li>\n<li>10 h Presentaci\u00f3 de la jornada i <strong>benvinguda<\/strong> als participants.<\/li>\n<li>10.15 h Coneixem la <strong>maleta d&#8217;eines i recursos per a la inserci\u00f3 social<\/strong>. A c\u00e0rrec de Jenny Cir\u00e9 i Carles Sanjuan.<\/li>\n<li>11.30 h Descans.<\/li>\n<li>12 h <strong>Presentacions d&#8217;experi\u00e8ncies, recursos i eines<\/strong>, a c\u00e0rrec de:<\/li>\n<ul>\n<li>David Pic\u00f3 (Punt \u00d2mnia Grupo Uni\u00f3n La Mina): <em>Ubuntu a l&#8217;\u00d2mnia<\/em><\/li>\n<li>\nManel Torrej\u00f3n (Punt \u00d2mnia Espronceda): <em>PAJJ al districte 6\u00e8 de Sabadell<\/em><\/li>\n<\/ul>\n<li>13 h Espai de <strong>trobada creativa<\/strong>. A c\u00e0rrec dels membres de la comunitat \u00d2mnia.<\/li>\n<li>14 h Cloenda.<\/li>\n<\/ul>\n<p><strong>Lloc:<\/strong> <a href=\"http:\/\/xarxa-omnia.org\/node\/387\">Punt \u00d2mnia Casal C\u00edvic Terrassa &#8211; Pla de Bonaire &#8211; AV Pla de Bonaire<\/a><br \/>\n<strong>Adre\u00e7a:<\/strong> c\/ Sabadell, s\/n (08225 Terrassa)<br \/>\n<br \/>\n<iframe loading=\"lazy\" width=\"425\" height=\"350\" frameborder=\"0\" scrolling=\"no\" marginheight=\"0\" marginwidth=\"0\" src=\"http:\/\/maps.google.com\/maps\/ms?msa=0&amp;msid=215480288691928778528.0004c0a477a4ee8fd8411&amp;hl=ca&amp;ie=UTF8&amp;t=m&amp;source=embed&amp;ll=41.366012,2.087735&amp;spn=0.002818,0.00456&amp;iwloc=0004c0afa83168cc5002e&amp;output=embed\"><\/iframe><br \/><small>Mostra <a href=\"http:\/\/maps.google.com\/maps\/ms?msa=0&amp;msid=215480288691928778528.0004c0a477a4ee8fd8411&amp;hl=ca&amp;ie=UTF8&amp;t=m&amp;source=embed&amp;ll=41.366012,2.087735&amp;spn=0.002818,0.00456&amp;iwloc=0004c0afa83168cc5002e\" style=\"color:#0000FF;text-align:left\">Jornades territorials 2012<\/a> en un mapa m\u00e9s gran<\/small><\/p>\n","protected":false},"excerpt":{"rendered":"<p>Dimarts, 19 de juny de 2012 Programa 9.30 h Acollida. 10 h Presentaci\u00f3 de la jornada i benvinguda als participants. 10.15 h Coneixem la maleta d&#8217;eines i recursos per a la inserci\u00f3 social. A c\u00e0rrec de Jenny Cir\u00e9 i Carles Sanjuan. 11.30 h Descans. 12 h Presentacions d&#8217;experi\u00e8ncies, recursos i eines, a c\u00e0rrec de: David <a href=\"https:\/\/bloc.xarxa-omnia.org\/jornadesterritorials\/primer-semestre\/barcelona-nord\/#more-'\" class=\"more-link\">more \u00bb<\/a><\/p>\n","protected":false},"author":61,"featured_media":0,"parent":4,"menu_order":5,"comment_status":"closed","ping_status":"open","template":"","meta":{"footnotes":""},"class_list":["post-17","page","type-page","status-publish","czr-hentry"],"_links":{"self":[{"href":"https:\/\/bloc.xarxa-omnia.org\/jornadesterritorials\/wp-json\/wp\/v2\/pages\/17","targetHints":{"allow":["GET"]}}],"collection":[{"href":"https:\/\/bloc.xarxa-omnia.org\/jornadesterritorials\/wp-json\/wp\/v2\/pages"}],"about":[{"href":"https:\/\/bloc.xarxa-omnia.org\/jornadesterritorials\/wp-json\/wp\/v2\/types\/page"}],"author":[{"embeddable":true,"href":"https:\/\/bloc.xarxa-omnia.org\/jornadesterritorials\/wp-json\/wp\/v2\/users\/61"}],"replies":[{"embeddable":true,"href":"https:\/\/bloc.xarxa-omnia.org\/jornadesterritorials\/wp-json\/wp\/v2\/comments?post=17"}],"version-history":[{"count":17,"href":"https:\/\/bloc.xarxa-omnia.org\/jornadesterritorials\/wp-json\/wp\/v2\/pages\/17\/revisions"}],"predecessor-version":[{"id":301,"href":"https:\/\/bloc.xarxa-omnia.org\/jornadesterritorials\/wp-json\/wp\/v2\/pages\/17\/revisions\/301"}],"up":[{"embeddable":true,"href":"https:\/\/bloc.xarxa-omnia.org\/jornadesterritorials\/wp-json\/wp\/v2\/pages\/4"}],"wp:attachment":[{"href":"https:\/\/bloc.xarxa-omnia.org\/jornadesterritorials\/wp-json\/wp\/v2\/media?parent=17"}],"curies":[{"name":"wp","href":"https:\/\/api.w.org\/{rel}","templated":true}]}}