{"id":22,"date":"2012-05-22T14:18:20","date_gmt":"2012-05-22T12:18:20","guid":{"rendered":"http:\/\/blog.xarxa-omnia.org\/jornadesterritorials2012\/?page_id=22"},"modified":"2012-06-14T11:27:51","modified_gmt":"2012-06-14T09:27:51","slug":"girona","status":"publish","type":"page","link":"https:\/\/bloc.xarxa-omnia.org\/jornadesterritorials\/primer-semestre\/girona\/","title":{"rendered":"Ripoll (Girona)"},"content":{"rendered":"<h2>Divendres, 15 de juny de 2012<\/h2>\n<h4>Programa<\/h4>\n<ul>\n<li> 9.30 h Acollida.<\/li>\n<li>10 h Presentaci\u00f3 de la jornada i <strong>benvinguda<\/strong> als participants.<\/li>\n<li>10.15 h Coneixem la <strong>maleta d&#8217;eines i recursos per a la inserci\u00f3 social<\/strong>. A c\u00e0rrec de Marisa Grau i Kekka Errico.<\/li>\n<li>11.30 h Descans.<\/li>\n<li>12 h <strong>Presentacions d&#8217;experi\u00e8ncies, recursos i eines<\/strong>, a c\u00e0rrec de:<\/li>\n<ul>\n<li>\n<strong>Vanessa Mart\u00ednez<\/strong> (Punt \u00d2mnia Ripoll60): <em>La meva experi\u00e8ncia (relaci\u00f3 i estrat\u00e8gies amb els i les participants)<\/em>\n<\/li>\n<li><strong>N\u00faria Sabe\u00f1a<\/strong> (Punt \u00d2mnia Can Gen\u00eds \u2013 Palafrugell): <em>Joves i edici\u00f3 digital de v\u00eddeo<\/em><\/li>\n<\/ul>\n<li>13 h Espai de <strong>trobada creativa<\/strong>. A c\u00e0rrec dels membres de la comunitat \u00d2mnia.<\/li>\n<li>14 h Cloenda.<\/li>\n<\/ul>\n<p><strong>Lloc:<\/strong> <a href=\"http:\/\/xarxa-omnia.org\/node\/6923\">Punt \u00d2mnia Casal C\u00edvic Ripoll \u2013 La Devesa del Pla<\/a><br \/>\n<strong>Adre\u00e7a:<\/strong> carrer Concepci\u00f3 Ducloux, s\/n (17500 Ripoll)<br \/>\n<br \/>\n<iframe loading=\"lazy\" width=\"425\" height=\"350\" frameborder=\"0\" scrolling=\"no\" marginheight=\"0\" marginwidth=\"0\" src=\"http:\/\/maps.google.com\/maps\/ms?msa=0&amp;msid=215480288691928778528.0004c0a477a4ee8fd8411&amp;hl=ca&amp;ie=UTF8&amp;t=m&amp;ll=42.192559,2.193178&amp;spn=0.002782,0.00456&amp;z=17&amp;output=embed\"><\/iframe><br \/><small>Mostra <a href=\"http:\/\/maps.google.com\/maps\/ms?msa=0&amp;msid=215480288691928778528.0004c0a477a4ee8fd8411&amp;hl=ca&amp;ie=UTF8&amp;t=m&amp;ll=42.192559,2.193178&amp;spn=0.002782,0.00456&amp;z=17&amp;source=embed\" style=\"color:#0000FF;text-align:left\">Jornades territorials 2012<\/a> en un mapa m\u00e9s gran<\/small><\/p>\n","protected":false},"excerpt":{"rendered":"<p>Divendres, 15 de juny de 2012 Programa 9.30 h Acollida. 10 h Presentaci\u00f3 de la jornada i benvinguda als participants. 10.15 h Coneixem la maleta d&#8217;eines i recursos per a la inserci\u00f3 social. A c\u00e0rrec de Marisa Grau i Kekka Errico. 11.30 h Descans. 12 h Presentacions d&#8217;experi\u00e8ncies, recursos i eines, a c\u00e0rrec de: Vanessa <a href=\"https:\/\/bloc.xarxa-omnia.org\/jornadesterritorials\/primer-semestre\/girona\/#more-'\" class=\"more-link\">more \u00bb<\/a><\/p>\n","protected":false},"author":61,"featured_media":0,"parent":4,"menu_order":4,"comment_status":"closed","ping_status":"open","template":"","meta":{"footnotes":""},"class_list":["post-22","page","type-page","status-publish","czr-hentry"],"_links":{"self":[{"href":"https:\/\/bloc.xarxa-omnia.org\/jornadesterritorials\/wp-json\/wp\/v2\/pages\/22","targetHints":{"allow":["GET"]}}],"collection":[{"href":"https:\/\/bloc.xarxa-omnia.org\/jornadesterritorials\/wp-json\/wp\/v2\/pages"}],"about":[{"href":"https:\/\/bloc.xarxa-omnia.org\/jornadesterritorials\/wp-json\/wp\/v2\/types\/page"}],"author":[{"embeddable":true,"href":"https:\/\/bloc.xarxa-omnia.org\/jornadesterritorials\/wp-json\/wp\/v2\/users\/61"}],"replies":[{"embeddable":true,"href":"https:\/\/bloc.xarxa-omnia.org\/jornadesterritorials\/wp-json\/wp\/v2\/comments?post=22"}],"version-history":[{"count":19,"href":"https:\/\/bloc.xarxa-omnia.org\/jornadesterritorials\/wp-json\/wp\/v2\/pages\/22\/revisions"}],"predecessor-version":[{"id":249,"href":"https:\/\/bloc.xarxa-omnia.org\/jornadesterritorials\/wp-json\/wp\/v2\/pages\/22\/revisions\/249"}],"up":[{"embeddable":true,"href":"https:\/\/bloc.xarxa-omnia.org\/jornadesterritorials\/wp-json\/wp\/v2\/pages\/4"}],"wp:attachment":[{"href":"https:\/\/bloc.xarxa-omnia.org\/jornadesterritorials\/wp-json\/wp\/v2\/media?parent=22"}],"curies":[{"name":"wp","href":"https:\/\/api.w.org\/{rel}","templated":true}]}}