{"id":30,"date":"2012-05-22T14:21:49","date_gmt":"2012-05-22T12:21:49","guid":{"rendered":"http:\/\/blog.xarxa-omnia.org\/jornadesterritorials2012\/?page_id=30"},"modified":"2014-06-23T11:38:04","modified_gmt":"2014-06-23T09:38:04","slug":"inscripcio-i-comunicacions","status":"publish","type":"page","link":"https:\/\/bloc.xarxa-omnia.org\/jornadesterritorials\/inscripcio-i-comunicacions\/","title":{"rendered":"Inscripcions"},"content":{"rendered":"<p>El per\u00edode d&#8217;inscripci\u00f3 per a la primera edici\u00f3 de les jornades de 2014 ser\u00e0 del <strong>15 de maig <\/strong> a l&#8217;<strong>1 de juny<\/strong>.<iframe loading=\"lazy\" src=\"https:\/\/docs.google.com\/spreadsheet\/embeddedform?formkey=dHlGVmFxMEZxRV9BUEUtTWZ2WEg2akE6MA\" height=\"1548\" width=\"760\" frameborder=\"0\" marginwidth=\"0\" marginheight=\"0\"><\/iframe><\/p>\n","protected":false},"excerpt":{"rendered":"<p>El per\u00edode d&#8217;inscripci\u00f3 per a la primera edici\u00f3 de les jornades de 2014 ser\u00e0 del 15 de maig a l&#8217;1 de juny.<\/p>\n","protected":false},"author":1,"featured_media":0,"parent":0,"menu_order":5,"comment_status":"closed","ping_status":"closed","template":"","meta":{"footnotes":""},"class_list":["post-30","page","type-page","status-publish","czr-hentry"],"_links":{"self":[{"href":"https:\/\/bloc.xarxa-omnia.org\/jornadesterritorials\/wp-json\/wp\/v2\/pages\/30","targetHints":{"allow":["GET"]}}],"collection":[{"href":"https:\/\/bloc.xarxa-omnia.org\/jornadesterritorials\/wp-json\/wp\/v2\/pages"}],"about":[{"href":"https:\/\/bloc.xarxa-omnia.org\/jornadesterritorials\/wp-json\/wp\/v2\/types\/page"}],"author":[{"embeddable":true,"href":"https:\/\/bloc.xarxa-omnia.org\/jornadesterritorials\/wp-json\/wp\/v2\/users\/1"}],"replies":[{"embeddable":true,"href":"https:\/\/bloc.xarxa-omnia.org\/jornadesterritorials\/wp-json\/wp\/v2\/comments?post=30"}],"version-history":[{"count":35,"href":"https:\/\/bloc.xarxa-omnia.org\/jornadesterritorials\/wp-json\/wp\/v2\/pages\/30\/revisions"}],"predecessor-version":[{"id":1192,"href":"https:\/\/bloc.xarxa-omnia.org\/jornadesterritorials\/wp-json\/wp\/v2\/pages\/30\/revisions\/1192"}],"wp:attachment":[{"href":"https:\/\/bloc.xarxa-omnia.org\/jornadesterritorials\/wp-json\/wp\/v2\/media?parent=30"}],"curies":[{"name":"wp","href":"https:\/\/api.w.org\/{rel}","templated":true}]}}