{"id":309,"date":"2012-06-22T15:06:12","date_gmt":"2012-06-22T13:06:12","guid":{"rendered":"http:\/\/blog.xarxa-omnia.org\/jornadesterritorials2012\/?page_id=309"},"modified":"2014-07-07T12:58:26","modified_gmt":"2014-07-07T10:58:26","slug":"avaluacions","status":"publish","type":"page","link":"https:\/\/bloc.xarxa-omnia.org\/jornadesterritorials\/avaluacions\/","title":{"rendered":"Avaluacions"},"content":{"rendered":"<p>Tant si has assistit com si no a alguna de les trobades, t&#8217;agrairem que emplenis aquest q\u00fcestionari d&#8217;avaluaci\u00f3:<\/p>\n<p><iframe loading=\"lazy\" src=\"https:\/\/docs.google.com\/spreadsheet\/embeddedform?formkey=dDlITDY5V2cycUwwTXhrU2lzaTV2Ymc6MA\" width=\"760\" height=\"3258\" frameborder=\"0\" marginheight=\"0\" marginwidth=\"0\">S&#8217;est\u00e0 carregant&#8230;<\/iframe><\/p>\n","protected":false},"excerpt":{"rendered":"<p>Tant si has assistit com si no a alguna de les trobades, t&#8217;agrairem que emplenis aquest q\u00fcestionari d&#8217;avaluaci\u00f3: S&#8217;est\u00e0 carregant&#8230;<\/p>\n","protected":false},"author":1,"featured_media":0,"parent":0,"menu_order":6,"comment_status":"closed","ping_status":"closed","template":"","meta":{"footnotes":""},"class_list":["post-309","page","type-page","status-publish","czr-hentry"],"_links":{"self":[{"href":"https:\/\/bloc.xarxa-omnia.org\/jornadesterritorials\/wp-json\/wp\/v2\/pages\/309","targetHints":{"allow":["GET"]}}],"collection":[{"href":"https:\/\/bloc.xarxa-omnia.org\/jornadesterritorials\/wp-json\/wp\/v2\/pages"}],"about":[{"href":"https:\/\/bloc.xarxa-omnia.org\/jornadesterritorials\/wp-json\/wp\/v2\/types\/page"}],"author":[{"embeddable":true,"href":"https:\/\/bloc.xarxa-omnia.org\/jornadesterritorials\/wp-json\/wp\/v2\/users\/1"}],"replies":[{"embeddable":true,"href":"https:\/\/bloc.xarxa-omnia.org\/jornadesterritorials\/wp-json\/wp\/v2\/comments?post=309"}],"version-history":[{"count":16,"href":"https:\/\/bloc.xarxa-omnia.org\/jornadesterritorials\/wp-json\/wp\/v2\/pages\/309\/revisions"}],"predecessor-version":[{"id":1240,"href":"https:\/\/bloc.xarxa-omnia.org\/jornadesterritorials\/wp-json\/wp\/v2\/pages\/309\/revisions\/1240"}],"wp:attachment":[{"href":"https:\/\/bloc.xarxa-omnia.org\/jornadesterritorials\/wp-json\/wp\/v2\/media?parent=309"}],"curies":[{"name":"wp","href":"https:\/\/api.w.org\/{rel}","templated":true}]}}