{"id":366,"date":"2012-09-10T12:32:18","date_gmt":"2012-09-10T10:32:18","guid":{"rendered":"http:\/\/blog.xarxa-omnia.org\/jornadesterritorials2012\/?page_id=366"},"modified":"2012-10-30T20:58:16","modified_gmt":"2012-10-30T18:58:16","slug":"cervera","status":"publish","type":"page","link":"https:\/\/bloc.xarxa-omnia.org\/jornadesterritorials\/segon-semestre\/cervera\/","title":{"rendered":"Cervera (Lleida)"},"content":{"rendered":"<p><strong>Dimecres, 28 de novembre de 2012<\/strong><a href=\"http:\/\/blog.xarxa-omnia.org\/jornadesterritorials2012\/inscripcio-i-comunicacions\/\"><img loading=\"lazy\" decoding=\"async\" alt=\"Fes clic aqu\u00ed per a inscriure&#039;t a les jornades\" src=\"http:\/\/blog.xarxa-omnia.org\/jornadesterritorials2012\/files\/2012\/05\/inscripcio.png\" title=\"Inscriu-te!\" class=\"alignright\" width=\"160\" height=\"195\" \/><\/a><br \/>\nDe 09:30 a 14 hores<br \/>\nPunt \u00d2mnia Seu Consell Comarcal de la Segarra<br \/>\n<a href=\"http:\/\/blog.xarxa-omnia.org\/jornadesterritorials2012\/inscripcio-i-comunicacions\/\">Inscriu-te!<\/a><\/p>\n<h5>Jornada: Treball en xarxa<\/h5>\n<p><big><\/p>\n<ul>\n<li>09:30 h Acollida.<\/li>\n<li>10:00 h Presentaci\u00f3 de la jornada i <strong>benvinguda<\/strong> als participants.<\/li>\n<li>10:15 h <strong>Presentaci\u00f3 d&#8217;experi\u00e8ncies:<\/strong><\/li>\n<ol>\n<li><strong>L&#8217;\u00d2mnia tamb\u00e9 arriba als pobles de la Segarra<\/strong>, a c\u00e0rrec de Josep Llu\u00eds Turuguet, dinamitzador del Punt \u00d2mnia del consell comarcal de la Segarra. Presentaci\u00f3 de les activitats que es duen a les diverses poblacions de La Segarra, amb la col\u00b7lecci\u00f3 d&#8217;imatges de la comarca i v\u00eddeos dels cursos.<\/li>\n<\/ol>\n<ol>\n<li><strong>Treball en xarxa als punts de la ciutat de Lleida<\/strong>, a c\u00e0rrec d&#8217;Eugim N\u00fa\u00f1ez, del Punt \u00d2mnia Blocs Joan Carles II \u2013 Futur. Coordinaci\u00f3 amb altres dinamitzadors de la xarxa per tal de dinamitzar el propi punt: com compartim coneixements, programari i calendaris, i el treball d&#8217;unificaci\u00f3 de criteris en aquesta coordinaci\u00f3.<\/li>\n<\/ol>\n<li>11:30 h Descans.<\/li>\n<li>12:00 h <strong>Grup de treball<\/strong>: Treball en xarxa.<\/li>\n<li>14:00 h Cloenda.<\/li>\n<\/ul>\n<p><\/big><\/p>\n<p><strong>Lloc:<\/strong> <a href=\"http:\/\/xarxa-omnia.org\/node\/343\">Punt \u00d2mnia Seu Consell Comarcal de la Segarra<\/a><br \/>\n<strong>Adre\u00e7a:<\/strong> Passeig Jaume Balmes, 3 (Cervera)<br \/>\n<iframe loading=\"lazy\" width=\"425\" height=\"350\" frameborder=\"0\" scrolling=\"no\" marginheight=\"0\" marginwidth=\"0\" src=\"https:\/\/maps.google.com\/maps\/ms?msa=0&amp;msid=215480288691928778528.0004c955e9feb0a379026&amp;ie=UTF8&amp;t=m&amp;ll=41.672126,1.275294&amp;spn=0.002805,0.00456&amp;z=17&amp;iwloc=0004c956842b90d329fca&amp;output=embed\"><\/iframe><br \/><small>Mostra <a href=\"https:\/\/maps.google.com\/maps\/ms?msa=0&amp;msid=215480288691928778528.0004c955e9feb0a379026&amp;ie=UTF8&amp;t=m&amp;ll=41.672126,1.275294&amp;spn=0.002805,0.00456&amp;z=17&amp;iwloc=0004c956842b90d329fca&amp;source=embed\" style=\"color:#0000FF;text-align:left\">Jornades territorials segon semestre de 2012<\/a> en un mapa m\u00e9s gran<\/small><\/p>\n","protected":false},"excerpt":{"rendered":"<p>Dimecres, 28 de novembre de 2012 De 09:30 a 14 hores Punt \u00d2mnia Seu Consell Comarcal de la Segarra Inscriu-te! Jornada: Treball en xarxa 09:30 h Acollida. 10:00 h Presentaci\u00f3 de la jornada i benvinguda als participants. 10:15 h Presentaci\u00f3 d&#8217;experi\u00e8ncies: L&#8217;\u00d2mnia tamb\u00e9 arriba als pobles de la Segarra, a c\u00e0rrec de Josep Llu\u00eds Turuguet, <a href=\"https:\/\/bloc.xarxa-omnia.org\/jornadesterritorials\/segon-semestre\/cervera\/#more-'\" class=\"more-link\">more \u00bb<\/a><\/p>\n","protected":false},"author":61,"featured_media":0,"parent":6,"menu_order":5,"comment_status":"closed","ping_status":"open","template":"","meta":{"footnotes":""},"class_list":["post-366","page","type-page","status-publish","czr-hentry"],"_links":{"self":[{"href":"https:\/\/bloc.xarxa-omnia.org\/jornadesterritorials\/wp-json\/wp\/v2\/pages\/366","targetHints":{"allow":["GET"]}}],"collection":[{"href":"https:\/\/bloc.xarxa-omnia.org\/jornadesterritorials\/wp-json\/wp\/v2\/pages"}],"about":[{"href":"https:\/\/bloc.xarxa-omnia.org\/jornadesterritorials\/wp-json\/wp\/v2\/types\/page"}],"author":[{"embeddable":true,"href":"https:\/\/bloc.xarxa-omnia.org\/jornadesterritorials\/wp-json\/wp\/v2\/users\/61"}],"replies":[{"embeddable":true,"href":"https:\/\/bloc.xarxa-omnia.org\/jornadesterritorials\/wp-json\/wp\/v2\/comments?post=366"}],"version-history":[{"count":8,"href":"https:\/\/bloc.xarxa-omnia.org\/jornadesterritorials\/wp-json\/wp\/v2\/pages\/366\/revisions"}],"predecessor-version":[{"id":484,"href":"https:\/\/bloc.xarxa-omnia.org\/jornadesterritorials\/wp-json\/wp\/v2\/pages\/366\/revisions\/484"}],"up":[{"embeddable":true,"href":"https:\/\/bloc.xarxa-omnia.org\/jornadesterritorials\/wp-json\/wp\/v2\/pages\/6"}],"wp:attachment":[{"href":"https:\/\/bloc.xarxa-omnia.org\/jornadesterritorials\/wp-json\/wp\/v2\/media?parent=366"}],"curies":[{"name":"wp","href":"https:\/\/api.w.org\/{rel}","templated":true}]}}