{"id":4,"date":"2012-05-21T14:09:33","date_gmt":"2012-05-21T12:09:33","guid":{"rendered":"http:\/\/blog.xarxa-omnia.org\/jornadesterritorials2012\/?page_id=4"},"modified":"2013-05-13T11:57:39","modified_gmt":"2013-05-13T09:57:39","slug":"primer-semestre","status":"publish","type":"page","link":"https:\/\/bloc.xarxa-omnia.org\/jornadesterritorials\/primer-semestre\/","title":{"rendered":"Primer semestre 2012"},"content":{"rendered":"<p>Les trobades de dinamitzaci\u00f3 tenen lloc a diferents demarcacions. Consulta el programa i la informaci\u00f3 pr\u00e0ctica de la trobada a la qual vols assistir.<a href=\"http:\/\/blog.xarxa-omnia.org\/jornadesterritorials2012\/files\/2012\/05\/programacio2.png\"><img loading=\"lazy\" decoding=\"async\" class=\"alignright size-full wp-image-54\" title=\"icona de programaci\u00f3\" src=\"http:\/\/blog.xarxa-omnia.org\/jornadesterritorials2012\/files\/2012\/05\/programacio2.png\" alt=\"\" width=\"122\" height=\"150\" \/><\/a><\/p>\n<ul>\n<li><a title=\"Demarcaci\u00f3 de la jornada a Barcelona\" href=\"http:\/\/blog.xarxa-omnia.org\/jornadesterritorials2012\/primer-semestre\/barcelona-nord\/\">Terrassa (Barcelona nord)<\/a><\/li>\n<li><a title=\"Demarcaci\u00f3 de Barcelona Sud\" href=\"http:\/\/blog.xarxa-omnia.org\/jornadesterritorials2012\/primer-semestre\/barcelona-sud\/\">L&#8217;Hospitalet de Llobregat (Barcelona sud)<\/a><\/li>\n<li><a title=\"Jornada a Girona\" href=\"http:\/\/blog.xarxa-omnia.org\/jornadesterritorials2012\/primer-semestre\/girona\/\">Ripoll (Girona)<\/a><\/li>\n<li><a title=\"Jornada a Lleida\" href=\"http:\/\/blog.xarxa-omnia.org\/jornadesterritorials2012\/primer-semestre\/lleida\/\">La Seu d&#8217;Urgell (Lleida)<\/a><\/li>\n<li><a title=\"Jornada a Tarragona\" href=\"http:\/\/blog.xarxa-omnia.org\/jornadesterritorials2012\/primer-semestre\/tarragona\/\">Tortosa (Tarragona i Terres de l&#8217;Ebre)<\/a><\/li>\n<\/ul>\n<p>Calendari<\/p>\n<table border=\"3\" cellspacing=\"3\" cellpadding=\"3\">\n<tbody>\n<tr>\n<td colspan=\"7\" align=\"center\"><strong>Juny 2012<br \/>\n<\/strong><\/td>\n<\/tr>\n<tr>\n<td colspan=\"7\" align=\"center\"><em>Jornades de dinamitzaci\u00f3 de la Xarxa \u00d2mnia<br \/>\n<\/em><\/td>\n<\/tr>\n<tr bgcolor=\"#fafad2\">\n<th align=\"center\">Dilluns<\/th>\n<th align=\"center\">Dimarts<\/th>\n<th align=\"center\">Dimecres<\/th>\n<th align=\"center\">Dijous<\/th>\n<th align=\"center\">Divendres<\/th>\n<th align=\"center\">Dissabte<\/th>\n<th align=\"center\">Diumenge<\/th>\n<\/tr>\n<tr>\n<td align=\"center\"><\/td>\n<td align=\"center\"><\/td>\n<td align=\"center\"><\/td>\n<td align=\"center\"><\/td>\n<td align=\"center\">1<\/td>\n<td align=\"center\">2<\/td>\n<td align=\"center\">3<\/td>\n<\/tr>\n<tr>\n<td align=\"center\">4<\/td>\n<td align=\"center\"><a href=\"http:\/\/blog.xarxa-omnia.org\/jornadesterritorials2012\/primer-semestre\/barcelona-sud\/\"><strong>5<\/strong><br \/>\nL&#8217;Hospitalet de Llobregat (Barcelona sud)<\/a><\/td>\n<td align=\"center\">6<\/td>\n<td align=\"center\">7<\/td>\n<td align=\"center\"><a href=\"http:\/\/blog.xarxa-omnia.org\/jornadesterritorials2012\/primer-semestre\/lleida\/\"><strong>8<\/strong><br \/>\nLa Seu d&#8217;Urgell (Lleida)<\/a><\/td>\n<td align=\"center\">9<\/td>\n<td align=\"center\">10<\/td>\n<\/tr>\n<tr>\n<td align=\"center\">11<\/td>\n<td align=\"center\"><a href=\"http:\/\/blog.xarxa-omnia.org\/jornadesterritorials2012\/primer-semestre\/tarragona\/\"><strong>12<\/strong><br \/>\nTortosa (Tarragona i Terres de l&#8217;Ebre)<\/a><\/td>\n<td align=\"center\">13<\/td>\n<td align=\"center\">14<\/td>\n<td align=\"center\"><a href=\"http:\/\/blog.xarxa-omnia.org\/jornadesterritorials2012\/primer-semestre\/girona\/\"><strong>15<\/strong><br \/>\nRipoll (Girona)<\/a><\/td>\n<td align=\"center\">16<\/td>\n<td align=\"center\">17<\/td>\n<\/tr>\n<tr>\n<td align=\"center\">18<\/td>\n<td align=\"center\"><a href=\"http:\/\/blog.xarxa-omnia.org\/jornadesterritorials2012\/primer-semestre\/barcelona-nord\/\"><strong>19<\/strong><br \/>\nTerrassa (Barcelona nord)<\/a><\/td>\n<td align=\"center\">20<\/td>\n<td align=\"center\">21<\/td>\n<td align=\"center\">22<\/td>\n<td align=\"center\">23<\/td>\n<td align=\"center\">24<\/td>\n<\/tr>\n<tr>\n<td align=\"center\">25<\/td>\n<td align=\"center\">26<\/td>\n<td align=\"center\">27<\/td>\n<td align=\"center\">28<\/td>\n<td align=\"center\">29<\/td>\n<td align=\"center\">30<\/td>\n<td align=\"center\"><\/td>\n<\/tr>\n<\/tbody>\n<\/table>\n<p>Tenen lloc a les diferents demarcacions, tot i que l&#8217;assist\u00e8ncia o presentaci\u00f3 de comunicacions no es restringeix a l&#8217;\u00e0mbit territorial del   punt. Aix\u00ed doncs, una dinamitzadora el punt de la qual es trobi a Lleida pot assistir a la trobada de Girona, i presentar una bona pr\u00e0ctica en la trobada de Barcelona nord.<br \/>\n<br \/><iframe loading=\"lazy\" width=\"425\" height=\"350\" frameborder=\"0\" scrolling=\"no\" marginheight=\"0\" marginwidth=\"0\" src=\"http:\/\/maps.google.com\/maps\/ms?msa=0&amp;msid=215480288691928778528.0004c0a477a4ee8fd8411&amp;hl=ca&amp;ie=UTF8&amp;t=m&amp;ll=41.58258,1.351318&amp;spn=2.876156,4.669189&amp;z=7&amp;output=embed\"><\/iframe><br \/><small>Mostra <a href=\"http:\/\/maps.google.com\/maps\/ms?msa=0&amp;msid=215480288691928778528.0004c0a477a4ee8fd8411&amp;hl=ca&amp;ie=UTF8&amp;t=m&amp;ll=41.58258,1.351318&amp;spn=2.876156,4.669189&amp;z=7&amp;source=embed\" style=\"color:#0000FF;text-align:left\">Jornades territorials 2012<\/a> en un mapa m\u00e9s gran<\/small><\/p>\n","protected":false},"excerpt":{"rendered":"<p>Les trobades de dinamitzaci\u00f3 tenen lloc a diferents demarcacions. Consulta el programa i la informaci\u00f3 pr\u00e0ctica de la trobada a la qual vols assistir. Terrassa (Barcelona nord) L&#8217;Hospitalet de Llobregat (Barcelona sud) Ripoll (Girona) La Seu d&#8217;Urgell (Lleida) Tortosa (Tarragona i Terres de l&#8217;Ebre) Calendari Juny 2012 Jornades de dinamitzaci\u00f3 de la Xarxa \u00d2mnia Dilluns <a href=\"https:\/\/bloc.xarxa-omnia.org\/jornadesterritorials\/primer-semestre\/#more-'\" class=\"more-link\">more \u00bb<\/a><\/p>\n","protected":false},"author":61,"featured_media":54,"parent":0,"menu_order":2,"comment_status":"closed","ping_status":"closed","template":"","meta":{"footnotes":""},"class_list":["post-4","page","type-page","status-publish","has-post-thumbnail","czr-hentry"],"_links":{"self":[{"href":"https:\/\/bloc.xarxa-omnia.org\/jornadesterritorials\/wp-json\/wp\/v2\/pages\/4","targetHints":{"allow":["GET"]}}],"collection":[{"href":"https:\/\/bloc.xarxa-omnia.org\/jornadesterritorials\/wp-json\/wp\/v2\/pages"}],"about":[{"href":"https:\/\/bloc.xarxa-omnia.org\/jornadesterritorials\/wp-json\/wp\/v2\/types\/page"}],"author":[{"embeddable":true,"href":"https:\/\/bloc.xarxa-omnia.org\/jornadesterritorials\/wp-json\/wp\/v2\/users\/61"}],"replies":[{"embeddable":true,"href":"https:\/\/bloc.xarxa-omnia.org\/jornadesterritorials\/wp-json\/wp\/v2\/comments?post=4"}],"version-history":[{"count":28,"href":"https:\/\/bloc.xarxa-omnia.org\/jornadesterritorials\/wp-json\/wp\/v2\/pages\/4\/revisions"}],"predecessor-version":[{"id":11,"href":"https:\/\/bloc.xarxa-omnia.org\/jornadesterritorials\/wp-json\/wp\/v2\/pages\/4\/revisions\/11"}],"wp:featuredmedia":[{"embeddable":true,"href":"https:\/\/bloc.xarxa-omnia.org\/jornadesterritorials\/wp-json\/wp\/v2\/media\/54"}],"wp:attachment":[{"href":"https:\/\/bloc.xarxa-omnia.org\/jornadesterritorials\/wp-json\/wp\/v2\/media?parent=4"}],"curies":[{"name":"wp","href":"https:\/\/api.w.org\/{rel}","templated":true}]}}