{"id":6,"date":"2012-05-21T14:10:58","date_gmt":"2012-05-21T12:10:58","guid":{"rendered":"http:\/\/blog.xarxa-omnia.org\/jornadesterritorials2012\/?page_id=6"},"modified":"2013-05-14T10:45:53","modified_gmt":"2013-05-14T08:45:53","slug":"segon-semestre","status":"publish","type":"page","link":"https:\/\/bloc.xarxa-omnia.org\/jornadesterritorials\/segon-semestre\/","title":{"rendered":"Segon Semestre 2012"},"content":{"rendered":"<p>Les trobades de dinamitzaci\u00f3 tenen lloc a diferents demarcacions. Consulta el programa i la informaci\u00f3 pr\u00e0ctica de la trobada a la qual vols assistir.<a href=\"http:\/\/blog.xarxa-omnia.org\/jornadesterritorials2012\/files\/2012\/05\/programacio2.png\"><img loading=\"lazy\" decoding=\"async\" class=\"alignright size-full wp-image-54\" title=\"icona de programaci\u00f3\" src=\"http:\/\/blog.xarxa-omnia.org\/jornadesterritorials2012\/files\/2012\/05\/programacio2.png\" alt=\"\" width=\"122\" height=\"150\" \/><\/a><\/p>\n<ul>\n<li><a title=\"Jornada a Girona\" href=\"http:\/\/blog.xarxa-omnia.org\/jornadesterritorials2012\/segon-semestre\/palafrugell\/\">Palafrugell-Can Gen\u00eds (Girona)<\/a><\/li>\n<li><a title=\"Jornada a Tarragona\" href=\"http:\/\/blog.xarxa-omnia.org\/jornadesterritorials2012\/segon-semestre\/torredembarra\/\">Torredembarra (Tarragona)<\/a><\/li>\n<li><a title=\"Jornada a Barcelona Nord\" href=\"http:\/\/blog.xarxa-omnia.org\/jornadesterritorials2012\/segon-semestre\/masquefa\/\">Masquefa (Barcelona Nord)<\/a><\/li>\n<li><a title=\"Jornada a Barcelona Sud\" href=\"http:\/\/blog.xarxa-omnia.org\/jornadesterritorials2012\/segon-semestre\/barcelona\/\">Sant Adri\u00e0 de Bes\u00f2s (Barcelona Sud)<\/a><\/li>\n<li><a title=\"Jornada a Lleida\" href=\"http:\/\/blog.xarxa-omnia.org\/jornadesterritorials2012\/segon-semestre\/cervera\/\">Cervera (Lleida)<\/a><\/li>\n<\/ul>\n<p>Calendari<\/p>\n<table border=\"3\" cellspacing=\"3\" cellpadding=\"3\">\n<tbody>\n<tr>\n<td colspan=\"7\" align=\"center\"><strong>Novembre 2012<br \/>\n<\/strong><\/td>\n<\/tr>\n<tr>\n<td colspan=\"7\" align=\"center\"><em>Jornades de dinamitzaci\u00f3 de la Xarxa \u00d2mnia<br \/>\n<\/em><\/td>\n<\/tr>\n<tr bgcolor=\"#fafad2\">\n<th align=\"center\">Dilluns<\/th>\n<th align=\"center\">Dimarts<\/th>\n<th align=\"center\">Dimecres<\/th>\n<th align=\"center\">Dijous<\/th>\n<th align=\"center\">Divendres<\/th>\n<th align=\"center\">Dissabte<\/th>\n<th align=\"center\">Diumenge<\/th>\n<\/tr>\n<tr>\n<td width=\"12%\" align=\"center\"><\/td>\n<td width=\"12%\" align=\"center\"><\/td>\n<td width=\"12%\" align=\"center\"><\/td>\n<td width=\"12%\" align=\"center\">1<\/td>\n<td width=\"12%\" align=\"center\">2<\/td>\n<td width=\"12%\" align=\"center\">3<\/td>\n<td width=\"12%\" align=\"center\">4<\/td>\n<\/tr>\n<tr>\n<td align=\"center\"><strong>5<\/strong><a href=\"http:\/\/blog.xarxa-omnia.org\/jornadesterritorials2012\/segon-semestre\/palafrugell\/\"><\/a><\/p>\n<p><a href=\"http:\/\/blog.xarxa-omnia.org\/jornadesterritorials2012\/segon-semestre\/palafrugell\/\"> <\/a><a href=\"http:\/\/blog.xarxa-omnia.org\/jornadesterritorials2012\/segon-semestre\/palafrugell\/\"><\/a><a href=\"http:\/\/blog.xarxa-omnia.org\/jornadesterritorials2012\/segon-semestre\/palafrugell\/\"><strong>Palafrugell<\/strong><\/a><\/td>\n<td align=\"center\">6<\/td>\n<td align=\"center\"><strong>7<br \/>\n<\/strong><\/p>\n<p><strong><a href=\"http:\/\/blog.xarxa-omnia.org\/jornadesterritorials2012\/segon-semestre\/torredembarra\/\">Torredembarra<\/a><\/strong><\/td>\n<td align=\"center\">8<\/td>\n<td align=\"center\"><strong>9<\/strong><\/p>\n<p><strong><a href=\"http:\/\/blog.xarxa-omnia.org\/jornadesterritorials2012\/segon-semestre\/masquefa\">Masquefa<\/a><\/strong><\/td>\n<td align=\"center\">10<\/td>\n<td align=\"center\">11<\/td>\n<\/tr>\n<tr>\n<td align=\"center\"><strong>12<\/strong><\/p>\n<p><strong><a href=\"http:\/\/blog.xarxa-omnia.org\/jornadesterritorials2012\/segon-semestre\/barcelona\">Barcelona<\/a><\/strong><\/td>\n<td align=\"center\">13<\/td>\n<td align=\"center\">14<\/td>\n<td align=\"center\">15<\/td>\n<td align=\"center\">16<\/td>\n<td align=\"center\">17<\/td>\n<td align=\"center\">18<\/td>\n<\/tr>\n<tr>\n<td align=\"center\">19<\/td>\n<td align=\"center\">20<\/td>\n<td align=\"center\">21<\/td>\n<td align=\"center\">22<\/td>\n<td align=\"center\">23<\/td>\n<td align=\"center\">24<\/td>\n<td align=\"center\">25<\/td>\n<\/tr>\n<tr>\n<td align=\"center\">26<\/td>\n<td align=\"center\">27<\/td>\n<td align=\"center\"><strong>28<\/strong><\/p>\n<p><strong><a href=\"tp:\/\/blog.xarxa-omnia.org\/jornadesterritorials2012\/segon-semestre\/cervera\">Cervera<\/a><\/strong><\/td>\n<td align=\"center\">29<\/td>\n<td align=\"center\">30<\/td>\n<td align=\"center\"><\/td>\n<td align=\"center\"><\/td>\n<\/tr>\n<\/tbody>\n<\/table>\n<p><small>Mostra <a style=\"color: #0000ff; text-align: left;\" href=\"https:\/\/maps.google.com\/maps\/ms?msa=0&amp;msid=215480288691928778528.0004c955e9feb0a379026&amp;ie=UTF8&amp;t=m&amp;ll=41.619549,2.252197&amp;spn=1.437279,2.334595&amp;z=8&amp;source=embed\">Jornades territorials segon semestre de 2012<\/a> en un mapa m\u00e9s gran<\/small><\/p>\n<p>Recordeu que l&#8217;assist\u00e8ncia o presentaci\u00f3 de comunicacions no es restringeix a l&#8217;\u00e0mbit territorial del punt. Aix\u00ed doncs, una dinamitzadora el punt de la qual es trobi a Lleida pot assistir a la trobada de Girona, i presentar una bona pr\u00e0ctica en la trobada de Barcelona nord. Per a m\u00e9s informaci\u00f3, contacteu el Servei de Seguiment.<\/p>\n","protected":false},"excerpt":{"rendered":"<p>Les trobades de dinamitzaci\u00f3 tenen lloc a diferents demarcacions. Consulta el programa i la informaci\u00f3 pr\u00e0ctica de la trobada a la qual vols assistir. Palafrugell-Can Gen\u00eds (Girona) Torredembarra (Tarragona) Masquefa (Barcelona Nord) Sant Adri\u00e0 de Bes\u00f2s (Barcelona Sud) Cervera (Lleida) Calendari Novembre 2012 Jornades de dinamitzaci\u00f3 de la Xarxa \u00d2mnia Dilluns Dimarts Dimecres Dijous Divendres <a href=\"https:\/\/bloc.xarxa-omnia.org\/jornadesterritorials\/segon-semestre\/#more-'\" class=\"more-link\">more \u00bb<\/a><\/p>\n","protected":false},"author":61,"featured_media":0,"parent":0,"menu_order":7,"comment_status":"closed","ping_status":"open","template":"","meta":{"footnotes":""},"class_list":["post-6","page","type-page","status-publish","czr-hentry"],"_links":{"self":[{"href":"https:\/\/bloc.xarxa-omnia.org\/jornadesterritorials\/wp-json\/wp\/v2\/pages\/6","targetHints":{"allow":["GET"]}}],"collection":[{"href":"https:\/\/bloc.xarxa-omnia.org\/jornadesterritorials\/wp-json\/wp\/v2\/pages"}],"about":[{"href":"https:\/\/bloc.xarxa-omnia.org\/jornadesterritorials\/wp-json\/wp\/v2\/types\/page"}],"author":[{"embeddable":true,"href":"https:\/\/bloc.xarxa-omnia.org\/jornadesterritorials\/wp-json\/wp\/v2\/users\/61"}],"replies":[{"embeddable":true,"href":"https:\/\/bloc.xarxa-omnia.org\/jornadesterritorials\/wp-json\/wp\/v2\/comments?post=6"}],"version-history":[{"count":27,"href":"https:\/\/bloc.xarxa-omnia.org\/jornadesterritorials\/wp-json\/wp\/v2\/pages\/6\/revisions"}],"predecessor-version":[{"id":648,"href":"https:\/\/bloc.xarxa-omnia.org\/jornadesterritorials\/wp-json\/wp\/v2\/pages\/6\/revisions\/648"}],"wp:attachment":[{"href":"https:\/\/bloc.xarxa-omnia.org\/jornadesterritorials\/wp-json\/wp\/v2\/media?parent=6"}],"curies":[{"name":"wp","href":"https:\/\/api.w.org\/{rel}","templated":true}]}}