{"id":602,"date":"2013-05-13T12:44:29","date_gmt":"2013-05-13T10:44:29","guid":{"rendered":"http:\/\/blog.xarxa-omnia.org\/jornadesterritorials\/?page_id=602"},"modified":"2013-06-21T14:09:35","modified_gmt":"2013-06-21T12:09:35","slug":"barcelona-nord","status":"publish","type":"page","link":"https:\/\/bloc.xarxa-omnia.org\/jornadesterritorials\/primer-semestre-de-2013\/barcelona-nord\/","title":{"rendered":"Sabadell (Bcn nord)"},"content":{"rendered":"<h2>Estrat\u00e8gies contra l&#8217;exclusi\u00f3 social<\/h2>\n<div id=\"attachment_57\" style=\"width: 170px\" class=\"wp-caption alignright\"><a href=\"http:\/\/blog.xarxa-omnia.org\/jornadesterritorials\/inscripcio-i-comunicacions\/\"><img loading=\"lazy\" decoding=\"async\" aria-describedby=\"caption-attachment-57\" class=\"size-full wp-image-57\" title=\"inscripcio\" src=\"http:\/\/blog.xarxa-omnia.org\/jornadesterritorials\/files\/2012\/05\/inscripcio.png\" alt=\"Inscriu-te!\" width=\"160\" height=\"195\" \/><\/a><p id=\"caption-attachment-57\" class=\"wp-caption-text\">Inscriu-te!<\/p><\/div>\n<h3>Dimarts, 18 de juny de 2013<\/h3>\n<h4>Programa<\/h4>\n<ul>\n<li> 9.30 h Benvinguda a c\u00e0rrec de la Cap de la Secci\u00f3 d&#8217;Avaluaci\u00f3 i Coordinaci\u00f3 de Plans, de la DGACC, Sra. Montserrat Sol\u00e9<\/li>\n<li>10 h Presentaci\u00f3 de la jornada i <strong>benvinguda<\/strong> als participants. Presentaci\u00f3 del Servei d&#8217;Informaci\u00f3 i Atenci\u00f3 a les Dones (SIAD), a c\u00e0rrec d&#8217; <strong>Isabel Gay<\/strong>, coordinadora del SIAD de Sabadell.<\/li>\n<li>10.15 h <strong>Presentaci\u00f3 d&#8217;experi\u00e8ncies<\/strong> a c\u00e0rrec dels dinamitzadors de la Xarxa \u00d2mnia.\n<ul>\n<li><strong>Reinventa&#8217;t:<\/strong> Eines de millora de l&#8217;ocupabilitat per a <strong>dones en situaci\u00f3 d&#8217;atur de llarga durada<\/strong>, a c\u00e0rrec d&#8217;<strong>Antonio Collado<\/strong>, del Punt \u00d2mnia de Santa Coloma de Cervell\u00f3 &#8211; MIHTRA. Aquest \u00e9s un itinerari coordinat amb el Club de Feina de Santa Coloma i la Regidoria d&#8217;Igualtat de G\u00e8nere. Es treballa amb eines cl\u00e0ssiques per la cerca de feina i d&#8217;altres per donar m\u00e9s visibilitat als curr\u00edculums, com ara els videocurr\u00edculums, portfolis interactius i un ciberclub de feina col\u00b7laboratiu.<\/li>\n<li><strong>Treball en xarxa al barri de Montserrat<\/strong>, a c\u00e0rrec de <strong>Pere Boronat<\/strong> del Punt \u00d2mnia Montserrat de Terrassa. Coordinaci\u00f3 de programes i entitats del barri, on es treballa per l&#8217;<strong>atenci\u00f3 integral<\/strong> a les persones, en concret la relaci\u00f3 entre l&#8217;escola, els esplais, l&#8217;agrupaci\u00f3 esportiva, l&#8217;associaci\u00f3 ve\u00efnal i totes les retroalimentacions que deriven d&#8217;aquests a l&#8217;hora de gestionar i repartir l&#8217;espai de l&#8217;\u00d2mnia aix\u00ed com la connexi\u00f3 <em>wifi<\/em> que es un b\u00e9 molt preuat al barri. S&#8217;emfasitza en la <strong>responsabilitat<\/strong> i el <strong>comprom\u00eds<\/strong>, com a feina de fons per a la inclusi\u00f3 social, especialment en el cas dels i les joves, ja que parlem d&#8217;un refor\u00e7 positiu a canvi d&#8217;aquesta responsabilitat en forma d&#8217;una connexi\u00f3 gratu\u00efta d&#8217;Internet i d&#8217;un espai on poder relacionar-se i enfortir els vincles.<\/li>\n<\/ul>\n<\/li>\n<li>11.30 h Descans<\/li>\n<li>12.30 h <strong>Grup de treball: Estrat\u00e8gies contra l&#8217;exclusi\u00f3 social<\/strong><br \/>\nEls Punts \u00d2mnia ja han posat en marxa estrat\u00e8gies d&#8217;inclusi\u00f3, davant el context actual. Treballarem sobre l&#8217;<strong>an\u00e0lisi de bones pr\u00e0ctiques<\/strong> i farem una posada en com\u00fa per extreure&#8217;n les conclusions i l&#8217;aplicaci\u00f3 a d&#8217;altres contextos.<\/li>\n<li>13.45 h Cloenda.<\/li>\n<\/ul>\n<p><strong>Lloc:<\/strong> <a href=\"http:\/\/xarxa-omnia.org\/punt-omnia\/punt-mnia-casal-c-vic-rogelio-soto-av-espronceda\">Punt \u00d2mnia Casal C\u00edvic Rogelio Soto &#8211; AV Espronceda<\/a><\/p>\n<p><strong>Adre\u00e7a:<\/strong> C. Campoamor, 93-95 (Sabadell).<\/p>\n<p><small>Mostra <a style=\"color: #0000ff; text-align: left;\" href=\"https:\/\/maps.google.es\/maps\/ms?msa=0&amp;msid=215480288691928778528.0004dca9ca80dea1b3f36&amp;ie=UTF8&amp;t=h&amp;ll=41.526122,2.111349&amp;spn=0.011245,0.018239&amp;z=15&amp;source=embed\">Jornades \u00d2mnia al Territori (juny 2013)<\/a> en un mapa m\u00e9s gran<\/small><\/p>\n","protected":false},"excerpt":{"rendered":"<p>Estrat\u00e8gies contra l&#8217;exclusi\u00f3 social Dimarts, 18 de juny de 2013 Programa 9.30 h Benvinguda a c\u00e0rrec de la Cap de la Secci\u00f3 d&#8217;Avaluaci\u00f3 i Coordinaci\u00f3 de Plans, de la DGACC, Sra. Montserrat Sol\u00e9 10 h Presentaci\u00f3 de la jornada i benvinguda als participants. Presentaci\u00f3 del Servei d&#8217;Informaci\u00f3 i Atenci\u00f3 a les Dones (SIAD), a c\u00e0rrec <a href=\"https:\/\/bloc.xarxa-omnia.org\/jornadesterritorials\/primer-semestre-de-2013\/barcelona-nord\/#more-'\" class=\"more-link\">more \u00bb<\/a><\/p>\n","protected":false},"author":61,"featured_media":0,"parent":594,"menu_order":2,"comment_status":"open","ping_status":"open","template":"","meta":{"footnotes":""},"class_list":["post-602","page","type-page","status-publish","czr-hentry"],"_links":{"self":[{"href":"https:\/\/bloc.xarxa-omnia.org\/jornadesterritorials\/wp-json\/wp\/v2\/pages\/602","targetHints":{"allow":["GET"]}}],"collection":[{"href":"https:\/\/bloc.xarxa-omnia.org\/jornadesterritorials\/wp-json\/wp\/v2\/pages"}],"about":[{"href":"https:\/\/bloc.xarxa-omnia.org\/jornadesterritorials\/wp-json\/wp\/v2\/types\/page"}],"author":[{"embeddable":true,"href":"https:\/\/bloc.xarxa-omnia.org\/jornadesterritorials\/wp-json\/wp\/v2\/users\/61"}],"replies":[{"embeddable":true,"href":"https:\/\/bloc.xarxa-omnia.org\/jornadesterritorials\/wp-json\/wp\/v2\/comments?post=602"}],"version-history":[{"count":28,"href":"https:\/\/bloc.xarxa-omnia.org\/jornadesterritorials\/wp-json\/wp\/v2\/pages\/602\/revisions"}],"predecessor-version":[{"id":604,"href":"https:\/\/bloc.xarxa-omnia.org\/jornadesterritorials\/wp-json\/wp\/v2\/pages\/602\/revisions\/604"}],"up":[{"embeddable":true,"href":"https:\/\/bloc.xarxa-omnia.org\/jornadesterritorials\/wp-json\/wp\/v2\/pages\/594"}],"wp:attachment":[{"href":"https:\/\/bloc.xarxa-omnia.org\/jornadesterritorials\/wp-json\/wp\/v2\/media?parent=602"}],"curies":[{"name":"wp","href":"https:\/\/api.w.org\/{rel}","templated":true}]}}