{"id":605,"date":"2013-05-13T12:54:03","date_gmt":"2013-05-13T10:54:03","guid":{"rendered":"http:\/\/blog.xarxa-omnia.org\/jornadesterritorials\/?page_id=605"},"modified":"2013-06-13T09:13:52","modified_gmt":"2013-06-13T07:13:52","slug":"girona","status":"publish","type":"page","link":"https:\/\/bloc.xarxa-omnia.org\/jornadesterritorials\/primer-semestre-de-2013\/girona\/","title":{"rendered":"Figueres (Girona)"},"content":{"rendered":"<h2>Treball amb inf\u00e0ncia<\/h2>\n<div id=\"attachment_57\" style=\"width: 170px\" class=\"wp-caption alignright\"><a href=\"http:\/\/blog.xarxa-omnia.org\/jornadesterritorials\/inscripcio-i-comunicacions\/\"><img loading=\"lazy\" decoding=\"async\" aria-describedby=\"caption-attachment-57\" class=\"size-full wp-image-57\" title=\"inscripcio\" src=\"http:\/\/blog.xarxa-omnia.org\/jornadesterritorials\/files\/2012\/05\/inscripcio.png\" alt=\"Inscriu-te!\" width=\"160\" height=\"195\" \/><\/a><p id=\"caption-attachment-57\" class=\"wp-caption-text\">Inscriu-te!<\/p><\/div>\n<h3>Dijous, 20 de juny de 2013<\/h3>\n<h4>Programa<\/h4>\n<ul>\n<li> 9.30 h Benvinguda a c\u00e0rrec de la Cap de la Secci\u00f3 d&#8217;Avaluaci\u00f3 i Coordinaci\u00f3 de Plans, de la DGACC, Sra. Montserrat Sol\u00e9<\/li>\n<li>10 h Presentaci\u00f3 de la jornada i <strong>benvinguda<\/strong> als participants. Presentaci\u00f3 del Servei d&#8217;Informaci\u00f3 i Atenci\u00f3 a les Dones (SIAD), a c\u00e0rrec de Josefina Surina, coordinadora territorial.<\/li>\n<li>10.15 h <strong>Presentaci\u00f3 d&#8217;experi\u00e8ncies<\/strong> a c\u00e0rrec de dinamitzadores de la Xarxa \u00d2mnia:<\/li>\n<ul>\n<li>\n<strong>Servei d&#8217;Acollida<\/strong>, a c\u00e0rrec de <strong>N\u00faria Perpiny\u00e0 Colomer<\/strong>, del Punt \u00d2mnia Centre C\u00edvic i Cultural Eudald Graells. Aquest projecte pret\u00e9n facilitar l\u2019acollida de les <strong>persones nouvingudes<\/strong> als municipis del Ripoll\u00e8s i agilitzar el seu proc\u00e9s d&#8217;inclusi\u00f3 a la societat receptora en igualtat d&#8217;oportunitats. Es destina a les persones immigrades nouvingudes que s\u2019empadronen als municipis del Ripoll\u00e8s, principalment a Ripoll, aix\u00ed com aquelles persones en situaci\u00f3 de tramitar una autoritzaci\u00f3 de resid\u00e8ncia per arrelament social al municipi, o b\u00e9 que hagin de renovar la seva autoritzaci\u00f3 justificant l\u2019esfor\u00e7 d\u2019integraci\u00f3 al municipi. Es treballa el coneixement de l&#8217;entorn, la cultura i societat catalanes, l&#8217;aprenentatge i pr\u00e0ctica de la llengua, i coneixements espec\u00edfics en cerca de feina i TIC.<\/li>\n<li><strong>La nostra cultura feta per infants amb audiovisuals<\/strong>, a c\u00e0rrec de <strong>Vanessa Mart\u00ednez<\/strong>, del Punt \u00d2mnia Ripoll 60. El passat mes d&#8217;abril, els infants del Punt \u00d2mnia van crear el <strong>v\u00eddeo de Santa Jordina<\/strong>, per celebrar la diada de Sant Jordi. S&#8217;explicaran les fases del projecte, la motivaci\u00f3 de cada infant i com es van resoldre els petits problemes que van sorgir<\/li>\n<\/ul>\n<li>11.30 h Descans<\/li>\n<li>12.30 h <strong>Grup de treball: Treball amb inf\u00e0ncia<\/strong><br \/>\nPartirem dels resultats d&#8217;una jornada anterior a Sant Adri\u00e0 de Bes\u00f2s sobre caracter\u00edstiques i <strong>estrat\u00e8gies pedag\u00f2giques de treball amb inf\u00e0ncia<\/strong> i re-pensarem possibles activitats a desenvolupar als Punts \u00d2mnia.<\/li>\n<li>13.45 h Cloenda.<\/li>\n<\/ul>\n<p><strong>Lloc:<\/strong> <a title=\"V\u00e9s a la p\u00e0gina de contacte del Casal C\u00edvic\" href=\"http:\/\/xarxa-omnia.org\/punt-omnia\/punt-mnia-casal-c-vic-figueres-bon-pastor\">Punt \u00d2mnia Casal C\u00edvic Figueres &#8211; Bon Pastor<\/a><\/p>\n<p><strong>Adre\u00e7a:<\/strong> Dr Barraquer, 1 (Figueres, Girona)<\/p>\n<p><iframe loading=\"lazy\" width=\"425\" height=\"350\" frameborder=\"0\" scrolling=\"no\" marginheight=\"0\" marginwidth=\"0\" src=\"https:\/\/maps.google.es\/maps\/ms?msa=0&amp;msid=215480288691928778528.0004dca9ca80dea1b3f36&amp;ie=UTF8&amp;t=h&amp;ll=42.264225,2.951632&amp;spn=0.011116,0.018239&amp;z=15&amp;output=embed\"><\/iframe><br \/><small>Mostra <a href=\"https:\/\/maps.google.es\/maps\/ms?msa=0&amp;msid=215480288691928778528.0004dca9ca80dea1b3f36&amp;ie=UTF8&amp;t=h&amp;ll=42.264225,2.951632&amp;spn=0.011116,0.018239&amp;z=15&amp;source=embed\" style=\"color:#0000FF;text-align:left\">Jornades \u00d2mnia al Territori (juny 2013)<\/a> en un mapa m\u00e9s gran<\/small><\/p>\n","protected":false},"excerpt":{"rendered":"<p>Treball amb inf\u00e0ncia Dijous, 20 de juny de 2013 Programa 9.30 h Benvinguda a c\u00e0rrec de la Cap de la Secci\u00f3 d&#8217;Avaluaci\u00f3 i Coordinaci\u00f3 de Plans, de la DGACC, Sra. Montserrat Sol\u00e9 10 h Presentaci\u00f3 de la jornada i benvinguda als participants. Presentaci\u00f3 del Servei d&#8217;Informaci\u00f3 i Atenci\u00f3 a les Dones (SIAD), a c\u00e0rrec de <a href=\"https:\/\/bloc.xarxa-omnia.org\/jornadesterritorials\/primer-semestre-de-2013\/girona\/#more-'\" class=\"more-link\">more \u00bb<\/a><\/p>\n","protected":false},"author":61,"featured_media":0,"parent":594,"menu_order":3,"comment_status":"open","ping_status":"open","template":"","meta":{"footnotes":""},"class_list":["post-605","page","type-page","status-publish","czr-hentry"],"_links":{"self":[{"href":"https:\/\/bloc.xarxa-omnia.org\/jornadesterritorials\/wp-json\/wp\/v2\/pages\/605","targetHints":{"allow":["GET"]}}],"collection":[{"href":"https:\/\/bloc.xarxa-omnia.org\/jornadesterritorials\/wp-json\/wp\/v2\/pages"}],"about":[{"href":"https:\/\/bloc.xarxa-omnia.org\/jornadesterritorials\/wp-json\/wp\/v2\/types\/page"}],"author":[{"embeddable":true,"href":"https:\/\/bloc.xarxa-omnia.org\/jornadesterritorials\/wp-json\/wp\/v2\/users\/61"}],"replies":[{"embeddable":true,"href":"https:\/\/bloc.xarxa-omnia.org\/jornadesterritorials\/wp-json\/wp\/v2\/comments?post=605"}],"version-history":[{"count":24,"href":"https:\/\/bloc.xarxa-omnia.org\/jornadesterritorials\/wp-json\/wp\/v2\/pages\/605\/revisions"}],"predecessor-version":[{"id":766,"href":"https:\/\/bloc.xarxa-omnia.org\/jornadesterritorials\/wp-json\/wp\/v2\/pages\/605\/revisions\/766"}],"up":[{"embeddable":true,"href":"https:\/\/bloc.xarxa-omnia.org\/jornadesterritorials\/wp-json\/wp\/v2\/pages\/594"}],"wp:attachment":[{"href":"https:\/\/bloc.xarxa-omnia.org\/jornadesterritorials\/wp-json\/wp\/v2\/media?parent=605"}],"curies":[{"name":"wp","href":"https:\/\/api.w.org\/{rel}","templated":true}]}}