{"id":608,"date":"2013-05-13T12:59:08","date_gmt":"2013-05-13T10:59:08","guid":{"rendered":"http:\/\/blog.xarxa-omnia.org\/jornadesterritorials\/?page_id=608"},"modified":"2013-06-13T09:14:24","modified_gmt":"2013-06-13T07:14:24","slug":"tarragona","status":"publish","type":"page","link":"https:\/\/bloc.xarxa-omnia.org\/jornadesterritorials\/primer-semestre-de-2013\/tarragona\/","title":{"rendered":"Tarragona"},"content":{"rendered":"<h2>Treball per projectes i innovaci\u00f3<\/h2>\n<div id=\"attachment_57\" style=\"width: 170px\" class=\"wp-caption alignright\"><a href=\"http:\/\/blog.xarxa-omnia.org\/jornadesterritorials\/inscripcio-i-comunicacions\/\"><img loading=\"lazy\" decoding=\"async\" aria-describedby=\"caption-attachment-57\" class=\"size-full wp-image-57\" title=\"inscripcio\" src=\"http:\/\/blog.xarxa-omnia.org\/jornadesterritorials\/files\/2012\/05\/inscripcio.png\" alt=\"Inscriu-te!\" width=\"160\" height=\"195\" \/><\/a><p id=\"caption-attachment-57\" class=\"wp-caption-text\">Inscriu-te!<\/p><\/div>\n<h3>Dimecres, 26 de juny de 2013<\/h3>\n<h4>Programa<\/h4>\n<ul>\n<li> 9.30 h Benvinguda a c\u00e0rrec de la Cap de la Secci\u00f3 d&#8217;Avaluaci\u00f3 i Coordinaci\u00f3 de Plans, de la DGACC, Sra. Montserrat Sol\u00e9<\/li>\n<li>10 h Presentaci\u00f3 de la jornada i <strong>benvinguda<\/strong> als participants. Presentaci\u00f3 del Servei d&#8217;Informaci\u00f3 i Atenci\u00f3 a les Dones (SIAD), a c\u00e0rrec de L\u00eddia Bargas, coordinadora territorial.<\/li>\n<li>10.15 h <strong>Presentaci\u00f3 d&#8217;experi\u00e8ncies<\/strong> a c\u00e0rrec de dinamitzadors\/ores de la Xarxa \u00d2mnia.<\/li>\n<ul>\n<li><strong>Ravalead@s TV<\/strong>, a c\u00e0rrec d&#8217;Albert Francol\u00ed, del Punt \u00d2mnia de la Fundaci\u00f3 Servei Solidari. Aquest \u00e9s un projecte de <strong>televisi\u00f3 comunit\u00e0ria, juvenil i participativa<\/strong>, feta per joves del barri del Raval de Barcelona, en col\u00b7laboraci\u00f3 amb l&#8217;associaci\u00f3 Cultural El Parlante. Es treballa la participaci\u00f3, l&#8217;expressi\u00f3 art\u00edstica i la interrelaci\u00f3 entre els i les joves.<\/li>\n<li><strong>La Festa del Mercat a la Pla\u00e7a a trav\u00e9s de la fotografia<\/strong>, a c\u00e0rrec de <strong>Lidia Corbera<\/strong>, del Punt \u00d2mnia Amposta. Durant aquesta celebraci\u00f3 es representa l&#8217;Amposta de fa 100 anys, amb parades d&#8217;antics oficis i productes t\u00edpics del terreny, i indument\u00e0ria d&#8217;\u00e8poca. El Punt \u00d2mnia s&#8217;hi ha sumat amb la cerca d&#8217;<strong>imatges antigues<\/strong> del municipi i la creaci\u00f3 de presentacions multim\u00e8dia. Es presentaran els objectius, les activitats dutes a terme, les conclusions i sensacions posteriors a l&#8217;experi\u00e8ncia.<\/li>\n<\/ul>\n<li>11.30 h Descans<\/li>\n<li>12.30 h <strong>Grup de treball: Treball per projectes i innovaci\u00f3<\/strong><br \/>\nQuins s\u00f3n els avantatges del treball per projectes? Reflexionarem al voltant de la <strong>rob\u00f2tica educativa<\/strong>, amb una demostraci\u00f3 pr\u00e0ctica.\n<\/li>\n<li>13.45 h Cloenda.<\/li>\n<\/ul>\n<p><strong>Lloc:<\/strong> <a title=\"V\u00e9s a la p\u00e0gina de contacte del Casal C\u00edvic\" href=\"http:\/\/xarxa-omnia.org\/punt-omnia\/punt-mnia-av-progressista-torreforta\">Punt \u00d2mnia AV Progressista Torreforta<\/a><\/p>\n<p><strong>Adre\u00e7a:<\/strong> Pla\u00e7a Tarragon\u00e8s, s\/n; entre el carrer Amposta i el carrer Riu Fluvi\u00e0 (Tarragona).<\/p>\n<p><iframe loading=\"lazy\" width=\"425\" height=\"350\" frameborder=\"0\" scrolling=\"no\" marginheight=\"0\" marginwidth=\"0\" src=\"https:\/\/maps.google.es\/maps\/ms?msa=0&amp;msid=215480288691928778528.0004dca9ca80dea1b3f36&amp;ie=UTF8&amp;t=h&amp;ll=41.116914,1.216092&amp;spn=0.005658,0.00912&amp;z=16&amp;output=embed\"><\/iframe><br \/><small>Mostra <a href=\"https:\/\/maps.google.es\/maps\/ms?msa=0&amp;msid=215480288691928778528.0004dca9ca80dea1b3f36&amp;ie=UTF8&amp;t=h&amp;ll=41.116914,1.216092&amp;spn=0.005658,0.00912&amp;z=16&amp;source=embed\" style=\"color:#0000FF;text-align:left\">Jornades \u00d2mnia al Territori (juny 2013)<\/a> en un mapa m\u00e9s gran<\/small><\/p>\n","protected":false},"excerpt":{"rendered":"<p>Treball per projectes i innovaci\u00f3 Dimecres, 26 de juny de 2013 Programa 9.30 h Benvinguda a c\u00e0rrec de la Cap de la Secci\u00f3 d&#8217;Avaluaci\u00f3 i Coordinaci\u00f3 de Plans, de la DGACC, Sra. Montserrat Sol\u00e9 10 h Presentaci\u00f3 de la jornada i benvinguda als participants. Presentaci\u00f3 del Servei d&#8217;Informaci\u00f3 i Atenci\u00f3 a les Dones (SIAD), a <a href=\"https:\/\/bloc.xarxa-omnia.org\/jornadesterritorials\/primer-semestre-de-2013\/tarragona\/#more-'\" class=\"more-link\">more \u00bb<\/a><\/p>\n","protected":false},"author":61,"featured_media":0,"parent":594,"menu_order":4,"comment_status":"open","ping_status":"open","template":"","meta":{"footnotes":""},"class_list":["post-608","page","type-page","status-publish","czr-hentry"],"_links":{"self":[{"href":"https:\/\/bloc.xarxa-omnia.org\/jornadesterritorials\/wp-json\/wp\/v2\/pages\/608","targetHints":{"allow":["GET"]}}],"collection":[{"href":"https:\/\/bloc.xarxa-omnia.org\/jornadesterritorials\/wp-json\/wp\/v2\/pages"}],"about":[{"href":"https:\/\/bloc.xarxa-omnia.org\/jornadesterritorials\/wp-json\/wp\/v2\/types\/page"}],"author":[{"embeddable":true,"href":"https:\/\/bloc.xarxa-omnia.org\/jornadesterritorials\/wp-json\/wp\/v2\/users\/61"}],"replies":[{"embeddable":true,"href":"https:\/\/bloc.xarxa-omnia.org\/jornadesterritorials\/wp-json\/wp\/v2\/comments?post=608"}],"version-history":[{"count":20,"href":"https:\/\/bloc.xarxa-omnia.org\/jornadesterritorials\/wp-json\/wp\/v2\/pages\/608\/revisions"}],"predecessor-version":[{"id":767,"href":"https:\/\/bloc.xarxa-omnia.org\/jornadesterritorials\/wp-json\/wp\/v2\/pages\/608\/revisions\/767"}],"up":[{"embeddable":true,"href":"https:\/\/bloc.xarxa-omnia.org\/jornadesterritorials\/wp-json\/wp\/v2\/pages\/594"}],"wp:attachment":[{"href":"https:\/\/bloc.xarxa-omnia.org\/jornadesterritorials\/wp-json\/wp\/v2\/media?parent=608"}],"curies":[{"name":"wp","href":"https:\/\/api.w.org\/{rel}","templated":true}]}}