{"id":612,"date":"2013-05-13T13:02:37","date_gmt":"2013-05-13T11:02:37","guid":{"rendered":"http:\/\/blog.xarxa-omnia.org\/jornadesterritorials\/?page_id=612"},"modified":"2013-06-19T10:11:17","modified_gmt":"2013-06-19T08:11:17","slug":"barcelona-ciutat","status":"publish","type":"page","link":"https:\/\/bloc.xarxa-omnia.org\/jornadesterritorials\/primer-semestre-de-2013\/barcelona-ciutat\/","title":{"rendered":"Barcelona ciutat"},"content":{"rendered":"<h2>Dones i diversitat a \u00d2mnia<\/h2>\n<div id=\"attachment_57\" style=\"width: 170px\" class=\"wp-caption alignright\"><a href=\"http:\/\/blog.xarxa-omnia.org\/jornadesterritorials\/inscripcio-i-comunicacions\/\"><img loading=\"lazy\" decoding=\"async\" aria-describedby=\"caption-attachment-57\" class=\"size-full wp-image-57\" title=\"inscripcio\" src=\"http:\/\/blog.xarxa-omnia.org\/jornadesterritorials\/files\/2012\/05\/inscripcio.png\" alt=\"Inscriu-te!\" width=\"160\" height=\"195\" \/><\/a><p id=\"caption-attachment-57\" class=\"wp-caption-text\">Inscriu-te!<\/p><\/div>\n<h3>Divendres, 28 de juny de 2013<\/h3>\n<h4>Programa<\/h4>\n<ul>\n<li> 9.30 h Benvinguda a c\u00e0rrec de la Cap de la Secci\u00f3 d&#8217;Avaluaci\u00f3 i Coordinaci\u00f3 de Plans, de la DGACC, Sra. Montserrat Sol\u00e9<\/li>\n<li>10 h Presentaci\u00f3 de la jornada i <strong>benvinguda<\/strong> als participants. Presentaci\u00f3 del Servei d&#8217;Informaci\u00f3 i Atenci\u00f3 a les Dones (SIAD), a c\u00e0rrec de N\u00faria Ca\u00f1ellas, Cap de l&#8217;\u00c0rea de Planificaci\u00f3 i Seguiment del Pla d&#8217;Actuaci\u00f3 del Govern de l&#8217;Institut Catal\u00e0 de les Dones.<\/li>\n<li>10.15 h <strong>Pon\u00e8ncia:<\/strong> &#8220;El talent de les dones davant la crisi&#8221;, a c\u00e0rrec de l&#8217;Institut Catal\u00e0 de les Dones, a c\u00e0rrec de <strong>Carme Vidal<\/strong>, t\u00e8cnica de l\u2019ICD.<\/li>\n<li>10.45 h <strong>Presentaci\u00f3 d&#8217;experi\u00e8ncies<\/strong> a c\u00e0rrec de dinamitzadors\/ores de la Xarxa \u00d2mnia:<\/li>\n<ul>\n<li>\n<strong>Inserci\u00f3 sociolaboral de dones al barri de la Mina<\/strong>, a c\u00e0rrec de <strong>Jemima Campistron<\/strong>, del Punt \u00d2mnia del Centre Cultural Gitano de la Mina.<\/li>\n<\/ul>\n<li>11.30 h Descans<\/li>\n<li>12.30 h <strong>Grup de treball: Dones i diversitat a \u00d2mnia<\/strong><br \/>\nTreballarem sobre l&#8217;an\u00e0lisi de casos, individuals i grupals, per tal de proposar <strong>estrat\u00e8gies d&#8217;intervenci\u00f3 i de col\u00b7laboraci\u00f3<\/strong> entre serveis al territori.<\/li>\n<li>13.45 h Cloenda.<\/li>\n<\/ul>\n<p><strong>Lloc:<\/strong> <a title=\"V\u00e9s a la p\u00e0gina de contacte del Casal C\u00edvic de Lleida\" href=\"http:\/\/xarxa-omnia.org\/punt-omnia\/punt-mnia-centre-juvenil-mart-codolar\">Punt \u00d2mnia Centre Juvenil Mart\u00ed Codolar<\/a><\/p>\n<p><strong>Adre\u00e7a:<\/strong> Av. Cardenal Vidal i Barraquer, 8-12 (Barcelona)<\/p>\n<ul><\/ul>\n<p><iframe loading=\"lazy\" width=\"425\" height=\"350\" frameborder=\"0\" scrolling=\"no\" marginheight=\"0\" marginwidth=\"0\" src=\"https:\/\/maps.google.es\/maps\/ms?msa=0&amp;msid=215480288691928778528.0004dca9ca80dea1b3f36&amp;ie=UTF8&amp;t=h&amp;ll=41.4296,2.148213&amp;spn=0.005631,0.00912&amp;z=16&amp;output=embed\"><\/iframe><br \/><small>Mostra <a href=\"https:\/\/maps.google.es\/maps\/ms?msa=0&amp;msid=215480288691928778528.0004dca9ca80dea1b3f36&amp;ie=UTF8&amp;t=h&amp;ll=41.4296,2.148213&amp;spn=0.005631,0.00912&amp;z=16&amp;source=embed\" style=\"color:#0000FF;text-align:left\">Jornades \u00d2mnia al Territori (juny 2013)<\/a> en un mapa m\u00e9s gran<\/small><\/p>\n","protected":false},"excerpt":{"rendered":"<p>Dones i diversitat a \u00d2mnia Divendres, 28 de juny de 2013 Programa 9.30 h Benvinguda a c\u00e0rrec de la Cap de la Secci\u00f3 d&#8217;Avaluaci\u00f3 i Coordinaci\u00f3 de Plans, de la DGACC, Sra. Montserrat Sol\u00e9 10 h Presentaci\u00f3 de la jornada i benvinguda als participants. Presentaci\u00f3 del Servei d&#8217;Informaci\u00f3 i Atenci\u00f3 a les Dones (SIAD), a <a href=\"https:\/\/bloc.xarxa-omnia.org\/jornadesterritorials\/primer-semestre-de-2013\/barcelona-ciutat\/#more-'\" class=\"more-link\">more \u00bb<\/a><\/p>\n","protected":false},"author":61,"featured_media":0,"parent":594,"menu_order":5,"comment_status":"open","ping_status":"open","template":"","meta":{"footnotes":""},"class_list":["post-612","page","type-page","status-publish","czr-hentry"],"_links":{"self":[{"href":"https:\/\/bloc.xarxa-omnia.org\/jornadesterritorials\/wp-json\/wp\/v2\/pages\/612","targetHints":{"allow":["GET"]}}],"collection":[{"href":"https:\/\/bloc.xarxa-omnia.org\/jornadesterritorials\/wp-json\/wp\/v2\/pages"}],"about":[{"href":"https:\/\/bloc.xarxa-omnia.org\/jornadesterritorials\/wp-json\/wp\/v2\/types\/page"}],"author":[{"embeddable":true,"href":"https:\/\/bloc.xarxa-omnia.org\/jornadesterritorials\/wp-json\/wp\/v2\/users\/61"}],"replies":[{"embeddable":true,"href":"https:\/\/bloc.xarxa-omnia.org\/jornadesterritorials\/wp-json\/wp\/v2\/comments?post=612"}],"version-history":[{"count":23,"href":"https:\/\/bloc.xarxa-omnia.org\/jornadesterritorials\/wp-json\/wp\/v2\/pages\/612\/revisions"}],"predecessor-version":[{"id":616,"href":"https:\/\/bloc.xarxa-omnia.org\/jornadesterritorials\/wp-json\/wp\/v2\/pages\/612\/revisions\/616"}],"up":[{"embeddable":true,"href":"https:\/\/bloc.xarxa-omnia.org\/jornadesterritorials\/wp-json\/wp\/v2\/pages\/594"}],"wp:attachment":[{"href":"https:\/\/bloc.xarxa-omnia.org\/jornadesterritorials\/wp-json\/wp\/v2\/media?parent=612"}],"curies":[{"name":"wp","href":"https:\/\/api.w.org\/{rel}","templated":true}]}}