{"id":878,"date":"2013-10-17T16:28:14","date_gmt":"2013-10-17T14:28:14","guid":{"rendered":"http:\/\/blog.xarxa-omnia.org\/jornadesterritorials\/?page_id=878"},"modified":"2013-11-05T15:33:13","modified_gmt":"2013-11-05T13:33:13","slug":"segon-semestre-de-2013","status":"publish","type":"page","link":"https:\/\/bloc.xarxa-omnia.org\/jornadesterritorials\/segon-semestre-de-2013\/","title":{"rendered":"Segon semestre de 2013"},"content":{"rendered":"<p><!-- td, th, tr { border:1px solid #999 !important; font-size:0.8em!important; } --><\/p>\n<p>Les trobades de dinamitzaci\u00f3 tenen lloc a diferents demarcacions. Consulta el programa i la informaci\u00f3 pr\u00e0ctica de la trobada a la qual vols assistir.<a href=\"http:\/\/blog.xarxa-omnia.org\/jornadesterritorials\/files\/2012\/05\/programacio2.png\"><img loading=\"lazy\" decoding=\"async\" class=\"alignright size-full wp-image-54\" title=\"icona de programaci\u00f3\" src=\"http:\/\/blog.xarxa-omnia.org\/jornadesterritorials\/files\/2012\/05\/programacio2.png\" alt=\"\" width=\"122\" height=\"150\" \/><\/a><\/p>\n<ul>\n<li><a title=\"Jornada a Girona\" href=\"http:\/\/blog.xarxa-omnia.org\/jornadesterritorials\/segon-semestre-de-2013\/girona\/\">Coordinaci\u00f3 amb agents del territori (Girona)<\/a><\/li>\n<li><a title=\"Jornada a Badia del Valles\" href=\"http:\/\/blog.xarxa-omnia.org\/jornadesterritorials\/segon-semestre-de-2013\/badia-del-valles-bcn-nord\/\">Cooperaci\u00f3 amb el SOC (Badia del Vall\u00e8s)<\/a><\/li>\n<li><a title=\"Jornada a T\u00e0rrega\" href=\"http:\/\/blog.xarxa-omnia.org\/jornadesterritorials\/segon-semestre-de-2013\/tarrega-lleida\/\">Activitats d&#8217;inserci\u00f3 i orientaci\u00f3 professional (T\u00e0rrega)<\/a><\/li>\n<li><a title=\"Jornada a Reus\" href=\"http:\/\/blog.xarxa-omnia.org\/jornadesterritorials\/segon-semestre-de-2013\/reus-tarragona\/\">Participaci\u00f3 i inclusi\u00f3 laboral (Reus)<\/a><\/li>\n<li><a title=\"Jornada a Barcelona ciutat\" href=\"http:\/\/blog.xarxa-omnia.org\/jornadesterritorials\/segon-semestre-de-2013\/barcelona-ciutat\/\">Emprenentatge i Aprenentatge (Barcelona)<\/a><\/li>\n<\/ul>\n<p><iframe loading=\"lazy\" src=\"http:\/\/mapsengine.google.com\/map\/embed?mid=zIj6ryUPRJ5w.kUKXvacvFWYA\" width=\"100%\" height=\"450\"><\/iframe><br \/>\nConsulta el <a href=\"https:\/\/mapsengine.google.com\/map\/edit?mid=zIj6ryUPRJ5w.kUKXvacvFWYA\">mapa de Jornades \u00d2mnia al Territori (segon semestre de 2013)<\/a><\/p>\n<p>Les jornades tenen lloc a les diferents demarcacions, tot i que l&#8217;assist\u00e8ncia o presentaci\u00f3 de comunicacions no es restringeix a l&#8217;\u00e0mbit territorial del punt. Aix\u00ed doncs, una dinamitzadora el punt de la qual es trobi a Lleida pot assistir a la trobada de Girona, i presentar una bona pr\u00e0ctica en la trobada de Barcelona nord.<\/p>\n","protected":false},"excerpt":{"rendered":"<p>Les trobades de dinamitzaci\u00f3 tenen lloc a diferents demarcacions. Consulta el programa i la informaci\u00f3 pr\u00e0ctica de la trobada a la qual vols assistir. Coordinaci\u00f3 amb agents del territori (Girona) Cooperaci\u00f3 amb el SOC (Badia del Vall\u00e8s) Activitats d&#8217;inserci\u00f3 i orientaci\u00f3 professional (T\u00e0rrega) Participaci\u00f3 i inclusi\u00f3 laboral (Reus) Emprenentatge i Aprenentatge (Barcelona) Consulta el mapa <a href=\"https:\/\/bloc.xarxa-omnia.org\/jornadesterritorials\/segon-semestre-de-2013\/#more-'\" class=\"more-link\">more \u00bb<\/a><\/p>\n","protected":false},"author":61,"featured_media":0,"parent":0,"menu_order":0,"comment_status":"open","ping_status":"open","template":"","meta":{"footnotes":""},"class_list":["post-878","page","type-page","status-publish","czr-hentry"],"_links":{"self":[{"href":"https:\/\/bloc.xarxa-omnia.org\/jornadesterritorials\/wp-json\/wp\/v2\/pages\/878","targetHints":{"allow":["GET"]}}],"collection":[{"href":"https:\/\/bloc.xarxa-omnia.org\/jornadesterritorials\/wp-json\/wp\/v2\/pages"}],"about":[{"href":"https:\/\/bloc.xarxa-omnia.org\/jornadesterritorials\/wp-json\/wp\/v2\/types\/page"}],"author":[{"embeddable":true,"href":"https:\/\/bloc.xarxa-omnia.org\/jornadesterritorials\/wp-json\/wp\/v2\/users\/61"}],"replies":[{"embeddable":true,"href":"https:\/\/bloc.xarxa-omnia.org\/jornadesterritorials\/wp-json\/wp\/v2\/comments?post=878"}],"version-history":[{"count":13,"href":"https:\/\/bloc.xarxa-omnia.org\/jornadesterritorials\/wp-json\/wp\/v2\/pages\/878\/revisions"}],"predecessor-version":[{"id":932,"href":"https:\/\/bloc.xarxa-omnia.org\/jornadesterritorials\/wp-json\/wp\/v2\/pages\/878\/revisions\/932"}],"wp:attachment":[{"href":"https:\/\/bloc.xarxa-omnia.org\/jornadesterritorials\/wp-json\/wp\/v2\/media?parent=878"}],"curies":[{"name":"wp","href":"https:\/\/api.w.org\/{rel}","templated":true}]}}