{"id":882,"date":"2013-10-17T16:34:49","date_gmt":"2013-10-17T14:34:49","guid":{"rendered":"http:\/\/blog.xarxa-omnia.org\/jornadesterritorials\/?page_id=882"},"modified":"2013-11-05T15:51:15","modified_gmt":"2013-11-05T13:51:15","slug":"girona","status":"publish","type":"page","link":"https:\/\/bloc.xarxa-omnia.org\/jornadesterritorials\/segon-semestre-de-2013\/girona\/","title":{"rendered":"Girona"},"content":{"rendered":"<h1><a href=\"http:\/\/blog.xarxa-omnia.org\/jornadesterritorials\/inscripcio-i-comunicacions\/\"><img loading=\"lazy\" decoding=\"async\" class=\"alignright\" title=\"inscripcio\" src=\"http:\/\/blog.xarxa-omnia.org\/jornadesterritorials\/files\/2012\/05\/inscripcio.png\" alt=\"Inscriu-te!\" width=\"160\" height=\"195\" \/><\/a>Coordinaci\u00f3 amb agents del territori<\/h1>\n<h2>Divendres, 22 de novembre<\/h2>\n<h2>Punt \u00d2mnia Font de la P\u00f2lvora, Girona<\/h2>\n<p><em>Els Punts \u00d2mnia no s&#8217;entenen sense el treball comunitari que hi ha al darrere. La possibilitat de generar sinergies amb diferents agents del territori en el camp de la inserci\u00f3, permet optimitzar l&#8217;impacte que tenim i generar complicitats positives en el barri o poblaci\u00f3.<\/em><\/p>\n<p><strong>Programa:<\/strong><\/p>\n<ul>\n<li>9.30 h Benvinguda, a c\u00e0rrec de la DGACC.<\/li>\n<li>10 h Presentaci\u00f3 de la tem\u00e0tica, contextualitzaci\u00f3 i aportacions de la dinamitzaci\u00f3 pr\u00e8via, a c\u00e0rrec de <strong>Francesca Maria Errico<\/strong>, t\u00e8cnica d\u2019Insercoop.  <\/li>\n<li>10.30 h Presentacions d&#8217;experi\u00e8ncies: <\/li>\n<ul>\n<li><em>Joves en proc\u00e9s de cerca de feina<\/em>, a c\u00e0rrec d&#8217;<strong>In\u00e9s Olondriz<\/strong>, dinamitzadora del Punt \u00d2mnia de Centcelles de Constant\u00ed. <\/li>\n<li><em>Formaci\u00f3 ocupacional per a joves amb l&#8217;Associaci\u00f3 AASS<\/em>, a c\u00e0rrec de <strong>Xevi Felip<\/strong>, dinamitzador del Punt \u00d2mnia Font de la P\u00f3lvora de Girona.<\/li>\n<\/ul>\n<li>11.30 h Descans.<\/li>\n<li>12.00 h Grup de treball, condu\u00eft pel Servei de Coordinaci\u00f3 i Seguiment, i la L\u00ednia d&#8217;Inserci\u00f3 Social.<\/li>\n<li>13.45 h Cloenda.<\/li>\n<\/ul>\n<p><strong>Lloc:<\/strong> <a title=\"Dades de contacte del punt al web d'\u00d2mnia\" href=\"http:\/\/xarxa-omnia.org\/punt-omnia\/punt-mnia-plataforma-educativa\">Punt \u00d2mnia Font de la P\u00f2lvora<\/a><a title=\"V\u00e9s a la p\u00e0gina de contacte del Punt \u00d2mnia Plataforma Educativa\" href=\"http:\/\/xarxa-omnia.org\/punt-omnia\/punt-mnia-plataforma-educativa\"><br \/>\n<\/a><strong>Adre\u00e7a:<\/strong> Camp de la Plana, 13, Centre C\u00edvic Onyar, Girona<\/p>\n<p><iframe loading=\"lazy\" src=\"http:\/\/mapsengine.google.com\/map\/embed?mid=zIj6ryUPRJ5w.kWPsWW36goAg\" width=\"640\" height=\"480\"><\/iframe><\/p>\n","protected":false},"excerpt":{"rendered":"<p>Coordinaci\u00f3 amb agents del territori Divendres, 22 de novembre Punt \u00d2mnia Font de la P\u00f2lvora, Girona Els Punts \u00d2mnia no s&#8217;entenen sense el treball comunitari que hi ha al darrere. La possibilitat de generar sinergies amb diferents agents del territori en el camp de la inserci\u00f3, permet optimitzar l&#8217;impacte que tenim i generar complicitats positives <a href=\"https:\/\/bloc.xarxa-omnia.org\/jornadesterritorials\/segon-semestre-de-2013\/girona\/#more-'\" class=\"more-link\">more \u00bb<\/a><\/p>\n","protected":false},"author":61,"featured_media":0,"parent":878,"menu_order":1,"comment_status":"open","ping_status":"open","template":"","meta":{"footnotes":""},"class_list":["post-882","page","type-page","status-publish","czr-hentry"],"_links":{"self":[{"href":"https:\/\/bloc.xarxa-omnia.org\/jornadesterritorials\/wp-json\/wp\/v2\/pages\/882","targetHints":{"allow":["GET"]}}],"collection":[{"href":"https:\/\/bloc.xarxa-omnia.org\/jornadesterritorials\/wp-json\/wp\/v2\/pages"}],"about":[{"href":"https:\/\/bloc.xarxa-omnia.org\/jornadesterritorials\/wp-json\/wp\/v2\/types\/page"}],"author":[{"embeddable":true,"href":"https:\/\/bloc.xarxa-omnia.org\/jornadesterritorials\/wp-json\/wp\/v2\/users\/61"}],"replies":[{"embeddable":true,"href":"https:\/\/bloc.xarxa-omnia.org\/jornadesterritorials\/wp-json\/wp\/v2\/comments?post=882"}],"version-history":[{"count":14,"href":"https:\/\/bloc.xarxa-omnia.org\/jornadesterritorials\/wp-json\/wp\/v2\/pages\/882\/revisions"}],"predecessor-version":[{"id":946,"href":"https:\/\/bloc.xarxa-omnia.org\/jornadesterritorials\/wp-json\/wp\/v2\/pages\/882\/revisions\/946"}],"up":[{"embeddable":true,"href":"https:\/\/bloc.xarxa-omnia.org\/jornadesterritorials\/wp-json\/wp\/v2\/pages\/878"}],"wp:attachment":[{"href":"https:\/\/bloc.xarxa-omnia.org\/jornadesterritorials\/wp-json\/wp\/v2\/media?parent=882"}],"curies":[{"name":"wp","href":"https:\/\/api.w.org\/{rel}","templated":true}]}}