{"id":887,"date":"2013-10-17T16:43:52","date_gmt":"2013-10-17T14:43:52","guid":{"rendered":"http:\/\/blog.xarxa-omnia.org\/jornadesterritorials\/?page_id=887"},"modified":"2013-11-05T15:54:20","modified_gmt":"2013-11-05T13:54:20","slug":"tarrega-lleida","status":"publish","type":"page","link":"https:\/\/bloc.xarxa-omnia.org\/jornadesterritorials\/segon-semestre-de-2013\/tarrega-lleida\/","title":{"rendered":"T\u00e0rrega (Lleida)"},"content":{"rendered":"<h1><a href=\"http:\/\/blog.xarxa-omnia.org\/jornadesterritorials\/inscripcio-i-comunicacions\/\"><img loading=\"lazy\" decoding=\"async\" class=\"alignright\" title=\"inscripcio\" src=\"http:\/\/blog.xarxa-omnia.org\/jornadesterritorials\/files\/2012\/05\/inscripcio.png\" alt=\"Inscriu-te!\" width=\"160\" height=\"195\" \/><\/a>Activitats d&#8217;inserci\u00f3 i orientaci\u00f3 professional<\/h1>\n<h2>Divendres, 29 de novembre<\/h2>\n<h2>Punt \u00d2mnia G\u00f2TIC \u2013 Ajuntament de T\u00e0rrega<\/h2>\n<p><em>En aquest eix es vol donar una visi\u00f3 \u00e0mplia de les diferents activitats que es poden realitzar en el camp de la inserci\u00f3 per tal d&#8217;ampliar-ne la mirada. Aix\u00ed, ser\u00e0 interessant visualitzar com s&#8217;adapta en funci\u00f3 del territori, dels col\u00b7lectius a qui s&#8217;adre\u00e7a, de les dificultats de les persones, de les oportunitats de l&#8217;entorn, etc. <\/em><\/p>\n<p><strong>Programa:<\/strong><\/p>\n<ul>\n<li>9.30 h Benvinguda, a c\u00e0rrec de la DGACC.<\/li>\n<li>10 h Presentaci\u00f3 de la tem\u00e0tica, contextualitzaci\u00f3 i aportacions de la dinamitzaci\u00f3 pr\u00e8via, a c\u00e0rrec de <strong>Maria Punsoda<\/strong>, t\u00e8cnica d\u2019Insercoop.<\/li>\n<li>10.30 h Presentacions d&#8217;experi\u00e8ncies: <\/li>\n<ul>\n<li><em>De cara a la feina<\/em>, a c\u00e0rrec de <strong>Ramon Orom\u00ed<\/strong>, dinamitzador del Punt \u00d2mnia G\u00f2TIC \u2013 Ajuntament de T\u00e0rrega.<\/li>\n<li><em>Espai Catifa<\/em>, a c\u00e0rrec d&#8217;<strong>Anna Segarra<\/strong>, dinamitzadora del Punt \u00d2mnia Centre d&#8217;Esplai Eixida de Sant Boi de Llobregat.<\/li>\n<\/ul>\n<li>11.30 h Descans.<\/li>\n<li>12.00 h Grup de treball, condu\u00eft pel Servei de Coordinaci\u00f3 i Seguiment, i la L\u00ednia d&#8217;Inserci\u00f3 Social.<\/li>\n<li>13.45 h Cloenda.<\/li>\n<\/ul>\n<p><strong>Lloc:<\/strong> <a title=\"Dades de contacte del punt al web d'\u00d2mnia\" href=\"http:\/\/xarxa-omnia.org\/punt-omnia\/punt-mnia-g-tic-ajuntament-de-t-rrega\">Punt \u00d2mnia G\u00f2TIC &#8211; Ajuntament de T\u00e0rrega<\/a><a title=\"Dades de contacte del punt al web d'\u00d2mnia\" href=\"http:\/\/xarxa-omnia.org\/punt-omnia\/punt-mnia-plataforma-educativa\"><br \/>\n<\/a><\/p>\n<p><strong>Adre\u00e7a:<\/strong> C. Segle XX, 2, 2n  (Centre d&#8217;Entitats), T\u00e0rrega<br \/>\n<iframe loading=\"lazy\" src=\"http:\/\/mapsengine.google.com\/map\/embed?mid=zIj6ryUPRJ5w.ktGYzBAP3CNU\" width=\"640\" height=\"480\"><\/iframe><\/p>\n","protected":false},"excerpt":{"rendered":"<p>Activitats d&#8217;inserci\u00f3 i orientaci\u00f3 professional Divendres, 29 de novembre Punt \u00d2mnia G\u00f2TIC \u2013 Ajuntament de T\u00e0rrega En aquest eix es vol donar una visi\u00f3 \u00e0mplia de les diferents activitats que es poden realitzar en el camp de la inserci\u00f3 per tal d&#8217;ampliar-ne la mirada. Aix\u00ed, ser\u00e0 interessant visualitzar com s&#8217;adapta en funci\u00f3 del territori, dels <a href=\"https:\/\/bloc.xarxa-omnia.org\/jornadesterritorials\/segon-semestre-de-2013\/tarrega-lleida\/#more-'\" class=\"more-link\">more \u00bb<\/a><\/p>\n","protected":false},"author":61,"featured_media":0,"parent":878,"menu_order":3,"comment_status":"open","ping_status":"open","template":"","meta":{"footnotes":""},"class_list":["post-887","page","type-page","status-publish","czr-hentry"],"_links":{"self":[{"href":"https:\/\/bloc.xarxa-omnia.org\/jornadesterritorials\/wp-json\/wp\/v2\/pages\/887","targetHints":{"allow":["GET"]}}],"collection":[{"href":"https:\/\/bloc.xarxa-omnia.org\/jornadesterritorials\/wp-json\/wp\/v2\/pages"}],"about":[{"href":"https:\/\/bloc.xarxa-omnia.org\/jornadesterritorials\/wp-json\/wp\/v2\/types\/page"}],"author":[{"embeddable":true,"href":"https:\/\/bloc.xarxa-omnia.org\/jornadesterritorials\/wp-json\/wp\/v2\/users\/61"}],"replies":[{"embeddable":true,"href":"https:\/\/bloc.xarxa-omnia.org\/jornadesterritorials\/wp-json\/wp\/v2\/comments?post=887"}],"version-history":[{"count":8,"href":"https:\/\/bloc.xarxa-omnia.org\/jornadesterritorials\/wp-json\/wp\/v2\/pages\/887\/revisions"}],"predecessor-version":[{"id":947,"href":"https:\/\/bloc.xarxa-omnia.org\/jornadesterritorials\/wp-json\/wp\/v2\/pages\/887\/revisions\/947"}],"up":[{"embeddable":true,"href":"https:\/\/bloc.xarxa-omnia.org\/jornadesterritorials\/wp-json\/wp\/v2\/pages\/878"}],"wp:attachment":[{"href":"https:\/\/bloc.xarxa-omnia.org\/jornadesterritorials\/wp-json\/wp\/v2\/media?parent=887"}],"curies":[{"name":"wp","href":"https:\/\/api.w.org\/{rel}","templated":true}]}}