{"id":889,"date":"2013-10-17T16:48:05","date_gmt":"2013-10-17T14:48:05","guid":{"rendered":"http:\/\/blog.xarxa-omnia.org\/jornadesterritorials\/?page_id=889"},"modified":"2013-11-08T15:36:42","modified_gmt":"2013-11-08T13:36:42","slug":"reus-tarragona","status":"publish","type":"page","link":"https:\/\/bloc.xarxa-omnia.org\/jornadesterritorials\/segon-semestre-de-2013\/reus-tarragona\/","title":{"rendered":"Reus (Tarragona)"},"content":{"rendered":"<h1><a href=\"http:\/\/blog.xarxa-omnia.org\/jornadesterritorials\/inscripcio-i-comunicacions\/\"><img loading=\"lazy\" decoding=\"async\" class=\"alignright\" title=\"inscripcio\" src=\"http:\/\/blog.xarxa-omnia.org\/jornadesterritorials\/files\/2012\/05\/inscripcio.png\" alt=\"Inscriu-te!\" width=\"160\" height=\"195\" \/><\/a>Participaci\u00f3 i inclusi\u00f3 laboral<\/h1>\n<h2>Dimarts, 3 de desembre<\/h2>\n<h2>Punt \u00d2mnia Casal C\u00edvic Reus \u2013 Sant Josep Obrer<\/h2>\n<p><em>Inserci\u00f3 social, inserci\u00f3 laboral i participaci\u00f3 s\u00f3n elements que sovint han d&#8217;anar junts. Les activitats que s&#8217;adrecen a generar elements de participaci\u00f3 a trav\u00e9s de la inclusi\u00f3 laboral permeten realitzar accions d&#8217;empoderament personal imprescindible en algunes situacions.<\/em><\/p>\n<p><strong>Programa:<\/strong><\/p>\n<ul>\n<li>9.30 h Benvinguda, a c\u00e0rrec de la DGACC.<\/li>\n<li>10 h Presentaci\u00f3 de la tem\u00e0tica, contextualitzaci\u00f3 i aportacions de la dinamitzaci\u00f3 pr\u00e8via, a c\u00e0rrec d&#8217;<strong>Elisabet Oliveres<\/strong>, t\u00e8cnica d\u2019Insercoop.<\/li>\n<li>10.30 h Presentacions d&#8217;experi\u00e8ncies: <\/li>\n<ul>\n<li><em>Orientaci\u00f3 professional i motivaci\u00f3<\/em>, a c\u00e0rrec d&#8217;<strong>Isabel Becerra<\/strong>, dinamitzadora del Punt \u00d2mnia Casal C\u00edvic Sant Vicen\u00e7 dels Horts &#8211; Sant Josep.<\/li>\n<li><em>Cinef\u00f2rum<\/em>, a c\u00e0rrec d&#8217;<strong>Hug de la Rosa<\/strong>, dinamitzador del Punt \u00d2mnia Eth Haro de Les, a la Vall d&#8217;Aran. <\/li>\n<\/ul>\n<li>11.30 h Descans.<\/li>\n<li>12.00 h Grup de treball, condu\u00eft pel Servei de Coordinaci\u00f3 i Seguiment, i la L\u00ednia d&#8217;Inserci\u00f3 Social.<\/li>\n<li>13.45 h Cloenda.<\/li>\n<\/ul>\n<p><strong>Lloc:<\/strong> <a title=\"Dades de contacte del punt al web d'\u00d2mnia\" href=\"http:\/\/xarxa-omnia.org\/punt-omnia\/punt-mnia-casal-c-vic-reus-sant-josep-obrer\">Punt \u00d2mnia Casal C\u00edvic Reus &#8211; Sant Josep Obrer<\/a><a title=\"Dades de contacte del punt al web d'\u00d2mnia\" href=\"http:\/\/xarxa-omnia.org\/punt-omnia\/punt-mnia-plataforma-educativa\"><\/a><\/p>\n<p><strong>Adre\u00e7a:<\/strong> C. Mas Pellicer, 55, Reus<br \/>\n<iframe loading=\"lazy\" src=\"http:\/\/mapsengine.google.com\/map\/embed?mid=zIj6ryUPRJ5w.kCHtpttxICDY\" width=\"640\" height=\"480\"><\/iframe><\/p>\n","protected":false},"excerpt":{"rendered":"<p>Participaci\u00f3 i inclusi\u00f3 laboral Dimarts, 3 de desembre Punt \u00d2mnia Casal C\u00edvic Reus \u2013 Sant Josep Obrer Inserci\u00f3 social, inserci\u00f3 laboral i participaci\u00f3 s\u00f3n elements que sovint han d&#8217;anar junts. Les activitats que s&#8217;adrecen a generar elements de participaci\u00f3 a trav\u00e9s de la inclusi\u00f3 laboral permeten realitzar accions d&#8217;empoderament personal imprescindible en algunes situacions. Programa: <a href=\"https:\/\/bloc.xarxa-omnia.org\/jornadesterritorials\/segon-semestre-de-2013\/reus-tarragona\/#more-'\" class=\"more-link\">more \u00bb<\/a><\/p>\n","protected":false},"author":61,"featured_media":0,"parent":878,"menu_order":4,"comment_status":"open","ping_status":"open","template":"","meta":{"footnotes":""},"class_list":["post-889","page","type-page","status-publish","czr-hentry"],"_links":{"self":[{"href":"https:\/\/bloc.xarxa-omnia.org\/jornadesterritorials\/wp-json\/wp\/v2\/pages\/889","targetHints":{"allow":["GET"]}}],"collection":[{"href":"https:\/\/bloc.xarxa-omnia.org\/jornadesterritorials\/wp-json\/wp\/v2\/pages"}],"about":[{"href":"https:\/\/bloc.xarxa-omnia.org\/jornadesterritorials\/wp-json\/wp\/v2\/types\/page"}],"author":[{"embeddable":true,"href":"https:\/\/bloc.xarxa-omnia.org\/jornadesterritorials\/wp-json\/wp\/v2\/users\/61"}],"replies":[{"embeddable":true,"href":"https:\/\/bloc.xarxa-omnia.org\/jornadesterritorials\/wp-json\/wp\/v2\/comments?post=889"}],"version-history":[{"count":9,"href":"https:\/\/bloc.xarxa-omnia.org\/jornadesterritorials\/wp-json\/wp\/v2\/pages\/889\/revisions"}],"predecessor-version":[{"id":963,"href":"https:\/\/bloc.xarxa-omnia.org\/jornadesterritorials\/wp-json\/wp\/v2\/pages\/889\/revisions\/963"}],"up":[{"embeddable":true,"href":"https:\/\/bloc.xarxa-omnia.org\/jornadesterritorials\/wp-json\/wp\/v2\/pages\/878"}],"wp:attachment":[{"href":"https:\/\/bloc.xarxa-omnia.org\/jornadesterritorials\/wp-json\/wp\/v2\/media?parent=889"}],"curies":[{"name":"wp","href":"https:\/\/api.w.org\/{rel}","templated":true}]}}