{"id":891,"date":"2013-10-17T16:51:53","date_gmt":"2013-10-17T14:51:53","guid":{"rendered":"http:\/\/blog.xarxa-omnia.org\/jornadesterritorials\/?page_id=891"},"modified":"2013-11-27T19:15:11","modified_gmt":"2013-11-27T17:15:11","slug":"barcelona-ciutat","status":"publish","type":"page","link":"https:\/\/bloc.xarxa-omnia.org\/jornadesterritorials\/segon-semestre-de-2013\/barcelona-ciutat\/","title":{"rendered":"Barcelona ciutat"},"content":{"rendered":"<h1><a href=\"http:\/\/blog.xarxa-omnia.org\/jornadesterritorials\/inscripcio-i-comunicacions\/\"><img loading=\"lazy\" decoding=\"async\" class=\"alignright\" title=\"inscripcio\" src=\"http:\/\/blog.xarxa-omnia.org\/jornadesterritorials\/files\/2012\/05\/inscripcio.png\" alt=\"Inscriu-te!\" width=\"160\" height=\"195\" \/><\/a>Emprenentatge i aprenentatge<\/h1>\n<h2>Dijous, 5 de desembre<\/h2>\n<h2>Punt \u00d2mnia Tria, del Casc Antic de Barcelona<\/h2>\n<p><em>L&#8217;evoluci\u00f3 del desenvolupament personal vinculat a la inserci\u00f3 obliga a introduir nous elements de treball. En aquest sentit, cal destacar aquells que tenen a veure amb l&#8217;emprenedoria i els que permeten un desenvolupament de les compet\u00e8ncies transversals. Con\u00e8ixer aquests nous formats permet enriquir la capacitat d&#8217;innovaci\u00f3 en el camp de la inserci\u00f3.<br \/>\n<\/em><\/p>\n<p><strong>Programa:<\/strong><\/p>\n<ul>\n<li>9.30 h Benvinguda, a c\u00e0rrec de la DGACC.<\/li>\n<li>10 h Presentaci\u00f3 de la tem\u00e0tica, contextualitzaci\u00f3 i aportacions de la dinamitzaci\u00f3 pr\u00e8via, a c\u00e0rrec de <strong>Carles Sanjuan<\/strong>, t\u00e8cnic d\u2019Insercoop.<\/li>\n<li>10.30 h Presentacions d&#8217;experi\u00e8ncies:  <\/li>\n<ul>\n<li><em>Imatge corporativa per a persones emprenedores<\/em>, a c\u00e0rrec de <strong>N\u00faria Sabe\u00f1a<\/strong>, dinamitzadora del Punt \u00d2mnia Can Gen\u00eds de Palafrugell.\n<\/li>\n<li><em>Banc del temps<\/em>, a c\u00e0rrec de <strong>Carles Fuxet<\/strong>, dinamitzador del Punt \u00d2mnia Patronat Antoni Roig de Torredembarra.<\/ul>\n<\/li>\n<li>11.30 h Descans.<\/li>\n<li>\n12.00 h Grup de treball, condu\u00eft pel Servei de Coordinaci\u00f3 i Seguiment, i la L\u00ednia d&#8217;Inserci\u00f3 Social.<\/li>\n<li> 13.45 h Cloenda.<\/li>\n<\/ul>\n<p><strong>Lloc:<\/strong> Locals de la Fundaci\u00f3 Comtal, entitat gestora del <a title=\"Dades de contacte del punt al web d'\u00d2mnia\" href=\"http:\/\/xarxa-omnia.org\/punt-omnia\/punt-mnia-tria\">Punt \u00d2mnia Tria<\/a> <\/p>\n<p><strong>Adre\u00e7a:<\/strong> C. Sant Pere Mitj\u00e0, 81, Barcelona (Atenci\u00f3, no \u00e9s l&#8217;adre\u00e7a del Punt \u00d2mnia, \u00e9s un local proper)<br \/>\n<iframe loading=\"lazy\" src=\"http:\/\/mapsengine.google.com\/map\/embed?mid=zIj6ryUPRJ5w.k3KiTCY99fm4\" width=\"640\" height=\"480\"><\/iframe><\/p>\n","protected":false},"excerpt":{"rendered":"<p>Emprenentatge i aprenentatge Dijous, 5 de desembre Punt \u00d2mnia Tria, del Casc Antic de Barcelona L&#8217;evoluci\u00f3 del desenvolupament personal vinculat a la inserci\u00f3 obliga a introduir nous elements de treball. En aquest sentit, cal destacar aquells que tenen a veure amb l&#8217;emprenedoria i els que permeten un desenvolupament de les compet\u00e8ncies transversals. Con\u00e8ixer aquests nous <a href=\"https:\/\/bloc.xarxa-omnia.org\/jornadesterritorials\/segon-semestre-de-2013\/barcelona-ciutat\/#more-'\" class=\"more-link\">more \u00bb<\/a><\/p>\n","protected":false},"author":61,"featured_media":0,"parent":878,"menu_order":5,"comment_status":"open","ping_status":"open","template":"","meta":{"footnotes":""},"class_list":["post-891","page","type-page","status-publish","czr-hentry"],"_links":{"self":[{"href":"https:\/\/bloc.xarxa-omnia.org\/jornadesterritorials\/wp-json\/wp\/v2\/pages\/891","targetHints":{"allow":["GET"]}}],"collection":[{"href":"https:\/\/bloc.xarxa-omnia.org\/jornadesterritorials\/wp-json\/wp\/v2\/pages"}],"about":[{"href":"https:\/\/bloc.xarxa-omnia.org\/jornadesterritorials\/wp-json\/wp\/v2\/types\/page"}],"author":[{"embeddable":true,"href":"https:\/\/bloc.xarxa-omnia.org\/jornadesterritorials\/wp-json\/wp\/v2\/users\/61"}],"replies":[{"embeddable":true,"href":"https:\/\/bloc.xarxa-omnia.org\/jornadesterritorials\/wp-json\/wp\/v2\/comments?post=891"}],"version-history":[{"count":13,"href":"https:\/\/bloc.xarxa-omnia.org\/jornadesterritorials\/wp-json\/wp\/v2\/pages\/891\/revisions"}],"predecessor-version":[{"id":974,"href":"https:\/\/bloc.xarxa-omnia.org\/jornadesterritorials\/wp-json\/wp\/v2\/pages\/891\/revisions\/974"}],"up":[{"embeddable":true,"href":"https:\/\/bloc.xarxa-omnia.org\/jornadesterritorials\/wp-json\/wp\/v2\/pages\/878"}],"wp:attachment":[{"href":"https:\/\/bloc.xarxa-omnia.org\/jornadesterritorials\/wp-json\/wp\/v2\/media?parent=891"}],"curies":[{"name":"wp","href":"https:\/\/api.w.org\/{rel}","templated":true}]}}