{"id":9,"date":"2012-05-21T14:10:50","date_gmt":"2012-05-21T12:10:50","guid":{"rendered":"http:\/\/blog.xarxa-omnia.org\/jornadesterritorials2012\/?page_id=9"},"modified":"2012-06-13T19:14:59","modified_gmt":"2012-06-13T17:14:59","slug":"tarragona","status":"publish","type":"page","link":"https:\/\/bloc.xarxa-omnia.org\/jornadesterritorials\/primer-semestre\/tarragona\/","title":{"rendered":"Tortosa (Tarragona i Terres de l&#8217;Ebre)"},"content":{"rendered":"<h2>Dimarts, 12 de juny de 2012<\/h2>\n<h4>Programa<\/h4>\n<ul>\n<li> 9.30 h Acollida.<\/li>\n<li>10 h Presentaci\u00f3 de la jornada i <strong>benvinguda<\/strong> als participants.<\/li>\n<li>10.15 h Coneixem la <strong>maleta d&#8217;eines i recursos per a la inserci\u00f3 social<\/strong>. A c\u00e0rrec de Clelia Sassatelli i Maria Punsoda.<\/li>\n<li>11.30 h Descans.<\/li>\n<li>12 h <strong>Presentacions d&#8217;experi\u00e8ncies, recursos i eines<\/strong>, a c\u00e0rrec dels dinamitzadors i dinamitzadores de la xarxa.<\/li>\n<ul>\n<li><strong>Josepa Perell\u00f3 i Jordi Rodr\u00edguez<\/strong> (Punt \u00d2mnia Casal C\u00edvic Tarragona &#8211; Campclar &#8211; AV Campclar): Projecte d&#8217;intervenci\u00f3 socioeducativa i de comunicaci\u00f3 dirigit a joves nouvinguts al barri de Campclar i a la resta de la comunitat. <\/li>\n<li><strong>Marisol Ignacio<\/strong> i <strong>Tamara Ruiz<\/strong> (Punt \u00d2mnia Riuclar i Punt \u00d2mnia AVV Torreforta): \u00d2mnia Inserta \u2013 Punts \u00d2mnia Ponent.<\/li>\n<\/ul>\n<li>13 h Espai de <strong>trobada creativa<\/strong>. A c\u00e0rrec dels membres de la comunitat \u00d2mnia.<\/li>\n<li>14 h Cloenda.<\/li>\n<\/ul>\n<p><strong>Lloc: <\/strong><a href=\"http:\/\/xarxa-omnia.org\/node\/3081\">Punt \u00d2mnia Casal de la Gent Gran de Tortosa<\/a><br \/>\n<strong>Adre\u00e7a:<\/strong> carrer d&#8217;Alfara de Carles, 27 (43500 Tortosa)<\/p>\n<p><iframe loading=\"lazy\" width=\"425\" height=\"350\" frameborder=\"0\" scrolling=\"no\" marginheight=\"0\" marginwidth=\"0\" src=\"http:\/\/maps.google.com\/maps\/ms?msa=0&amp;msid=215480288691928778528.0004c0a477a4ee8fd8411&amp;hl=ca&amp;ie=UTF8&amp;ll=42.1925,2.193411&amp;spn=1.537969,1.570527&amp;t=m&amp;iwloc=0004c0a4a7cadd756781f&amp;output=embed\"><\/iframe><br \/><small>Mostra <a href=\"http:\/\/maps.google.com\/maps\/ms?msa=0&amp;msid=215480288691928778528.0004c0a477a4ee8fd8411&amp;hl=ca&amp;ie=UTF8&amp;ll=42.1925,2.193411&amp;spn=1.537969,1.570527&amp;t=m&amp;iwloc=0004c0a4a7cadd756781f&amp;source=embed\" style=\"color:#0000FF;text-align:left\">Jornades territorials 2012<\/a> en un mapa m\u00e9s gran<\/small><\/p>\n","protected":false},"excerpt":{"rendered":"<p>Dimarts, 12 de juny de 2012 Programa 9.30 h Acollida. 10 h Presentaci\u00f3 de la jornada i benvinguda als participants. 10.15 h Coneixem la maleta d&#8217;eines i recursos per a la inserci\u00f3 social. A c\u00e0rrec de Clelia Sassatelli i Maria Punsoda. 11.30 h Descans. 12 h Presentacions d&#8217;experi\u00e8ncies, recursos i eines, a c\u00e0rrec dels dinamitzadors <a href=\"https:\/\/bloc.xarxa-omnia.org\/jornadesterritorials\/primer-semestre\/tarragona\/#more-'\" class=\"more-link\">more \u00bb<\/a><\/p>\n","protected":false},"author":61,"featured_media":0,"parent":4,"menu_order":3,"comment_status":"closed","ping_status":"open","template":"","meta":{"footnotes":""},"class_list":["post-9","page","type-page","status-publish","czr-hentry"],"_links":{"self":[{"href":"https:\/\/bloc.xarxa-omnia.org\/jornadesterritorials\/wp-json\/wp\/v2\/pages\/9","targetHints":{"allow":["GET"]}}],"collection":[{"href":"https:\/\/bloc.xarxa-omnia.org\/jornadesterritorials\/wp-json\/wp\/v2\/pages"}],"about":[{"href":"https:\/\/bloc.xarxa-omnia.org\/jornadesterritorials\/wp-json\/wp\/v2\/types\/page"}],"author":[{"embeddable":true,"href":"https:\/\/bloc.xarxa-omnia.org\/jornadesterritorials\/wp-json\/wp\/v2\/users\/61"}],"replies":[{"embeddable":true,"href":"https:\/\/bloc.xarxa-omnia.org\/jornadesterritorials\/wp-json\/wp\/v2\/comments?post=9"}],"version-history":[{"count":17,"href":"https:\/\/bloc.xarxa-omnia.org\/jornadesterritorials\/wp-json\/wp\/v2\/pages\/9\/revisions"}],"predecessor-version":[{"id":243,"href":"https:\/\/bloc.xarxa-omnia.org\/jornadesterritorials\/wp-json\/wp\/v2\/pages\/9\/revisions\/243"}],"up":[{"embeddable":true,"href":"https:\/\/bloc.xarxa-omnia.org\/jornadesterritorials\/wp-json\/wp\/v2\/pages\/4"}],"wp:attachment":[{"href":"https:\/\/bloc.xarxa-omnia.org\/jornadesterritorials\/wp-json\/wp\/v2\/media?parent=9"}],"curies":[{"name":"wp","href":"https:\/\/api.w.org\/{rel}","templated":true}]}}