{"id":11,"date":"2009-01-29T12:33:45","date_gmt":"2009-01-29T11:33:45","guid":{"rendered":"http:\/\/xarxaomnia.gencat.cat\/blocs\/josepobrer\/on-som-2\/"},"modified":"2011-07-06T12:33:57","modified_gmt":"2011-07-06T10:33:57","slug":"on-som-2","status":"publish","type":"page","link":"https:\/\/bloc.xarxa-omnia.org\/josepobrer\/on-som-2\/","title":{"rendered":"On Som?"},"content":{"rendered":"<p>El Punt \u00d2mnia &#8220;1er de Maig&#8221; est\u00e0 situat al barri &#8220;Sant Josep Obrer&#8221; de Reus (Tarragona). Concretament al carrer Mas Pellicer dins del Casal C\u00edvic del mateix nom, &#8220;Mas Pellicer&#8221;.<br \/>\n<a href=\"http:\/\/maps.google.es\/maps?f=q&amp;source=embed&amp;hl=es&amp;geocode=&amp;q=punt+%C3%B2mnia+%221er+de+maig%22&amp;g=Mas+Pellicer,+55,+43405+Reus&amp;ie=UTF8&amp;hq=punt+%C3%B2mnia+%221er+de+maig%22&amp;hnear=Madrid&amp;radius=15000&amp;ll=41.156298,1.125755&amp;spn=0.005284,0.011351&amp;z=14&amp;iwloc=A&amp;cid=8305468116313018488\">Ver mapa m\u00e1s grande<\/a><\/p>\n<p>L&#8217;horari d&#8217;atenci\u00f3 al p\u00fablic es el seg\u00fcent:<\/p>\n<p>Dilluns: De 10 a 14 i de 16 a 19.<\/p>\n<p>Dimarts: De 10 a 14 i de 16 a 19.<\/p>\n<p>Dimecres: De 10 a 14 i de 16 a 19.<\/p>\n<p>Dijous: De 10 a 14.<\/p>\n<p>Divendres: De 10 a 14.<\/p>\n<p>Tel\u00e8fon: <strong>977 30 11 35<\/strong><\/p>\n","protected":false},"excerpt":{"rendered":"<p>El Punt \u00d2mnia &#8220;1er de Maig&#8221; est\u00e0 situat al barri &#8220;Sant Josep Obrer&#8221; de Reus (Tarragona). Concretament al carrer Mas Pellicer dins del Casal C\u00edvic del mateix nom, &#8220;Mas Pellicer&#8221;. Ver mapa m\u00e1s grande L&#8217;horari d&#8217;atenci\u00f3 al p\u00fablic es el seg\u00fcent: Dilluns: De 10 a 14 i de 16 a 19. Dimarts: De 10 a &hellip; <a href=\"https:\/\/bloc.xarxa-omnia.org\/josepobrer\/on-som-2\/\" class=\"more-link\">Continua la lectura de <span class=\"screen-reader-text\">On Som?<\/span> <span class=\"meta-nav\">&rarr;<\/span><\/a><\/p>\n","protected":false},"author":84,"featured_media":0,"parent":0,"menu_order":0,"comment_status":"open","ping_status":"open","template":"","meta":{"jetpack_post_was_ever_published":false,"footnotes":""},"class_list":["post-11","page","type-page","status-publish","hentry"],"jetpack_sharing_enabled":true,"jetpack_shortlink":"https:\/\/wp.me\/P7frvt-b","_links":{"self":[{"href":"https:\/\/bloc.xarxa-omnia.org\/josepobrer\/wp-json\/wp\/v2\/pages\/11","targetHints":{"allow":["GET"]}}],"collection":[{"href":"https:\/\/bloc.xarxa-omnia.org\/josepobrer\/wp-json\/wp\/v2\/pages"}],"about":[{"href":"https:\/\/bloc.xarxa-omnia.org\/josepobrer\/wp-json\/wp\/v2\/types\/page"}],"author":[{"embeddable":true,"href":"https:\/\/bloc.xarxa-omnia.org\/josepobrer\/wp-json\/wp\/v2\/users\/84"}],"replies":[{"embeddable":true,"href":"https:\/\/bloc.xarxa-omnia.org\/josepobrer\/wp-json\/wp\/v2\/comments?post=11"}],"version-history":[{"count":8,"href":"https:\/\/bloc.xarxa-omnia.org\/josepobrer\/wp-json\/wp\/v2\/pages\/11\/revisions"}],"predecessor-version":[{"id":134,"href":"https:\/\/bloc.xarxa-omnia.org\/josepobrer\/wp-json\/wp\/v2\/pages\/11\/revisions\/134"}],"wp:attachment":[{"href":"https:\/\/bloc.xarxa-omnia.org\/josepobrer\/wp-json\/wp\/v2\/media?parent=11"}],"curies":[{"name":"wp","href":"https:\/\/api.w.org\/{rel}","templated":true}]}}