{"id":30,"date":"2011-04-20T13:05:47","date_gmt":"2011-04-20T11:05:47","guid":{"rendered":"http:\/\/xarxaomnia.gencat.cat\/blocs\/labalconada\/?page_id=30"},"modified":"2012-02-14T10:46:00","modified_gmt":"2012-02-14T08:46:00","slug":"datos-del-punt","status":"publish","type":"page","link":"https:\/\/bloc.xarxa-omnia.org\/labalconada\/datos-del-punt\/","title":{"rendered":"Contacta amb l&#8217;\u00d2mnia"},"content":{"rendered":"<p><strong>Direcci\u00f3n<\/strong>: Pla\u00e7a Oleguer Mir\u00f3 s\/n (Manresa)<\/p>\n<p><strong>Tel\u00e9fono<\/strong>: 93 874 39 07<\/p>\n<p><strong>E-mail<\/strong>: labalconada@xarxa-omnia.org<\/p>\n<p><strong>Horario de atenci\u00f3n al p\u00fablico<\/strong>: de lunes a jueves de 12 a 14 y de 18 a 19. Los viernes de 12:30 a 13:30<\/p>\n","protected":false},"excerpt":{"rendered":"<p>Direcci\u00f3n: Pla\u00e7a Oleguer Mir\u00f3 s\/n (Manresa) Tel\u00e9fono: 93 874 39 07 E-mail: labalconada@xarxa-omnia.org Horario de atenci\u00f3n al p\u00fablico: de lunes a jueves de 12 a 14 y de 18 a 19. Los viernes de 12:30 a 13:30<\/p>\n","protected":false},"author":138,"featured_media":0,"parent":0,"menu_order":0,"comment_status":"closed","ping_status":"open","template":"","meta":{"footnotes":""},"class_list":["post-30","page","type-page","status-publish","hentry"],"_links":{"self":[{"href":"https:\/\/bloc.xarxa-omnia.org\/labalconada\/wp-json\/wp\/v2\/pages\/30","targetHints":{"allow":["GET"]}}],"collection":[{"href":"https:\/\/bloc.xarxa-omnia.org\/labalconada\/wp-json\/wp\/v2\/pages"}],"about":[{"href":"https:\/\/bloc.xarxa-omnia.org\/labalconada\/wp-json\/wp\/v2\/types\/page"}],"author":[{"embeddable":true,"href":"https:\/\/bloc.xarxa-omnia.org\/labalconada\/wp-json\/wp\/v2\/users\/138"}],"replies":[{"embeddable":true,"href":"https:\/\/bloc.xarxa-omnia.org\/labalconada\/wp-json\/wp\/v2\/comments?post=30"}],"version-history":[{"count":12,"href":"https:\/\/bloc.xarxa-omnia.org\/labalconada\/wp-json\/wp\/v2\/pages\/30\/revisions"}],"predecessor-version":[{"id":121,"href":"https:\/\/bloc.xarxa-omnia.org\/labalconada\/wp-json\/wp\/v2\/pages\/30\/revisions\/121"}],"wp:attachment":[{"href":"https:\/\/bloc.xarxa-omnia.org\/labalconada\/wp-json\/wp\/v2\/media?parent=30"}],"curies":[{"name":"wp","href":"https:\/\/api.w.org\/{rel}","templated":true}]}}