{"id":18,"date":"2016-02-10T16:38:31","date_gmt":"2016-02-10T14:38:31","guid":{"rendered":"http:\/\/xarxaomnia.gencat.cat\/blocs\/ladevesa\/?page_id=18"},"modified":"2022-01-18T21:29:26","modified_gmt":"2022-01-18T19:29:26","slug":"f-tyjk","status":"publish","type":"page","link":"https:\/\/bloc.xarxa-omnia.org\/ladevesa\/f-tyjk\/","title":{"rendered":"Programaci\u00f3 Gener-mar\u00e7 2022!"},"content":{"rendered":"<p style=\"text-align: center\">El Punt \u00d2mnia la Devesa obre de nou portes amb <strong>aquesta programaci\u00f3<\/strong>!\u00a0<\/p>\n<p>Les inscripcions s\u00f3n del <strong>17 al 21 de gener<\/strong>, tot i que sempre deixem una mica de marge si encara queden places.<\/p>\n<p><a href=\"http:\/\/bloc.xarxa-omnia.org\/ladevesa\/files\/2022\/01\/gener-mar\u00e7-2022.png\"><img loading=\"lazy\" decoding=\"async\" class=\"size-medium wp-image-829 aligncenter\" src=\"http:\/\/bloc.xarxa-omnia.org\/ladevesa\/files\/2022\/01\/gener-mar\u00e7-2022-300x300.png\" alt=\"\" width=\"300\" height=\"300\" srcset=\"https:\/\/bloc.xarxa-omnia.org\/ladevesa\/files\/2022\/01\/gener-mar\u00e7-2022-300x300.png 300w, https:\/\/bloc.xarxa-omnia.org\/ladevesa\/files\/2022\/01\/gener-mar\u00e7-2022-150x150.png 150w, https:\/\/bloc.xarxa-omnia.org\/ladevesa\/files\/2022\/01\/gener-mar\u00e7-2022-768x768.png 768w, https:\/\/bloc.xarxa-omnia.org\/ladevesa\/files\/2022\/01\/gener-mar\u00e7-2022-510x510.png 510w, https:\/\/bloc.xarxa-omnia.org\/ladevesa\/files\/2022\/01\/gener-mar\u00e7-2022.png 1080w\" sizes=\"auto, (max-width: 300px) 100vw, 300px\" \/><\/a><a href=\"http:\/\/bloc.xarxa-omnia.org\/ladevesa\/files\/2022\/01\/gener-mar\u00e7-2022-2.png\"><img loading=\"lazy\" decoding=\"async\" class=\"size-medium wp-image-830 aligncenter\" src=\"http:\/\/bloc.xarxa-omnia.org\/ladevesa\/files\/2022\/01\/gener-mar\u00e7-2022-2-300x300.png\" alt=\"\" width=\"300\" height=\"300\" srcset=\"https:\/\/bloc.xarxa-omnia.org\/ladevesa\/files\/2022\/01\/gener-mar\u00e7-2022-2-300x300.png 300w, https:\/\/bloc.xarxa-omnia.org\/ladevesa\/files\/2022\/01\/gener-mar\u00e7-2022-2-150x150.png 150w, https:\/\/bloc.xarxa-omnia.org\/ladevesa\/files\/2022\/01\/gener-mar\u00e7-2022-2-768x768.png 768w, https:\/\/bloc.xarxa-omnia.org\/ladevesa\/files\/2022\/01\/gener-mar\u00e7-2022-2-510x510.png 510w, https:\/\/bloc.xarxa-omnia.org\/ladevesa\/files\/2022\/01\/gener-mar\u00e7-2022-2.png 1080w\" sizes=\"auto, (max-width: 300px) 100vw, 300px\" \/><\/a><\/p>\n<p><a href=\"http:\/\/bloc.xarxa-omnia.org\/ladevesa\/files\/2022\/01\/estiu-2021.png\"><img loading=\"lazy\" decoding=\"async\" class=\"size-medium wp-image-831 aligncenter\" src=\"http:\/\/bloc.xarxa-omnia.org\/ladevesa\/files\/2022\/01\/estiu-2021-300x300.png\" alt=\"\" width=\"300\" height=\"300\" srcset=\"https:\/\/bloc.xarxa-omnia.org\/ladevesa\/files\/2022\/01\/estiu-2021-300x300.png 300w, https:\/\/bloc.xarxa-omnia.org\/ladevesa\/files\/2022\/01\/estiu-2021-150x150.png 150w, https:\/\/bloc.xarxa-omnia.org\/ladevesa\/files\/2022\/01\/estiu-2021-768x768.png 768w, https:\/\/bloc.xarxa-omnia.org\/ladevesa\/files\/2022\/01\/estiu-2021-510x510.png 510w, https:\/\/bloc.xarxa-omnia.org\/ladevesa\/files\/2022\/01\/estiu-2021.png 1080w\" sizes=\"auto, (max-width: 300px) 100vw, 300px\" \/><\/a><\/p>\n<p style=\"text-align: center\"><em>Si ho necessiteu podeu fer clic en totes les imatges per a fer-les m\u00e9s gran.<\/em><\/p>\n<p>Tamb\u00e9 podeu fer servir l&#8217;opci\u00f3 de <a href=\"https:\/\/xarxaomnia.gencat.cat\/node\/6923\/cita-previa\" target=\"_blank\" rel=\"noopener noreferrer\">Cita pr\u00e8via<\/a>, si cliqueu damunt anireu directament a la p\u00e0gina del Punt \u00d2mnia la Devesa. Per a demanar servei cal que feu un seguit de passos:<\/p>\n<p><span style=\"font-weight: 400\">Un cop dins del Punt \u00d2mnia seleccionat apareix un calendari del mes en curs amb\u00a0 l\u2019oferta d\u2019hores disponibles de cita pr\u00e8via (de color verd) i les ocupades (en vermell),\u00a0 l\u2019adre\u00e7a completa del Punt i la geolocalitzaci\u00f3 en el mapa per una correcta\u00a0 identificaci\u00f3 del Punt \u00d2mnia on es vol fer la sol\u00b7licitud de cita pr\u00e8via.<\/span><\/p>\n<p><a href=\"http:\/\/bloc.xarxa-omnia.org\/ladevesa\/files\/2020\/10\/Captura-de-2020-10-02-09-16-37.png\"><img loading=\"lazy\" decoding=\"async\" class=\"alignnone wp-image-399 cc_cursor\" src=\"http:\/\/bloc.xarxa-omnia.org\/ladevesa\/files\/2020\/10\/Captura-de-2020-10-02-09-16-37-300x126.png\" alt=\"\" width=\"436\" height=\"183\" srcset=\"https:\/\/bloc.xarxa-omnia.org\/ladevesa\/files\/2020\/10\/Captura-de-2020-10-02-09-16-37-300x126.png 300w, https:\/\/bloc.xarxa-omnia.org\/ladevesa\/files\/2020\/10\/Captura-de-2020-10-02-09-16-37-768x323.png 768w, https:\/\/bloc.xarxa-omnia.org\/ladevesa\/files\/2020\/10\/Captura-de-2020-10-02-09-16-37.png 1284w\" sizes=\"auto, (max-width: 436px) 100vw, 436px\" \/><\/a><\/p>\n<p><span style=\"font-weight: 400\">Per fer la demanda de dia i hora cal pr\u00e9mer sobre la data i hora convinguda. En aquest\u00a0 moment apareixen tres missatges indicatius de les condicions d\u2019\u00fas de la cita pr\u00e8via i el\u00a0 formulari on introduir les dades de contacte. La informaci\u00f3 obligat\u00f2ria s\u00f3n nom i\u00a0 cognoms, correu electr\u00f2nic i explicaci\u00f3 del motiu de la cita pr\u00e8via.<\/span><\/p>\n<p><span style=\"font-weight: 400\">Per tramitar la sol\u00b7licitud de cita pr\u00e8via \u00e9s necessari especificar el compliment de la\u00a0 normativa sanit\u00e0ria, aix\u00ed com acceptar les cl\u00e0usules de protecci\u00f3 de dades. La validaci\u00f3\u00a0 de la sol\u00b7licitud requereix pr\u00e9mer el bot\u00f3 \u2018enviar\u2019.\u00a0<\/span><\/p>\n<p><a href=\"http:\/\/bloc.xarxa-omnia.org\/ladevesa\/files\/2020\/10\/Captura-de-2020-10-02-09-19-57.png\"><img loading=\"lazy\" decoding=\"async\" class=\"alignnone size-medium wp-image-400 cc_cursor\" src=\"http:\/\/bloc.xarxa-omnia.org\/ladevesa\/files\/2020\/10\/Captura-de-2020-10-02-09-19-57-236x300.png\" alt=\"\" width=\"236\" height=\"300\" srcset=\"https:\/\/bloc.xarxa-omnia.org\/ladevesa\/files\/2020\/10\/Captura-de-2020-10-02-09-19-57-236x300.png 236w, https:\/\/bloc.xarxa-omnia.org\/ladevesa\/files\/2020\/10\/Captura-de-2020-10-02-09-19-57.png 649w\" sizes=\"auto, (max-width: 236px) 100vw, 236px\" \/><\/a><\/p>\n<p><span style=\"font-weight: 400\">Un cop acceptada la sol\u00b7licitud apareix el seg\u00fcent av\u00eds.<\/span><\/p>\n<p><a href=\"http:\/\/bloc.xarxa-omnia.org\/ladevesa\/files\/2020\/10\/Captura-de-2020-10-02-09-22-41.png\"><img loading=\"lazy\" decoding=\"async\" class=\"alignnone size-medium wp-image-401 cc_cursor\" src=\"http:\/\/bloc.xarxa-omnia.org\/ladevesa\/files\/2020\/10\/Captura-de-2020-10-02-09-22-41-300x245.png\" alt=\"\" width=\"300\" height=\"245\" srcset=\"https:\/\/bloc.xarxa-omnia.org\/ladevesa\/files\/2020\/10\/Captura-de-2020-10-02-09-22-41-300x245.png 300w, https:\/\/bloc.xarxa-omnia.org\/ladevesa\/files\/2020\/10\/Captura-de-2020-10-02-09-22-41.png 482w\" sizes=\"auto, (max-width: 300px) 100vw, 300px\" \/><\/a><\/p>\n<p><span style=\"font-weight: 400\">A m\u00e9s, s\u2019envia un correu i\/o una trucada per part de la persona dinamitzadora de\u00a0 l\u2019\u00d2mnia per tal de confirmar la reserva d\u2019hora. En cas de necessitar anul\u00b7lar la cita s\u2019ha\u00a0 de fer des de l\u2019enlla\u00e7 que apareix al correu de notificaci\u00f3 de la reserva. Posteriorment,\u00a0 s\u2019envia un correu de confirmaci\u00f3 de la visita quan ha estat acceptada per la\u00a0 dinamitzadora. El correu que s\u2019envia de confirmaci\u00f3 \u00e9s com aquest:<\/span><\/p>\n<p><a href=\"http:\/\/bloc.xarxa-omnia.org\/ladevesa\/files\/2020\/10\/Captura-de-2020-10-02-09-25-00.jpg\"><img loading=\"lazy\" decoding=\"async\" class=\"alignnone size-medium wp-image-402 cc_cursor\" src=\"http:\/\/bloc.xarxa-omnia.org\/ladevesa\/files\/2020\/10\/Captura-de-2020-10-02-09-25-00-300x213.jpg\" alt=\"\" width=\"300\" height=\"213\" srcset=\"https:\/\/bloc.xarxa-omnia.org\/ladevesa\/files\/2020\/10\/Captura-de-2020-10-02-09-25-00-300x213.jpg 300w, https:\/\/bloc.xarxa-omnia.org\/ladevesa\/files\/2020\/10\/Captura-de-2020-10-02-09-25-00.jpg 504w\" sizes=\"auto, (max-width: 300px) 100vw, 300px\" \/><\/a><\/p>\n<p>Si no us ha quedat molt clar o teniu problemes de visi\u00f3 o audi\u00f3, en aquest video la companya Yolanda del <a href=\"https:\/\/www.facebook.com\/akwaba.omnia\/\" target=\"_blank\" rel=\"noopener noreferrer\">Punt \u00d2mnia Fundaci\u00f3 Akwaba<\/a> ens ho explica molt b\u00e9.<\/p>\n\n\n<figure class=\"wp-block-embed-youtube wp-block-embed is-type-video is-provider-youtube wp-embed-aspect-16-9 wp-has-aspect-ratio\"><div class=\"wp-block-embed__wrapper\">\n<iframe loading=\"lazy\" title=\"Demanar cita pr\u00e8via al Punt \u00d2mnia #vineAl\u00d2mnia\" width=\"1140\" height=\"641\" src=\"https:\/\/www.youtube.com\/embed\/UfZTfKwp96k?feature=oembed\" frameborder=\"0\" allow=\"accelerometer; autoplay; clipboard-write; encrypted-media; gyroscope; picture-in-picture\" allowfullscreen><\/iframe>\n<\/div><\/figure>\n\n\n\n<p><a href=\"https:\/\/xarxaomnia.gencat.cat\/noticies\/la-xarxa-mnia-llan-la-campanya-vineal-mnia\" target=\"_blank\" rel=\"noreferrer noopener\">#Vineal\u00d2mnia<\/a> #ladevesa&nbsp;<a href=\"https:\/\/www.instagram.com\/explore\/tags\/omnia\/\">#omnia<\/a><\/p>\n","protected":false},"excerpt":{"rendered":"<p>El Punt \u00d2mnia la Devesa obre de nou portes amb aquesta programaci\u00f3!\u00a0 Les inscripcions s\u00f3n del 17 al 21 de gener, tot i que sempre deixem una mica de marge si encara queden places. Si ho necessiteu podeu fer clic en totes les imatges per a fer-les m\u00e9s gran. Tamb\u00e9 podeu fer servir l&#8217;opci\u00f3 de [&hellip;]<\/p>\n","protected":false},"author":158,"featured_media":485,"parent":0,"menu_order":0,"comment_status":"closed","ping_status":"closed","template":"","meta":{"footnotes":""},"class_list":["post-18","page","type-page","status-publish","has-post-thumbnail","czr-hentry"],"_links":{"self":[{"href":"https:\/\/bloc.xarxa-omnia.org\/ladevesa\/wp-json\/wp\/v2\/pages\/18","targetHints":{"allow":["GET"]}}],"collection":[{"href":"https:\/\/bloc.xarxa-omnia.org\/ladevesa\/wp-json\/wp\/v2\/pages"}],"about":[{"href":"https:\/\/bloc.xarxa-omnia.org\/ladevesa\/wp-json\/wp\/v2\/types\/page"}],"author":[{"embeddable":true,"href":"https:\/\/bloc.xarxa-omnia.org\/ladevesa\/wp-json\/wp\/v2\/users\/158"}],"replies":[{"embeddable":true,"href":"https:\/\/bloc.xarxa-omnia.org\/ladevesa\/wp-json\/wp\/v2\/comments?post=18"}],"version-history":[{"count":28,"href":"https:\/\/bloc.xarxa-omnia.org\/ladevesa\/wp-json\/wp\/v2\/pages\/18\/revisions"}],"predecessor-version":[{"id":833,"href":"https:\/\/bloc.xarxa-omnia.org\/ladevesa\/wp-json\/wp\/v2\/pages\/18\/revisions\/833"}],"wp:featuredmedia":[{"embeddable":true,"href":"https:\/\/bloc.xarxa-omnia.org\/ladevesa\/wp-json\/wp\/v2\/media\/485"}],"wp:attachment":[{"href":"https:\/\/bloc.xarxa-omnia.org\/ladevesa\/wp-json\/wp\/v2\/media?parent=18"}],"curies":[{"name":"wp","href":"https:\/\/api.w.org\/{rel}","templated":true}]}}