{"id":442,"date":"2020-11-13T11:13:42","date_gmt":"2020-11-13T09:13:42","guid":{"rendered":"http:\/\/bloc.xarxa-omnia.org\/ladevesa\/?page_id=442"},"modified":"2021-07-06T09:04:52","modified_gmt":"2021-07-06T07:04:52","slug":"qui-hi-ha-darrera-del-punt","status":"publish","type":"page","link":"https:\/\/bloc.xarxa-omnia.org\/ladevesa\/qui-hi-ha-darrera-del-punt\/","title":{"rendered":"Qui hi ha darrera del punt?"},"content":{"rendered":"\n<figure class=\"wp-block-image size-large\"><img loading=\"lazy\" decoding=\"async\" width=\"1350\" height=\"650\" src=\"https:\/\/bloc.xarxa-omnia.org\/ladevesa\/files\/2021\/07\/PERMANENT.png\" alt=\"\" class=\"wp-image-676\" srcset=\"https:\/\/bloc.xarxa-omnia.org\/ladevesa\/files\/2021\/07\/PERMANENT.png 1350w, https:\/\/bloc.xarxa-omnia.org\/ladevesa\/files\/2021\/07\/PERMANENT-300x144.png 300w, https:\/\/bloc.xarxa-omnia.org\/ladevesa\/files\/2021\/07\/PERMANENT-768x370.png 768w\" sizes=\"auto, (max-width: 1350px) 100vw, 1350px\" \/><\/figure>\n\n\n\n<p>Darrera del Punt \u00d2mnia la Devesa est\u00e0 una menda lerenda, la <strong>Raquel Rull Agull\u00f3<\/strong>. <br>Barcelonina de naixement i adoptada al Ripoll\u00e8s des de fa m\u00e9s d&#8217;una d\u00e8cada. No sabria gaire com definir-me, per\u00f2 poder la frase: &#8220;Cul inquiet&#8221; m&#8217;hi descriu bastant!<br><br>L&#8217;\u00d2mnia em va donar la possibilitat de treballar amb les TIC i la veritat que li he agafat el gustillo, tot i que sempre li poso a tot el punt comunitari. M&#8217;agrada l&#8217;edici\u00f3 de fotos, la cartelleria, tot el que t\u00e9 a veure amb el disseny. Per un moment vaig estar a punt d&#8217;entrar en Belles Arts per\u00f2 m&#8217;hi vaig decantar per la Pedagogia. Set vides com els gats hauriem de tenir. <br>B\u00e9, si encara us heu quedat amb ganes de voler saber una mica m\u00e9s de mi, podeu fer clic al meu perfil de <a rel=\"noreferrer noopener\" href=\"https:\/\/www.linkedin.com\/in\/raquel-rull-agull%C3%B3-93638845\/\" target=\"_blank\"><span class=\"has-inline-color has-vivid-cyan-blue-color\">Linkedin<\/span><\/a>!<br><\/p>\n\n\n\n<p><\/p>\n","protected":false},"excerpt":{"rendered":"<p>Darrera del Punt \u00d2mnia la Devesa est\u00e0 una menda lerenda, la Raquel Rull Agull\u00f3. Barcelonina de naixement i adoptada al Ripoll\u00e8s des de fa m\u00e9s d&#8217;una d\u00e8cada. No sabria gaire com definir-me, per\u00f2 poder la frase: &#8220;Cul inquiet&#8221; m&#8217;hi descriu bastant! L&#8217;\u00d2mnia em va donar la possibilitat de treballar amb les TIC i la veritat [&hellip;]<\/p>\n","protected":false},"author":158,"featured_media":0,"parent":0,"menu_order":0,"comment_status":"closed","ping_status":"closed","template":"","meta":{"footnotes":""},"class_list":["post-442","page","type-page","status-publish","czr-hentry"],"_links":{"self":[{"href":"https:\/\/bloc.xarxa-omnia.org\/ladevesa\/wp-json\/wp\/v2\/pages\/442","targetHints":{"allow":["GET"]}}],"collection":[{"href":"https:\/\/bloc.xarxa-omnia.org\/ladevesa\/wp-json\/wp\/v2\/pages"}],"about":[{"href":"https:\/\/bloc.xarxa-omnia.org\/ladevesa\/wp-json\/wp\/v2\/types\/page"}],"author":[{"embeddable":true,"href":"https:\/\/bloc.xarxa-omnia.org\/ladevesa\/wp-json\/wp\/v2\/users\/158"}],"replies":[{"embeddable":true,"href":"https:\/\/bloc.xarxa-omnia.org\/ladevesa\/wp-json\/wp\/v2\/comments?post=442"}],"version-history":[{"count":10,"href":"https:\/\/bloc.xarxa-omnia.org\/ladevesa\/wp-json\/wp\/v2\/pages\/442\/revisions"}],"predecessor-version":[{"id":690,"href":"https:\/\/bloc.xarxa-omnia.org\/ladevesa\/wp-json\/wp\/v2\/pages\/442\/revisions\/690"}],"wp:attachment":[{"href":"https:\/\/bloc.xarxa-omnia.org\/ladevesa\/wp-json\/wp\/v2\/media?parent=442"}],"curies":[{"name":"wp","href":"https:\/\/api.w.org\/{rel}","templated":true}]}}