{"id":529,"date":"2021-06-22T12:54:15","date_gmt":"2021-06-22T10:54:15","guid":{"rendered":"http:\/\/bloc.xarxa-omnia.org\/ladevesa\/?page_id=529"},"modified":"2021-07-01T14:37:35","modified_gmt":"2021-07-01T12:37:35","slug":"joves","status":"publish","type":"page","link":"https:\/\/bloc.xarxa-omnia.org\/ladevesa\/joves\/","title":{"rendered":"Joves"},"content":{"rendered":"\n<p>Trobareu tots els projectes de joves aqu\u00ed, o en el men\u00fa principal<\/p>\n\n\n\n<figure class=\"wp-block-image size-large is-resized\"><img loading=\"lazy\" decoding=\"async\" src=\"http:\/\/bloc.xarxa-omnia.org\/ladevesa\/files\/2020\/12\/radio.jpg\" alt=\"\" class=\"wp-image-454\" width=\"280\" height=\"210\" srcset=\"https:\/\/bloc.xarxa-omnia.org\/ladevesa\/files\/2020\/12\/radio.jpg 1080w, https:\/\/bloc.xarxa-omnia.org\/ladevesa\/files\/2020\/12\/radio-300x225.jpg 300w, https:\/\/bloc.xarxa-omnia.org\/ladevesa\/files\/2020\/12\/radio-768x576.jpg 768w\" sizes=\"auto, (max-width: 280px) 100vw, 280px\" \/><\/figure>\n\n\n\n<p><a rel=\"noreferrer noopener\" href=\"https:\/\/bloc.xarxa-omnia.org\/ladevesa\/2021\/04\/06\/radio-junior\/\" target=\"_blank\">Radio junior<\/a><br><a rel=\"noreferrer noopener\" href=\"https:\/\/bloc.xarxa-omnia.org\/ladevesa\/2021\/06\/22\/edhackripoll-2021\/\" target=\"_blank\">EdHack<\/a><br><a rel=\"noreferrer noopener\" href=\"https:\/\/bloc.xarxa-omnia.org\/ladevesa\/2021\/07\/01\/la-uec-del-ripolles\/\" target=\"_blank\">Joves de la UEC<\/a> <br>Projecte Escolta&#8217;m (En construcci\u00f3)<\/p>\n","protected":false},"excerpt":{"rendered":"<p>Trobareu tots els projectes de joves aqu\u00ed, o en el men\u00fa principal Radio juniorEdHackJoves de la UEC Projecte Escolta&#8217;m (En construcci\u00f3)<\/p>\n","protected":false},"author":158,"featured_media":0,"parent":0,"menu_order":0,"comment_status":"closed","ping_status":"closed","template":"","meta":{"footnotes":""},"class_list":["post-529","page","type-page","status-publish","czr-hentry"],"_links":{"self":[{"href":"https:\/\/bloc.xarxa-omnia.org\/ladevesa\/wp-json\/wp\/v2\/pages\/529","targetHints":{"allow":["GET"]}}],"collection":[{"href":"https:\/\/bloc.xarxa-omnia.org\/ladevesa\/wp-json\/wp\/v2\/pages"}],"about":[{"href":"https:\/\/bloc.xarxa-omnia.org\/ladevesa\/wp-json\/wp\/v2\/types\/page"}],"author":[{"embeddable":true,"href":"https:\/\/bloc.xarxa-omnia.org\/ladevesa\/wp-json\/wp\/v2\/users\/158"}],"replies":[{"embeddable":true,"href":"https:\/\/bloc.xarxa-omnia.org\/ladevesa\/wp-json\/wp\/v2\/comments?post=529"}],"version-history":[{"count":7,"href":"https:\/\/bloc.xarxa-omnia.org\/ladevesa\/wp-json\/wp\/v2\/pages\/529\/revisions"}],"predecessor-version":[{"id":634,"href":"https:\/\/bloc.xarxa-omnia.org\/ladevesa\/wp-json\/wp\/v2\/pages\/529\/revisions\/634"}],"wp:attachment":[{"href":"https:\/\/bloc.xarxa-omnia.org\/ladevesa\/wp-json\/wp\/v2\/media?parent=529"}],"curies":[{"name":"wp","href":"https:\/\/api.w.org\/{rel}","templated":true}]}}