{"id":1904,"date":"2010-11-03T14:14:57","date_gmt":"2010-11-03T12:14:57","guid":{"rendered":"http:\/\/xarxaomnia.gencat.cat\/blocs\/lasalut\/?page_id=1904"},"modified":"2011-02-17T11:41:12","modified_gmt":"2011-02-17T09:41:12","slug":"apren-a-navegar-per-internet","status":"publish","type":"page","link":"https:\/\/bloc.xarxa-omnia.org\/lasalut\/?page_id=1904","title":{"rendered":"Apr\u00e8n a navegar per Internet"},"content":{"rendered":"<h2 style=\"padding-left: 30px;\"><span style=\"color: #ff6600;\"><strong><a href=\"http:\/\/www.livemanual.info\/manual-firefox\">Apr\u00e8n a navegar per Internet amb Mozilla Firefox<\/a><\/strong><\/span><\/h2>\n<h4 style=\"padding-left: 60px; text-align: justify;\">\ufeffAquest manual ens servir\u00e0 per aprendre inicialment a passejar per la xarxa amb el nostre estimat navegador Mozilla Firefox.<\/h4>\n<h2 style=\"padding-left: 30px;\"><strong><a title=\"Activitats a Internet\" href=\"http:\/\/www.livemanual.info\/manual-activitats-a-internet\">Activitats a Internet<\/a><\/strong><\/h2>\n<h4 style=\"padding-left: 60px; text-align: justify;\">En aquesta plana web ens trobem diverses activitats per a practicar els \u00fatils usos d&#8217;algunes webs. Anem fent!<\/h4>\n<h2 style=\"padding-left: 30px;\"><strong><a href=\"http:\/\/xarxaomnia.gencat.cat\/blocs\/lasalut\/?p=1832\" target=\"_blank\">Qu\u00e8 \u00e9s hiperm\u00e8dia?<\/a><\/strong><\/h2>\n<h4 style=\"padding-left: 60px;\">Presentaci\u00f3 amb <strong><span style=\"color: #99cc00;\"><a href=\"http:\/\/prezi.com\/\" target=\"_blank\">Prezi<\/a><\/span><\/strong> que ens explica qu\u00e8 \u00e9s l&#8217;hip\u00e8rmedia&#8230;<\/h4>\n<h2 style=\"padding-left: 30px;\"><span style=\"color: #ffcc99;\"><strong><a title=\"Apr\u00e8n a parlar Googl\u00e8s\" href=\"http:\/\/es.onsoftware.com\/p\/aprende-a-hablar-en-googles\">Apr\u00e8n a parlar Googl\u00e8s<\/a><\/strong><\/span><\/h2>\n<h4 style=\"padding-left: 60px; text-align: justify;\">Us presento un article per aprendre a parlar Googl\u00e8s. Aquest petit text ens ajudar\u00e0 a fer recerques senzilles amb Google.<\/h4>\n<p><\/p>\n<!-- AddThis Advanced Settings generic via filter on the_content --><!-- AddThis Share Buttons generic via filter on the_content -->","protected":false},"excerpt":{"rendered":"<p>Apr\u00e8n a navegar per Internet amb Mozilla Firefox \ufeffAquest manual ens servir\u00e0 per aprendre inicialment a passejar per la xarxa amb el nostre estimat navegador Mozilla Firefox. Activitats a Internet En aquesta plana web ens trobem diverses activitats per a practicar els \u00fatils usos d&#8217;algunes webs. Anem fent! Qu\u00e8 \u00e9s hiperm\u00e8dia? Presentaci\u00f3 amb Prezi que &#8230; <span class=\"more\"><a class=\"more-link\" href=\"https:\/\/bloc.xarxa-omnia.org\/lasalut\/?page_id=1904\">[Read more&#8230;]<\/a><\/span><!-- AddThis Advanced Settings generic via filter on get_the_excerpt --><!-- AddThis Share Buttons generic via filter on get_the_excerpt --><\/p>\n","protected":false},"author":135,"featured_media":0,"parent":1808,"menu_order":2,"comment_status":"open","ping_status":"open","template":"","meta":{"ngg_post_thumbnail":0,"footnotes":""},"class_list":["entry","page","publish","author-lasalut","post-1904"],"_links":{"self":[{"href":"https:\/\/bloc.xarxa-omnia.org\/lasalut\/index.php?rest_route=\/wp\/v2\/pages\/1904","targetHints":{"allow":["GET"]}}],"collection":[{"href":"https:\/\/bloc.xarxa-omnia.org\/lasalut\/index.php?rest_route=\/wp\/v2\/pages"}],"about":[{"href":"https:\/\/bloc.xarxa-omnia.org\/lasalut\/index.php?rest_route=\/wp\/v2\/types\/page"}],"author":[{"embeddable":true,"href":"https:\/\/bloc.xarxa-omnia.org\/lasalut\/index.php?rest_route=\/wp\/v2\/users\/135"}],"replies":[{"embeddable":true,"href":"https:\/\/bloc.xarxa-omnia.org\/lasalut\/index.php?rest_route=%2Fwp%2Fv2%2Fcomments&post=1904"}],"version-history":[{"count":12,"href":"https:\/\/bloc.xarxa-omnia.org\/lasalut\/index.php?rest_route=\/wp\/v2\/pages\/1904\/revisions"}],"predecessor-version":[{"id":2233,"href":"https:\/\/bloc.xarxa-omnia.org\/lasalut\/index.php?rest_route=\/wp\/v2\/pages\/1904\/revisions\/2233"}],"up":[{"embeddable":true,"href":"https:\/\/bloc.xarxa-omnia.org\/lasalut\/index.php?rest_route=\/wp\/v2\/pages\/1808"}],"wp:attachment":[{"href":"https:\/\/bloc.xarxa-omnia.org\/lasalut\/index.php?rest_route=%2Fwp%2Fv2%2Fmedia&parent=1904"}],"curies":[{"name":"wp","href":"https:\/\/api.w.org\/{rel}","templated":true}]}}