{"id":2126,"date":"2011-02-08T10:41:23","date_gmt":"2011-02-08T08:41:23","guid":{"rendered":"http:\/\/xarxaomnia.gencat.cat\/blocs\/lasalut\/?page_id=2126"},"modified":"2011-11-17T15:35:47","modified_gmt":"2011-11-17T13:35:47","slug":"insercio-laboral","status":"publish","type":"page","link":"https:\/\/bloc.xarxa-omnia.org\/lasalut\/?page_id=2126","title":{"rendered":"Inserci\u00f3 Laboral"},"content":{"rendered":"<h4 style=\"text-align: justify;\">Hola a tothom!<\/h4>\n<h4 style=\"text-align: justify;\">Adjuntem aquest nou espai al nostre bloc on podeu anar al interessant recull de recursos per a la inserci\u00f3 laboral que va a fer el nostre company Pascal del <span style=\"text-decoration: underline;\"><strong><em><a href=\"http:\/\/xarxa-omnia.org\/santroc\/\" target=\"_blank\">Punt \u00d2mnia de l&#8217;Associaci\u00f3 de Ve\u00efns de Sant Roc<\/a><\/em><\/strong><\/span>. D&#8217;aquesta manera podeu entrar a consultar directament totes les eines que ens ofereix si <strong>feu clic en el enlla\u00e7<\/strong> que hi ha a continuaci\u00f3. Molta sort i \u00e1nims!<\/h4>\n<p style=\"text-align: justify;\">\n<h2 style=\"text-align: center;\"><strong><a title=\"CERCAR FEINA!\" href=\"http:\/\/xarxa-omnia.org\/santroc\/?page_id=299\" target=\"_self\">CERCAR FEINA!<\/a><\/strong><\/h2>\n<p style=\"text-align: justify;\">\n<h2 style=\"text-align: center;\"><strong><a title=\"Spanish Toolkit\" href=\"http:\/\/www.keycompetences.eu\/wordpress\/spanish-toolkit\/\" target=\"_blank\">Kit d&#8217;eines per a la recerca de feina<\/a><\/strong><\/h2>\n<h2 style=\"text-align: center;\"><strong><a title=\"Recursos de feina - Punt \u00d2mnia de Fundaci\u00f3 Trinijove\" href=\"http:\/\/xarxa-omnia.org\/trinijove\/index.php\/recursos-recomanats\/7-recursos-recomanats.html\" target=\"_blank\">M\u00e9s recursos per a cercar feina!<\/a><\/strong><\/h2>\n<!-- AddThis Advanced Settings generic via filter on the_content --><!-- AddThis Share Buttons generic via filter on the_content -->","protected":false},"excerpt":{"rendered":"<p>Hola a tothom! Adjuntem aquest nou espai al nostre bloc on podeu anar al interessant recull de recursos per a la inserci\u00f3 laboral que va a fer el nostre company Pascal del Punt \u00d2mnia de l&#8217;Associaci\u00f3 de Ve\u00efns de Sant Roc. D&#8217;aquesta manera podeu entrar a consultar directament totes les eines que ens ofereix si &#8230; <span class=\"more\"><a class=\"more-link\" href=\"https:\/\/bloc.xarxa-omnia.org\/lasalut\/?page_id=2126\">[Read more&#8230;]<\/a><\/span><!-- AddThis Advanced Settings generic via filter on get_the_excerpt --><!-- AddThis Share Buttons generic via filter on get_the_excerpt --><\/p>\n","protected":false},"author":135,"featured_media":0,"parent":0,"menu_order":4,"comment_status":"open","ping_status":"open","template":"","meta":{"ngg_post_thumbnail":0,"footnotes":""},"class_list":["entry","page","publish","author-lasalut","post-2126"],"_links":{"self":[{"href":"https:\/\/bloc.xarxa-omnia.org\/lasalut\/index.php?rest_route=\/wp\/v2\/pages\/2126","targetHints":{"allow":["GET"]}}],"collection":[{"href":"https:\/\/bloc.xarxa-omnia.org\/lasalut\/index.php?rest_route=\/wp\/v2\/pages"}],"about":[{"href":"https:\/\/bloc.xarxa-omnia.org\/lasalut\/index.php?rest_route=\/wp\/v2\/types\/page"}],"author":[{"embeddable":true,"href":"https:\/\/bloc.xarxa-omnia.org\/lasalut\/index.php?rest_route=\/wp\/v2\/users\/135"}],"replies":[{"embeddable":true,"href":"https:\/\/bloc.xarxa-omnia.org\/lasalut\/index.php?rest_route=%2Fwp%2Fv2%2Fcomments&post=2126"}],"version-history":[{"count":13,"href":"https:\/\/bloc.xarxa-omnia.org\/lasalut\/index.php?rest_route=\/wp\/v2\/pages\/2126\/revisions"}],"predecessor-version":[{"id":2128,"href":"https:\/\/bloc.xarxa-omnia.org\/lasalut\/index.php?rest_route=\/wp\/v2\/pages\/2126\/revisions\/2128"}],"wp:attachment":[{"href":"https:\/\/bloc.xarxa-omnia.org\/lasalut\/index.php?rest_route=%2Fwp%2Fv2%2Fmedia&parent=2126"}],"curies":[{"name":"wp","href":"https:\/\/api.w.org\/{rel}","templated":true}]}}