{"id":2150,"date":"2011-02-11T14:21:49","date_gmt":"2011-02-11T12:21:49","guid":{"rendered":"http:\/\/xarxaomnia.gencat.cat\/blocs\/lasalut\/?page_id=2150"},"modified":"2011-06-09T14:22:12","modified_gmt":"2011-06-09T12:22:12","slug":"gramatiques-de-la-convivencia","status":"publish","type":"page","link":"https:\/\/bloc.xarxa-omnia.org\/lasalut\/?page_id=2150","title":{"rendered":"Gram\u00e0tiques de la Conviv\u00e8ncia"},"content":{"rendered":"<h4 style=\"text-align: justify;\">El grup de <a title=\"Bloc de Gram\u00e0tiques de la Conviv\u00e8ncia\" href=\"http:\/\/gramaticasdelaconvivencia.wordpress.com\/\" target=\"_blank\"><em><span style=\"color: #cc99ff;\"><strong>Gr\u00e0matiques de la Conviv\u00e8ncia<\/strong><\/span><\/em><\/a> realitza al nostre Punt \u00d2mnia de La Salut Alta les seves reunions setmanals aix\u00ed com diferents formacions en vers les noves tecnologies que faciliten la seva tasca. Al nostre Punt \u00d2mnia han apr\u00e8s a fer presentacions en Powerpoint i ara estem treballant en la realitzaci\u00f3 del seu propi bloc.<\/h4>\n<h2 style=\"text-align: center;\"><span style=\"color: #cc99ff;\"><a title=\"Bloc de Gram\u00e0tiques de la conviv\u00e8ncia\" href=\"http:\/\/gramaticasdelaconvivencia.wordpress.com\/\" target=\"_blank\"><strong>Bloc del grup <em>Gram\u00e0tiques de la conviv\u00e8ncia<\/em><\/strong><\/a><\/span><\/h2>\n<p><\/p>\n<div style=\"width:510px\" id=\"__ss_8256756\"> <strong style=\"display:block;margin:12px 0 4px\"><a href=\"http:\/\/www.slideshare.net\/lasalut\/presentaci-del-grup-de-pladeco-gramtiques-de-la-convivncia\" title=\"Presentaci\u00f3 del Grup de PlaDeCo &quot;Gram\u00e0tiques de la Conviv\u00e8ncia&quot;\">Presentaci\u00f3 del Grup de PlaDeCo &quot;Gram\u00e0tiques de la Conviv\u00e8ncia&quot;<\/a><\/strong> <iframe loading=\"lazy\" src=\"http:\/\/www.slideshare.net\/slideshow\/embed_code\/8256756\" width=\"510\" height=\"426\" frameborder=\"0\" marginwidth=\"0\" marginheight=\"0\" scrolling=\"no\"><\/iframe> <\/p>\n<div style=\"padding:5px 0 12px\"> View more <a href=\"http:\/\/www.slideshare.net\/\">presentations<\/a> from <a href=\"http:\/\/www.slideshare.net\/lasalut\">lasalut<\/a> <\/div>\n<\/p><\/div>\n<!-- AddThis Advanced Settings generic via filter on the_content --><!-- AddThis Share Buttons generic via filter on the_content -->","protected":false},"excerpt":{"rendered":"<p>El grup de Gr\u00e0matiques de la Conviv\u00e8ncia realitza al nostre Punt \u00d2mnia de La Salut Alta les seves reunions setmanals aix\u00ed com diferents formacions en vers les noves tecnologies que faciliten la seva tasca. Al nostre Punt \u00d2mnia han apr\u00e8s a fer presentacions en Powerpoint i ara estem treballant en la realitzaci\u00f3 del seu propi &#8230; <span class=\"more\"><a class=\"more-link\" href=\"https:\/\/bloc.xarxa-omnia.org\/lasalut\/?page_id=2150\">[Read more&#8230;]<\/a><\/span><!-- AddThis Advanced Settings generic via filter on get_the_excerpt --><!-- AddThis Share Buttons generic via filter on get_the_excerpt --><\/p>\n","protected":false},"author":135,"featured_media":0,"parent":2340,"menu_order":1,"comment_status":"open","ping_status":"open","template":"","meta":{"ngg_post_thumbnail":0,"footnotes":""},"class_list":["entry","page","publish","author-lasalut","post-2150"],"_links":{"self":[{"href":"https:\/\/bloc.xarxa-omnia.org\/lasalut\/index.php?rest_route=\/wp\/v2\/pages\/2150","targetHints":{"allow":["GET"]}}],"collection":[{"href":"https:\/\/bloc.xarxa-omnia.org\/lasalut\/index.php?rest_route=\/wp\/v2\/pages"}],"about":[{"href":"https:\/\/bloc.xarxa-omnia.org\/lasalut\/index.php?rest_route=\/wp\/v2\/types\/page"}],"author":[{"embeddable":true,"href":"https:\/\/bloc.xarxa-omnia.org\/lasalut\/index.php?rest_route=\/wp\/v2\/users\/135"}],"replies":[{"embeddable":true,"href":"https:\/\/bloc.xarxa-omnia.org\/lasalut\/index.php?rest_route=%2Fwp%2Fv2%2Fcomments&post=2150"}],"version-history":[{"count":15,"href":"https:\/\/bloc.xarxa-omnia.org\/lasalut\/index.php?rest_route=\/wp\/v2\/pages\/2150\/revisions"}],"predecessor-version":[{"id":2432,"href":"https:\/\/bloc.xarxa-omnia.org\/lasalut\/index.php?rest_route=\/wp\/v2\/pages\/2150\/revisions\/2432"}],"up":[{"embeddable":true,"href":"https:\/\/bloc.xarxa-omnia.org\/lasalut\/index.php?rest_route=\/wp\/v2\/pages\/2340"}],"wp:attachment":[{"href":"https:\/\/bloc.xarxa-omnia.org\/lasalut\/index.php?rest_route=%2Fwp%2Fv2%2Fmedia&parent=2150"}],"curies":[{"name":"wp","href":"https:\/\/api.w.org\/{rel}","templated":true}]}}