{"id":2486,"date":"2011-07-15T11:48:07","date_gmt":"2011-07-15T09:48:07","guid":{"rendered":"http:\/\/xarxaomnia.gencat.cat\/blocs\/lasalut\/?page_id=2486"},"modified":"2011-07-15T14:07:16","modified_gmt":"2011-07-15T12:07:16","slug":"blocs-i-web-2-0","status":"publish","type":"page","link":"https:\/\/bloc.xarxa-omnia.org\/lasalut\/?page_id=2486","title":{"rendered":"Blocs i Web 2.0"},"content":{"rendered":"<h4 style=\"text-align: justify;\">Per una banda, us deixo aqu\u00ed alguns exemples de diferents blocs&#8230;<\/h4>\n<p style=\"padding-left: 60px;\"><span style=\"color: #ff99cc;\"><strong><a title=\"Exemple de Bloc Esfera a la Xarxa \u00d2mnia.\" href=\"http:\/\/blocesfera.wordpress.com\/2011\/04\/07\/benvinguts-a-la-nostra-blog-esfera-3\/\" target=\"_blank\">Bloc Esfera \u00d2mnia Mowgli<\/a><\/strong><\/span><\/p>\n<p><span style=\"color: #ff9900;\"><strong> <\/strong><\/span><\/p>\n<p><span style=\"color: #ff9900;\"><strong> <\/strong><\/span><\/p>\n<p><span style=\"color: #ff9900;\"><strong> <\/strong><\/span><\/p>\n<p style=\"padding-left: 60px;\"><span style=\"color: #ffcc99;\"><strong><a title=\"Foto-experiencias\" href=\"http:\/\/fotoexperiencias.blogspot.com\/\" target=\"_blank\">Foto-experiencias<\/a><\/strong><\/span><\/p>\n<p><span style=\"color: #ff9900;\"><strong> <\/strong><\/span><\/p>\n<p><span style=\"color: #ff9900;\"><strong> <\/strong><\/span><\/p>\n<p><span style=\"color: #ff9900;\"><strong> <\/strong><\/span><\/p>\n<p style=\"padding-left: 60px;\"><span style=\"color: #ffff99;\"><strong><a title=\"Plataforma Afectados por la Hipoteca\" href=\"http:\/\/afectadosporlahipoteca.wordpress.com\/\" target=\"_blank\">Plataforma Afectados por la Hipoteca<\/a><\/strong><\/span><\/p>\n<p><span style=\"color: #ff9900;\"><strong> <\/strong><\/span><\/p>\n<p><span style=\"color: #ff9900;\"><strong> <\/strong><\/span><\/p>\n<p><span style=\"color: #ff9900;\"><strong> <\/strong><\/span><\/p>\n<p style=\"padding-left: 60px;\"><span style=\"color: #ccffcc;\"><strong><a title=\"El reflejo\" href=\"http:\/\/teresallisterri.blogspot.com\/\" target=\"_blank\">El reflejo<\/a><\/strong><\/span><\/p>\n<p><span style=\"color: #ff9900;\"><strong> <\/strong><\/span><\/p>\n<p><span style=\"color: #ff9900;\"><strong> <\/strong><\/span><\/p>\n<p><span style=\"color: #ff9900;\"><strong> <\/strong><\/span><\/p>\n<p style=\"padding-left: 60px;\"><span style=\"color: #ccffff;\"><strong><a title=\"Ingeborg Gazi Herrera\" href=\"http:\/\/ingeborggazi.blogspot.com\/\" target=\"_blank\">Ingeborg Gazi Herrera<\/a><\/strong><\/span><\/p>\n<p><span style=\"color: #ff9900;\"><strong> <\/strong><\/span><\/p>\n<p><span style=\"color: #ff9900;\"><strong> <\/strong><\/span><\/p>\n<p><span style=\"color: #ff9900;\"><strong> <\/strong><\/span><\/p>\n<p style=\"padding-left: 60px;\"><span style=\"color: #ccffff;\"><strong><a title=\"AcampadaBCN\" href=\"http:\/\/acampadabcn.wordpress.com\/\" target=\"_blank\">AcampadaBCN<\/a><\/strong><\/span><\/p>\n<p><span style=\"color: #ff9900;\"><strong> <\/strong><\/span><\/p>\n<p><span style=\"color: #ff9900;\"><strong> <\/strong><\/span><\/p>\n<p><span style=\"color: #ff9900;\"><strong> <\/strong><\/span><\/p>\n<p style=\"padding-left: 60px;\"><span style=\"color: #99ccff;\"><strong><a title=\"Giralima girando\" href=\"http:\/\/giralimagirando.blogspot.com\/\" target=\"_blank\">Giralima Girando<\/a><\/strong><\/span><\/p>\n<p><span style=\"color: #ff9900;\"><strong> <\/strong><\/span><\/p>\n<p><span style=\"color: #ff9900;\"><strong> <\/strong><\/span><\/p>\n<p><span style=\"color: #ff9900;\"><strong> <\/strong><\/span><\/p>\n<p style=\"padding-left: 60px;\"><span style=\"color: #cc99ff;\"><strong><a title=\"Mis-s-education\" href=\"http:\/\/mis-s-education.blogspot.com\" target=\"_blank\">Mis-s-education<\/a><\/strong><\/span><\/p>\n<h4 style=\"text-align: justify;\">I per l&#8217;altra us passo un manual que ha fet l&#8217;Universitat Aut\u00f2noma de Barcelona per a Cibern\u00e0rium que ens explica una mica com fer-se un bloc i que \u00e9s aix\u00f2 de la Web 2.0&#8230;<\/h4>\n<p style=\"padding-left: 60px;\"><span style=\"color: #ff99cc;\"><strong><a title=\"Manual Cibern\u00e0rium - LA WEB 2.0 I ELS BLOCS\" href=\"http:\/\/www.cibernarium.cat\/cibernarium\/images\/cat\/06%20Web%2020%20els%20blocs%20LINKS_tcm161-86340.pdf\">Manual Cibern\u00e0rium &#8211; LA WEB 2.0 I ELS BLOCS<\/a><\/strong><\/span><\/p>\n<!-- AddThis Advanced Settings generic via filter on the_content --><!-- AddThis Share Buttons generic via filter on the_content -->","protected":false},"excerpt":{"rendered":"<p>Per una banda, us deixo aqu\u00ed alguns exemples de diferents blocs&#8230; Bloc Esfera \u00d2mnia Mowgli Foto-experiencias Plataforma Afectados por la Hipoteca El reflejo Ingeborg Gazi Herrera AcampadaBCN Giralima Girando Mis-s-education I per l&#8217;altra us passo un manual que ha fet l&#8217;Universitat Aut\u00f2noma de Barcelona per a Cibern\u00e0rium que ens explica una mica com fer-se un &#8230; <span class=\"more\"><a class=\"more-link\" href=\"https:\/\/bloc.xarxa-omnia.org\/lasalut\/?page_id=2486\">[Read more&#8230;]<\/a><\/span><!-- AddThis Advanced Settings generic via filter on get_the_excerpt --><!-- AddThis Share Buttons generic via filter on get_the_excerpt --><\/p>\n","protected":false},"author":135,"featured_media":0,"parent":1808,"menu_order":3,"comment_status":"open","ping_status":"open","template":"","meta":{"ngg_post_thumbnail":0,"footnotes":""},"class_list":["entry","page","publish","author-lasalut","post-2486"],"_links":{"self":[{"href":"https:\/\/bloc.xarxa-omnia.org\/lasalut\/index.php?rest_route=\/wp\/v2\/pages\/2486","targetHints":{"allow":["GET"]}}],"collection":[{"href":"https:\/\/bloc.xarxa-omnia.org\/lasalut\/index.php?rest_route=\/wp\/v2\/pages"}],"about":[{"href":"https:\/\/bloc.xarxa-omnia.org\/lasalut\/index.php?rest_route=\/wp\/v2\/types\/page"}],"author":[{"embeddable":true,"href":"https:\/\/bloc.xarxa-omnia.org\/lasalut\/index.php?rest_route=\/wp\/v2\/users\/135"}],"replies":[{"embeddable":true,"href":"https:\/\/bloc.xarxa-omnia.org\/lasalut\/index.php?rest_route=%2Fwp%2Fv2%2Fcomments&post=2486"}],"version-history":[{"count":9,"href":"https:\/\/bloc.xarxa-omnia.org\/lasalut\/index.php?rest_route=\/wp\/v2\/pages\/2486\/revisions"}],"predecessor-version":[{"id":2495,"href":"https:\/\/bloc.xarxa-omnia.org\/lasalut\/index.php?rest_route=\/wp\/v2\/pages\/2486\/revisions\/2495"}],"up":[{"embeddable":true,"href":"https:\/\/bloc.xarxa-omnia.org\/lasalut\/index.php?rest_route=\/wp\/v2\/pages\/1808"}],"wp:attachment":[{"href":"https:\/\/bloc.xarxa-omnia.org\/lasalut\/index.php?rest_route=%2Fwp%2Fv2%2Fmedia&parent=2486"}],"curies":[{"name":"wp","href":"https:\/\/api.w.org\/{rel}","templated":true}]}}