{"id":2762,"date":"2012-04-02T15:49:33","date_gmt":"2012-04-02T13:49:33","guid":{"rendered":"http:\/\/xarxaomnia.gencat.cat\/blocs\/lasalut\/?page_id=2762"},"modified":"2012-04-25T15:46:04","modified_gmt":"2012-04-25T13:46:04","slug":"retoc-fotografic-amb-gimp","status":"publish","type":"page","link":"https:\/\/bloc.xarxa-omnia.org\/lasalut\/?page_id=2762","title":{"rendered":"Retoc fotogr\u00e0fic amb GIMP"},"content":{"rendered":"<h4 style=\"text-align: justify;\">Aqu\u00ed us deixo uns quants recursos per a treballar amb el programa GIMP.<\/h4>\n<h3 style=\"text-align: center;\"><strong><a title=\"Activitats per a GIMP\" href=\"http:\/\/todogimp.com\/?q=actividades\" target=\"_blank\">Activitats per a GIMP<\/a><\/strong><\/h3>\n<p><\/p>\n<h4>I tamb\u00e9 unes quantes pr\u00e0ctiques guiades.<\/h4>\n<h3 style=\"text-align: center;\"><strong><a title=\"Selecci\u00f3 i canvi de color\" href=\"http:\/\/cerezo.pntic.mec.es\/rlopez33\/info\/6gimp\/practica4.html\" target=\"_blank\">Selecci\u00f3 i canvi de color<\/a><\/strong><\/h3>\n<h3 style=\"text-align: center;\"><strong><a title=\"Inserir text en una imatge\" href=\"http:\/\/cerezo.pntic.mec.es\/rlopez33\/info\/6gimp\/practica5.html\" target=\"_blank\">Inserir text en una imatge<\/a><\/strong><\/h3>\n<h3 style=\"text-align: center;\"><strong><a title=\"Capes\" href=\"http:\/\/cerezo.pntic.mec.es\/rlopez33\/info\/6gimp\/practica6.html\" target=\"_blank\">Capes<\/a><\/strong><\/h3>\n<h3 style=\"text-align: center;\"><strong><a title=\"Filtres\" href=\"http:\/\/cerezo.pntic.mec.es\/rlopez33\/info\/6gimp\/practica8.html\" target=\"_blank\">Filtres<\/a><\/strong><\/h3>\n<h3 style=\"text-align: center;\"><strong><a title=\"Exercicis varis\" href=\"http:\/\/www.imh.es\/dokumentazio-irekia\/manuales\/curso-de-tratamiento-de-imagenes-con-gimp\/gimp-ejercicios-de-aplicacion?language_sync=1\" target=\"_blank\">Exercicis varis<\/a><\/strong><\/h3>\n<p style=\"text-align: center;\">\n<!-- AddThis Advanced Settings generic via filter on the_content --><!-- AddThis Share Buttons generic via filter on the_content -->","protected":false},"excerpt":{"rendered":"<p>Aqu\u00ed us deixo uns quants recursos per a treballar amb el programa GIMP. Activitats per a GIMP I tamb\u00e9 unes quantes pr\u00e0ctiques guiades. Selecci\u00f3 i canvi de color Inserir text en una imatge Capes Filtres Exercicis varis<!-- AddThis Advanced Settings generic via filter on get_the_excerpt --><!-- AddThis Share Buttons generic via filter on get_the_excerpt --><\/p>\n","protected":false},"author":135,"featured_media":0,"parent":1808,"menu_order":5,"comment_status":"open","ping_status":"open","template":"","meta":{"ngg_post_thumbnail":0,"footnotes":""},"class_list":["entry","page","publish","author-lasalut","post-2762"],"_links":{"self":[{"href":"https:\/\/bloc.xarxa-omnia.org\/lasalut\/index.php?rest_route=\/wp\/v2\/pages\/2762","targetHints":{"allow":["GET"]}}],"collection":[{"href":"https:\/\/bloc.xarxa-omnia.org\/lasalut\/index.php?rest_route=\/wp\/v2\/pages"}],"about":[{"href":"https:\/\/bloc.xarxa-omnia.org\/lasalut\/index.php?rest_route=\/wp\/v2\/types\/page"}],"author":[{"embeddable":true,"href":"https:\/\/bloc.xarxa-omnia.org\/lasalut\/index.php?rest_route=\/wp\/v2\/users\/135"}],"replies":[{"embeddable":true,"href":"https:\/\/bloc.xarxa-omnia.org\/lasalut\/index.php?rest_route=%2Fwp%2Fv2%2Fcomments&post=2762"}],"version-history":[{"count":8,"href":"https:\/\/bloc.xarxa-omnia.org\/lasalut\/index.php?rest_route=\/wp\/v2\/pages\/2762\/revisions"}],"predecessor-version":[{"id":2786,"href":"https:\/\/bloc.xarxa-omnia.org\/lasalut\/index.php?rest_route=\/wp\/v2\/pages\/2762\/revisions\/2786"}],"up":[{"embeddable":true,"href":"https:\/\/bloc.xarxa-omnia.org\/lasalut\/index.php?rest_route=\/wp\/v2\/pages\/1808"}],"wp:attachment":[{"href":"https:\/\/bloc.xarxa-omnia.org\/lasalut\/index.php?rest_route=%2Fwp%2Fv2%2Fmedia&parent=2762"}],"curies":[{"name":"wp","href":"https:\/\/api.w.org\/{rel}","templated":true}]}}