{"id":1225,"date":"2014-01-27T15:51:48","date_gmt":"2014-01-27T14:51:48","guid":{"rendered":"http:\/\/blog.xarxa-omnia.org\/laseu\/?page_id=1225"},"modified":"2014-09-16T12:59:24","modified_gmt":"2014-09-16T11:59:24","slug":"manuals","status":"publish","type":"page","link":"https:\/\/bloc.xarxa-omnia.org\/laseu\/manuals\/","title":{"rendered":"Manuals"},"content":{"rendered":"<p>Aqu\u00ed deixo els manuals que poodeu fer servir i utilitzar quan vulgueu.<\/p>\n<p><a href='http:\/\/xarxaomnia.gencat.cat\/blocs\/laseu\/files\/2014\/01\/Navegaci\u00f3-Internet-General.pdf'>Navegaci\u00f3- Internet General<\/a><\/p>\n<p><a href=\"http:\/\/xarxaomnia.gencat.cat\/blocs\/laseu\/files\/2014\/01\/Fulls-de-C\u00e0lcul-11.pdf\">Fulls de C\u00e0lcul 1<\/a><\/p>\n<p><a href=\"http:\/\/xarxaomnia.gencat.cat\/blocs\/laseu\/files\/2014\/01\/Full-de-c\u00e0lcul-21.pdf\">Full de c\u00e0lcul 2<\/a><\/p>\n<p><a href='http:\/\/xarxaomnia.gencat.cat\/blocs\/laseu\/files\/2014\/01\/Windows-Movie-Maker-Windows-7.pdf'>Windows Movie Maker- Windows 7<\/a><\/p>\n","protected":false},"excerpt":{"rendered":"<p>Aqu\u00ed deixo els manuals que poodeu fer servir i utilitzar quan vulgueu. Navegaci\u00f3- Internet General Fulls de C\u00e0lcul 1 Full de c\u00e0lcul 2 Windows Movie Maker- Windows 7<\/p>\n","protected":false},"author":92,"featured_media":0,"parent":0,"menu_order":0,"comment_status":"open","ping_status":"open","template":"","meta":{"ngg_post_thumbnail":0,"footnotes":""},"class_list":["post-1225","page","type-page","status-publish","hentry"],"_links":{"self":[{"href":"https:\/\/bloc.xarxa-omnia.org\/laseu\/wp-json\/wp\/v2\/pages\/1225","targetHints":{"allow":["GET"]}}],"collection":[{"href":"https:\/\/bloc.xarxa-omnia.org\/laseu\/wp-json\/wp\/v2\/pages"}],"about":[{"href":"https:\/\/bloc.xarxa-omnia.org\/laseu\/wp-json\/wp\/v2\/types\/page"}],"author":[{"embeddable":true,"href":"https:\/\/bloc.xarxa-omnia.org\/laseu\/wp-json\/wp\/v2\/users\/92"}],"replies":[{"embeddable":true,"href":"https:\/\/bloc.xarxa-omnia.org\/laseu\/wp-json\/wp\/v2\/comments?post=1225"}],"version-history":[{"count":7,"href":"https:\/\/bloc.xarxa-omnia.org\/laseu\/wp-json\/wp\/v2\/pages\/1225\/revisions"}],"predecessor-version":[{"id":1340,"href":"https:\/\/bloc.xarxa-omnia.org\/laseu\/wp-json\/wp\/v2\/pages\/1225\/revisions\/1340"}],"wp:attachment":[{"href":"https:\/\/bloc.xarxa-omnia.org\/laseu\/wp-json\/wp\/v2\/media?parent=1225"}],"curies":[{"name":"wp","href":"https:\/\/api.w.org\/{rel}","templated":true}]}}