{"id":157,"date":"2009-07-28T16:10:37","date_gmt":"2009-07-28T15:10:37","guid":{"rendered":"http:\/\/blog.xarxa-omnia.org\/laseu\/?page_id=157"},"modified":"2026-04-17T09:02:25","modified_gmt":"2026-04-17T08:02:25","slug":"horari-agost-2009","status":"publish","type":"page","link":"https:\/\/bloc.xarxa-omnia.org\/laseu\/horari-agost-2009\/","title":{"rendered":"HORARI ACC\u00c9S LLIURE DEL 20 D&#8217;ABRIL AL 19 DE JUNY"},"content":{"rendered":"\n<figure class=\"wp-block-image size-full\"><a href=\"https:\/\/bloc.xarxa-omnia.org\/laseu\/files\/2026\/04\/Acces-lliure-abril-juny-26.png\"><img loading=\"lazy\" decoding=\"async\" width=\"584\" height=\"233\" src=\"https:\/\/bloc.xarxa-omnia.org\/laseu\/files\/2026\/04\/Acces-lliure-abril-juny-26.png\" alt=\"\" class=\"wp-image-3029\" srcset=\"https:\/\/bloc.xarxa-omnia.org\/laseu\/files\/2026\/04\/Acces-lliure-abril-juny-26.png 584w, https:\/\/bloc.xarxa-omnia.org\/laseu\/files\/2026\/04\/Acces-lliure-abril-juny-26-300x120.png 300w\" sizes=\"auto, (max-width: 584px) 100vw, 584px\" \/><\/a><\/figure>\n\n\n\n<p class=\"has-text-align-center\"><\/p>\n\n\n\n<p class=\"has-text-align-center\"><strong>RECORDA &#8211; Les hores d&#8217;acc\u00e9s lliure s\u00f3n hores per poder accedir al nostre espai i rebre ajuda si cal o per treballar de forma aut\u00f2noma.<\/strong><\/p>\n\n\n\n<p>Mail &#8211; laseu@xarxaomnia.gencat.cat<br>Instagram -@omniaseu<br>Twitter- @OmniaSeu<br>Facebook- p\u00e0gina- @puntomnia.seu I Perfil &#8211; Ester \u00d2mnia<\/p>\n\n\n\n<p><\/p>\n","protected":false},"excerpt":{"rendered":"<p>RECORDA &#8211; Les hores d&#8217;acc\u00e9s lliure s\u00f3n hores per poder accedir al nostre espai i rebre ajuda si cal o per treballar de forma aut\u00f2noma. Mail &#8211; laseu@xarxaomnia.gencat.catInstagram -@omniaseuTwitter- @OmniaSeuFacebook- p\u00e0gina- @puntomnia.seu I Perfil &#8211; Ester \u00d2mnia<\/p>\n","protected":false},"author":92,"featured_media":0,"parent":0,"menu_order":0,"comment_status":"open","ping_status":"open","template":"","meta":{"ngg_post_thumbnail":0,"footnotes":""},"class_list":["post-157","page","type-page","status-publish","hentry"],"_links":{"self":[{"href":"https:\/\/bloc.xarxa-omnia.org\/laseu\/wp-json\/wp\/v2\/pages\/157","targetHints":{"allow":["GET"]}}],"collection":[{"href":"https:\/\/bloc.xarxa-omnia.org\/laseu\/wp-json\/wp\/v2\/pages"}],"about":[{"href":"https:\/\/bloc.xarxa-omnia.org\/laseu\/wp-json\/wp\/v2\/types\/page"}],"author":[{"embeddable":true,"href":"https:\/\/bloc.xarxa-omnia.org\/laseu\/wp-json\/wp\/v2\/users\/92"}],"replies":[{"embeddable":true,"href":"https:\/\/bloc.xarxa-omnia.org\/laseu\/wp-json\/wp\/v2\/comments?post=157"}],"version-history":[{"count":198,"href":"https:\/\/bloc.xarxa-omnia.org\/laseu\/wp-json\/wp\/v2\/pages\/157\/revisions"}],"predecessor-version":[{"id":3030,"href":"https:\/\/bloc.xarxa-omnia.org\/laseu\/wp-json\/wp\/v2\/pages\/157\/revisions\/3030"}],"wp:attachment":[{"href":"https:\/\/bloc.xarxa-omnia.org\/laseu\/wp-json\/wp\/v2\/media?parent=157"}],"curies":[{"name":"wp","href":"https:\/\/api.w.org\/{rel}","templated":true}]}}