{"id":2577,"date":"2023-01-09T16:08:36","date_gmt":"2023-01-09T15:08:36","guid":{"rendered":"http:\/\/bloc.xarxa-omnia.org\/laseu\/?page_id=2577"},"modified":"2023-01-09T16:21:37","modified_gmt":"2023-01-09T15:21:37","slug":"tic","status":"publish","type":"page","link":"https:\/\/bloc.xarxa-omnia.org\/laseu\/tic\/","title":{"rendered":"@TIC R\u00e0dioSeu"},"content":{"rendered":"\n<figure class=\"wp-block-gallery columns-1 is-cropped wp-block-gallery-1 is-layout-flex wp-block-gallery-is-layout-flex\"><ul class=\"blocks-gallery-grid\"><li class=\"blocks-gallery-item\"><figure><img loading=\"lazy\" decoding=\"async\" width=\"351\" height=\"100\" src=\"http:\/\/bloc.xarxa-omnia.org\/laseu\/files\/2022\/12\/7297554a56926531dbbf443cad97507f.png\" alt=\"\" data-id=\"2535\" data-full-url=\"http:\/\/bloc.xarxa-omnia.org\/laseu\/files\/2022\/12\/7297554a56926531dbbf443cad97507f.png\" data-link=\"http:\/\/bloc.xarxa-omnia.org\/laseu\/tic-radioseu__trashed\/7297554a56926531dbbf443cad97507f\/\" class=\"wp-image-2535\"\/><\/figure><\/li><\/ul><\/figure>\n\n\n\n<p>C\u00e0psules sobre noves tecnologies.<\/p>\n\n\n\n<p>Petites p\u00edndoles que parlen sobre qu\u00e8 \u00e9s el civisme digital, el sexting, les galetes o el frau digital entre d&#8217;altres.<\/p>\n\n\n\n<p>Ara tamb\u00e9 pots escoltar-les des dels nostre bloc des de la secci\u00f3 de r\u00e0dio a la carta de R\u00e0dioseu.<\/p>\n\n\n\n<iframe src=\"https:\/\/alacarta.radioseu.cat\/embed\/programs\/punt-omnia?count=10\" style=\"height:400px;width:100%;\" title=\"Podcast Punt \u00d2mnia de la Seu\"><\/iframe>\n","protected":false},"excerpt":{"rendered":"<p>C\u00e0psules sobre noves tecnologies. Petites p\u00edndoles que parlen sobre qu\u00e8 \u00e9s el civisme digital, el sexting, les galetes o el frau digital entre d&#8217;altres. Ara tamb\u00e9 pots escoltar-les des dels nostre bloc des de la secci\u00f3 de r\u00e0dio a la carta de R\u00e0dioseu.<\/p>\n","protected":false},"author":92,"featured_media":0,"parent":0,"menu_order":0,"comment_status":"closed","ping_status":"closed","template":"","meta":{"ngg_post_thumbnail":0,"footnotes":""},"class_list":["post-2577","page","type-page","status-publish","hentry"],"_links":{"self":[{"href":"https:\/\/bloc.xarxa-omnia.org\/laseu\/wp-json\/wp\/v2\/pages\/2577","targetHints":{"allow":["GET"]}}],"collection":[{"href":"https:\/\/bloc.xarxa-omnia.org\/laseu\/wp-json\/wp\/v2\/pages"}],"about":[{"href":"https:\/\/bloc.xarxa-omnia.org\/laseu\/wp-json\/wp\/v2\/types\/page"}],"author":[{"embeddable":true,"href":"https:\/\/bloc.xarxa-omnia.org\/laseu\/wp-json\/wp\/v2\/users\/92"}],"replies":[{"embeddable":true,"href":"https:\/\/bloc.xarxa-omnia.org\/laseu\/wp-json\/wp\/v2\/comments?post=2577"}],"version-history":[{"count":5,"href":"https:\/\/bloc.xarxa-omnia.org\/laseu\/wp-json\/wp\/v2\/pages\/2577\/revisions"}],"predecessor-version":[{"id":2586,"href":"https:\/\/bloc.xarxa-omnia.org\/laseu\/wp-json\/wp\/v2\/pages\/2577\/revisions\/2586"}],"wp:attachment":[{"href":"https:\/\/bloc.xarxa-omnia.org\/laseu\/wp-json\/wp\/v2\/media?parent=2577"}],"curies":[{"name":"wp","href":"https:\/\/api.w.org\/{rel}","templated":true}]}}