{"id":7,"date":"2009-03-24T16:04:51","date_gmt":"2009-03-24T15:04:51","guid":{"rendered":"http:\/\/blog.xarxa-omnia.org\/laseu\/informacio-del-punt-omnia\/"},"modified":"2012-09-13T15:33:47","modified_gmt":"2012-09-13T14:33:47","slug":"informacio-del-punt-omnia","status":"publish","type":"page","link":"https:\/\/bloc.xarxa-omnia.org\/laseu\/informacio-del-punt-omnia\/","title":{"rendered":"Informaci\u00f3 del Punt \u00d2mnia"},"content":{"rendered":"<p>El Punt \u00d2mnia ofereix als ciutadans i ciutadanes de La Seu d\u2019Urgell i de la comarca, un espai d\u2019acc\u00e9s a les Noves Tecnologies de la Informaci\u00f3 i la Comunicaci\u00f3 per evitar la fractura digital i possibilitar, amb la participaci\u00f3 de tots, la construcci\u00f3 i millora de la pr\u00f2pia comunitat. \u00d2mnia \u00e9s un projecte de tots i per a tots que pret\u00e9n donar acc\u00e9s i formaci\u00f3 entorn les noves tecnologies afavorint la igualtat d\u2019oportunitats.<\/p>\n<p>Dins d&#8217;aquest espai oferim tallers d&#8217;Alfabetitzaci\u00f3 Digital ( monogr\u00e0fics de programes com ara OpenOffice, fulls de C\u00e0lcul, processadors de text, Gimp&#8230;)\u00a0 Alfabetitzaci\u00f3 Informacional ( navegaci\u00f3 per la xarxa, seguretat en la xarxa, correu electr\u00f2nic, skipe&#8230;) i Alfabetitzaci\u00f3 Multim\u00e8dia ( creaci\u00f3 de v\u00eddeos, audio, presentacions amb fotos&#8230;.) amb programari lliure.<\/p>\n<p><a href=\"http:\/\/xarxaomnia.gencat.cat\/blocs\/laseu\/files\/2009\/03\/\u00d2mnia23.jpg\"><img decoding=\"async\" src=\"http:\/\/www.laseu.cat\/viu\/joventut-i-infancia\/centre-civic-lescorxador\/punt-omnia\/punt-omnia\/view\" alt=\"\" \/><br \/>\n<\/a><\/p>\n<p>Punt \u00d2mnia de La Seu d&#8217;Urgell<\/p>\n<p>Centre C\u00edvic de l&#8217;Escorxador (Ajuntament de La Seu d&#8217;Urgell)<\/p>\n<p>Tel\u00e8fon: 973 353 008<\/p>\n<p>Correu Electr\u00f2nic: laseu@xarxa-omnia.org<\/p>\n<p>Blog:http:\/\/xarxaomnia.gencat.cat\/blocs\/laseu<\/p>\n<p>Facebook: Punt Omnia Seu<\/p>\n<p>Skipe:omnialaseu<\/p>\n<p>Horari : matins de dilluns a dijous de 10 a 13<\/p>\n<p>tardes de dilluns a dijous de 15 a 18h<\/p>\n<p>Divendres de 10 a 13.30<\/p>\n<p>Divendres TARDA TANCAT<\/p>\n<p>Dinamitzad@r: Ester Collado Mart\u00ednez<\/p>\n<p><a title=\"Horari d\u2019Aula Oberta\" href=\"http:\/\/xarxaomnia.gencat.cat\/blocs\/laseu\/files\/2009\/03\/horari.JPG\"><br \/>\n<\/a><br \/>\n<a href=\"http:\/\/xarxaomnia.gencat.cat\/blocs\/laseu\/files\/2009\/03\/\u00d2mnia1.jpg\"><img loading=\"lazy\" decoding=\"async\" src=\"http:\/\/xarxaomnia.gencat.cat\/blocs\/laseu\/files\/2009\/03\/\u00d2mnia1-150x150.jpg\" alt=\"\" title=\"\u00d2mnia\" width=\"150\" height=\"150\" class=\"alignleft size-thumbnail wp-image-927\" \/><\/a><\/p>\n","protected":false},"excerpt":{"rendered":"<p>El Punt \u00d2mnia ofereix als ciutadans i ciutadanes de La Seu d\u2019Urgell i de la comarca, un espai d\u2019acc\u00e9s a les Noves Tecnologies de la Informaci\u00f3 i la Comunicaci\u00f3 per evitar la fractura digital i possibilitar, amb la participaci\u00f3 de tots, la construcci\u00f3 i millora de la pr\u00f2pia comunitat. \u00d2mnia \u00e9s un projecte de tots [&hellip;]<\/p>\n","protected":false},"author":92,"featured_media":0,"parent":0,"menu_order":0,"comment_status":"open","ping_status":"open","template":"","meta":{"ngg_post_thumbnail":0,"footnotes":""},"class_list":["post-7","page","type-page","status-publish","hentry"],"_links":{"self":[{"href":"https:\/\/bloc.xarxa-omnia.org\/laseu\/wp-json\/wp\/v2\/pages\/7","targetHints":{"allow":["GET"]}}],"collection":[{"href":"https:\/\/bloc.xarxa-omnia.org\/laseu\/wp-json\/wp\/v2\/pages"}],"about":[{"href":"https:\/\/bloc.xarxa-omnia.org\/laseu\/wp-json\/wp\/v2\/types\/page"}],"author":[{"embeddable":true,"href":"https:\/\/bloc.xarxa-omnia.org\/laseu\/wp-json\/wp\/v2\/users\/92"}],"replies":[{"embeddable":true,"href":"https:\/\/bloc.xarxa-omnia.org\/laseu\/wp-json\/wp\/v2\/comments?post=7"}],"version-history":[{"count":10,"href":"https:\/\/bloc.xarxa-omnia.org\/laseu\/wp-json\/wp\/v2\/pages\/7\/revisions"}],"predecessor-version":[{"id":928,"href":"https:\/\/bloc.xarxa-omnia.org\/laseu\/wp-json\/wp\/v2\/pages\/7\/revisions\/928"}],"wp:attachment":[{"href":"https:\/\/bloc.xarxa-omnia.org\/laseu\/wp-json\/wp\/v2\/media?parent=7"}],"curies":[{"name":"wp","href":"https:\/\/api.w.org\/{rel}","templated":true}]}}