{"id":12,"date":"2011-04-08T12:39:23","date_gmt":"2011-04-08T10:39:23","guid":{"rendered":"http:\/\/xarxaomnia.gencat.cat\/blocs\/lecturafacil\/?page_id=12"},"modified":"2011-04-14T14:33:53","modified_gmt":"2011-04-14T12:33:53","slug":"exemples","status":"publish","type":"page","link":"https:\/\/bloc.xarxa-omnia.org\/lecturafacil\/exemples\/","title":{"rendered":"Exemples"},"content":{"rendered":"<p><strong>Recursos i exemples<\/strong><a href=\"http:\/\/blog.xarxa-omnia.org\/lecturafacil\/files\/2011\/04\/asso_lf.png\"><img loading=\"lazy\" decoding=\"async\" class=\"size-full wp-image-29 alignleft\" style=\"margin-left: 20px; margin-right: 20px;\" title=\"imatge del web de lecturafacil\" src=\"http:\/\/blog.xarxa-omnia.org\/lecturafacil\/files\/2011\/04\/asso_lf.png\" alt=\"imatge del web de lecturafacil\" width=\"183\" height=\"113\" \/><\/a><\/p>\n<ul>\n<li>P\u00e0gina web de l&#8217;<strong>Associaci\u00f3 de Lectura F\u00e0cil<\/strong>:\u00a0 <a title=\"Web de l'associaci\u00f3 de lectura f\u00e0cil\" href=\"http:\/\/www.lecturafacil.net\" target=\"_blank\">Lecturafacil.net<\/a><\/li>\n<li><strong>V\u00eddeos<\/strong> sobre la lectura f\u00e0cil:\u00a0 <a title=\"Canal de youtube sobre lectura f\u00e0cil\" href=\"http:\/\/www.youtube.com\/user\/videoslecturafacil\" target=\"_blank\">Canal de Youtube<\/a><\/li>\n<li><strong>Not\u00edcies<\/strong> escrites en lectura f\u00e0cil (en castell\u00e0): <a title=\"Web de not\u00edcies en lectura f\u00e0cil\" href=\"http:\/\/www.noticiasfacil.es\/ES\/Paginas\/index.aspx\" target=\"_blank\">noticiasfacil.es<\/a><\/li>\n<li><strong>Documents<\/strong> sobre noves tecnologies de f\u00e0cil lectura (Junta d&#8217;Extremadura, en castell\u00e0): <a title=\"Web de F\u00e0cil lectura\" href=\"http:\/\/www.facillectura.es\/index.php?option=com_content&amp;view=article&amp;id=181:folletos-de-facil-lectura-con-contenidos-para-la-alfabetizacion-tecnologica-&amp;catid=1:timas&amp;Itemid=65\" target=\"_blank\">Facillectura.es<\/a><\/li>\n<li>Lectura f\u00e0cil: Fem la informaci\u00f3 accessible a tothom, <strong>papers d&#8217;Acci\u00f3 Social<\/strong>:\u00a0 <a title=\"Pdf lectura f\u00e0cil\" href=\"http:\/\/www20.gencat.cat\/docs\/dasc\/01Departament\/08Publicacions\/Coleccions\/Papers_accio_social\/papers6.pdf\" target=\"_blank\">document en pdf<\/a>.<\/li>\n<\/ul>\n","protected":false},"excerpt":{"rendered":"<p>Recursos i exemples P\u00e0gina web de l&#8217;Associaci\u00f3 de Lectura F\u00e0cil:\u00a0 Lecturafacil.net V\u00eddeos sobre la lectura f\u00e0cil:\u00a0 Canal de Youtube Not\u00edcies escrites en lectura f\u00e0cil (en castell\u00e0): noticiasfacil.es Documents sobre noves tecnologies de f\u00e0cil lectura (Junta d&#8217;Extremadura, en castell\u00e0): Facillectura.es Lectura f\u00e0cil: Fem la informaci\u00f3 accessible a tothom, papers d&#8217;Acci\u00f3 Social:\u00a0 document en pdf.<\/p>\n","protected":false},"author":61,"featured_media":0,"parent":0,"menu_order":4,"comment_status":"closed","ping_status":"open","template":"","meta":{"footnotes":""},"class_list":["post-12","page","type-page","status-publish","hentry"],"_links":{"self":[{"href":"https:\/\/bloc.xarxa-omnia.org\/lecturafacil\/wp-json\/wp\/v2\/pages\/12","targetHints":{"allow":["GET"]}}],"collection":[{"href":"https:\/\/bloc.xarxa-omnia.org\/lecturafacil\/wp-json\/wp\/v2\/pages"}],"about":[{"href":"https:\/\/bloc.xarxa-omnia.org\/lecturafacil\/wp-json\/wp\/v2\/types\/page"}],"author":[{"embeddable":true,"href":"https:\/\/bloc.xarxa-omnia.org\/lecturafacil\/wp-json\/wp\/v2\/users\/61"}],"replies":[{"embeddable":true,"href":"https:\/\/bloc.xarxa-omnia.org\/lecturafacil\/wp-json\/wp\/v2\/comments?post=12"}],"version-history":[{"count":15,"href":"https:\/\/bloc.xarxa-omnia.org\/lecturafacil\/wp-json\/wp\/v2\/pages\/12\/revisions"}],"predecessor-version":[{"id":22,"href":"https:\/\/bloc.xarxa-omnia.org\/lecturafacil\/wp-json\/wp\/v2\/pages\/12\/revisions\/22"}],"wp:attachment":[{"href":"https:\/\/bloc.xarxa-omnia.org\/lecturafacil\/wp-json\/wp\/v2\/media?parent=12"}],"curies":[{"name":"wp","href":"https:\/\/api.w.org\/{rel}","templated":true}]}}