{"id":8,"date":"2011-04-14T13:44:00","date_gmt":"2011-04-14T11:44:00","guid":{"rendered":"http:\/\/xarxaomnia.gencat.cat\/blocs\/lecturafacil\/?page_id=8"},"modified":"2011-04-15T10:07:34","modified_gmt":"2011-04-15T08:07:34","slug":"que-es-lf","status":"publish","type":"page","link":"https:\/\/bloc.xarxa-omnia.org\/lecturafacil\/que-es-lf\/","title":{"rendered":"Qu\u00e8 \u00e9s LF?"},"content":{"rendered":"<div id=\"attachment_50\" style=\"width: 135px\" class=\"wp-caption alignright\"><img loading=\"lazy\" decoding=\"async\" aria-describedby=\"caption-attachment-50\" class=\"size-medium wp-image-50   \" style=\"margin-left: 10px; margin-right: 10px;\" title=\"reading\" src=\"http:\/\/blog.xarxa-omnia.org\/lecturafacil\/files\/2011\/04\/reading-225x300.jpg\" alt=\"Nen llegint\" width=\"125\" height=\"200\" \/><p id=\"caption-attachment-50\" class=\"wp-caption-text\">Llegint (imatge de Jemsweb  )<\/p><\/div>\n<p>El materials de Lectura F\u00e0cil (LF) s\u00f3n aquells que contenen nom\u00e9s<strong> informaci\u00f3 rellevant<\/strong>, <strong>expressada i presentada de la manera m\u00e9s directa possible<\/strong>, de manera que el seu contingut pugui ser compr\u00e8s pel major nombre possible de persones.<\/p>\n<p>Els materials de Lectura F\u00e0cil poden ser de diferents nivells, ja que les persones que els necessiten tamb\u00e9 poden tenir necessitats diferents.<\/p>\n<p>Altres avantatges de la lectura f\u00e0cil:<\/p>\n<ul>\n<li> una <strong>comprensi\u00f3 r\u00e0pida<\/strong> dels textos<\/li>\n<li>una <strong>comunicaci\u00f3<\/strong> m\u00e9s<strong> efica\u00e7<\/strong> i propera al p\u00fablic destinatari<\/li>\n<li>un text m\u00e9s<strong> f\u00e0cil de traduir <\/strong>a altres idiomes i d\u2019adaptar a altres formats accessibles, com ara el Braille i l\u2019\u00e0udio<\/li>\n<li> un <strong>estalvi de temps, diners<\/strong> i recursos humans<\/li>\n<li> i, en definitiva, un pas m\u00e9s a favor de la<strong> inclusi\u00f3 social<\/strong>.<\/li>\n<\/ul>\n<p>\u00c9s per tot aix\u00f2 que \u00e9s molt aconsellable fer servir les recomanacions de la LF alhora de crear manuals i continguts per a les persones que inicien qualsevol tipus d&#8217;aprenentatge.<\/p>\n<p>Tot i aix\u00f2, en aquest gr\u00e0fic podeu veure els principals grups destinataris d&#8217;aquests tipus de materials:<\/p>\n<p><em>La il\u00b7lustraci\u00f3 seg\u00fcent mostra gr\u00e0ficament els grups destinataris dels materials de la LF:<br \/>\nels cercles representen els grups, i el quadrat, la necessitat d\u2019aquests materials.<\/em><\/p>\n<p style=\"text-align: center;\"><em><a href=\"http:\/\/blog.xarxa-omnia.org\/lecturafacil\/files\/2011\/04\/destinataris_lecturafacil.jpg\"><img loading=\"lazy\" decoding=\"async\" class=\"aligncenter size-full wp-image-51\" title=\"destinataris_lecturafacil\" src=\"http:\/\/blog.xarxa-omnia.org\/lecturafacil\/files\/2011\/04\/destinataris_lecturafacil.jpg\" alt=\"Gr\u00e0fica destinataris de la lectura f\u00e0cil\" width=\"473\" height=\"386\" srcset=\"https:\/\/bloc.xarxa-omnia.org\/lecturafacil\/files\/2011\/04\/destinataris_lecturafacil.jpg 746w, https:\/\/bloc.xarxa-omnia.org\/lecturafacil\/files\/2011\/04\/destinataris_lecturafacil-300x245.jpg 300w\" sizes=\"auto, (max-width: 473px) 100vw, 473px\" \/><\/a><br \/>\n<\/em><\/p>\n","protected":false},"excerpt":{"rendered":"<p>El materials de Lectura F\u00e0cil (LF) s\u00f3n aquells que contenen nom\u00e9s informaci\u00f3 rellevant, expressada i presentada de la manera m\u00e9s directa possible, de manera que el seu contingut pugui ser compr\u00e8s pel major nombre possible de persones. Els materials de Lectura F\u00e0cil poden ser de diferents nivells, ja que les persones que els necessiten tamb\u00e9 [&hellip;]<\/p>\n","protected":false},"author":61,"featured_media":0,"parent":0,"menu_order":2,"comment_status":"closed","ping_status":"closed","template":"","meta":{"footnotes":""},"class_list":["post-8","page","type-page","status-publish","hentry"],"_links":{"self":[{"href":"https:\/\/bloc.xarxa-omnia.org\/lecturafacil\/wp-json\/wp\/v2\/pages\/8","targetHints":{"allow":["GET"]}}],"collection":[{"href":"https:\/\/bloc.xarxa-omnia.org\/lecturafacil\/wp-json\/wp\/v2\/pages"}],"about":[{"href":"https:\/\/bloc.xarxa-omnia.org\/lecturafacil\/wp-json\/wp\/v2\/types\/page"}],"author":[{"embeddable":true,"href":"https:\/\/bloc.xarxa-omnia.org\/lecturafacil\/wp-json\/wp\/v2\/users\/61"}],"replies":[{"embeddable":true,"href":"https:\/\/bloc.xarxa-omnia.org\/lecturafacil\/wp-json\/wp\/v2\/comments?post=8"}],"version-history":[{"count":10,"href":"https:\/\/bloc.xarxa-omnia.org\/lecturafacil\/wp-json\/wp\/v2\/pages\/8\/revisions"}],"predecessor-version":[{"id":54,"href":"https:\/\/bloc.xarxa-omnia.org\/lecturafacil\/wp-json\/wp\/v2\/pages\/8\/revisions\/54"}],"wp:attachment":[{"href":"https:\/\/bloc.xarxa-omnia.org\/lecturafacil\/wp-json\/wp\/v2\/media?parent=8"}],"curies":[{"name":"wp","href":"https:\/\/api.w.org\/{rel}","templated":true}]}}