{"id":2,"date":"2012-12-04T10:15:37","date_gmt":"2012-12-04T08:15:37","guid":{"rendered":"http:\/\/blog.xarxa-omnia.org\/llums\/about\/"},"modified":"2013-02-12T19:41:41","modified_gmt":"2013-02-12T17:41:41","slug":"about","status":"publish","type":"page","link":"https:\/\/bloc.xarxa-omnia.org\/llums\/about\/","title":{"rendered":"Qu\u00e8 \u00e9s &#8220;Llums d&#8217;\u00d2mnia&#8221;?"},"content":{"rendered":"<p>Aquesta activitat \u00d2mnia vol ser una felicitaci\u00f3 interactiva i col\u00b7laborativa, mitjan\u00e7ant un recull d&#8217;enlla\u00e7os a activitats organitzades pels punts de la Xarxa \u00d2mnia, amb motiu de les festes del desembre de 2012.<\/p>\n<p>Si no saps com inserir el teu enlla\u00e7, fes clic <a href=\"http:\/\/blog.xarxa-omnia.org\/llums\/il\u00b7lumina-larbre\/\">aqu\u00ed<\/a>.<br \/>\n<!--more--><br \/>\n<a rel=\"license\" href=\"http:\/\/creativecommons.org\/licenses\/by-nc-sa\/3.0\/\"><img decoding=\"async\" alt=\"Creative Commons License\" style=\"border-width:0\" src=\"http:\/\/i.creativecommons.org\/l\/by-nc-sa\/3.0\/88x31.png\" \/><\/a><br \/>L&#8217;activitat &#8220;Llums d&#8217;\u00d2mnia&#8221;, de la Xarxa \u00d2mnia, es distribueix sota una llic\u00e8ncia <a rel=\"license\" href=\"http:\/\/creativecommons.org\/licenses\/by-nc-sa\/3.0\/\">Creative Commons Reconeixement-No Comercial-Compartir igual.<\/a><\/p>\n","protected":false},"excerpt":{"rendered":"<p>Aquesta activitat \u00d2mnia vol ser una felicitaci\u00f3 interactiva i col\u00b7laborativa, mitjan\u00e7ant un recull d&#8217;enlla\u00e7os a activitats organitzades pels punts de la Xarxa \u00d2mnia, amb motiu de les festes del desembre de 2012. Si no saps com inserir el teu enlla\u00e7, fes clic aqu\u00ed.<\/p>\n","protected":false},"author":61,"featured_media":0,"parent":0,"menu_order":4,"comment_status":"open","ping_status":"open","template":"","meta":{"footnotes":""},"class_list":["post-2","page","type-page","status-publish","hentry","post-preview"],"_links":{"self":[{"href":"https:\/\/bloc.xarxa-omnia.org\/llums\/wp-json\/wp\/v2\/pages\/2","targetHints":{"allow":["GET"]}}],"collection":[{"href":"https:\/\/bloc.xarxa-omnia.org\/llums\/wp-json\/wp\/v2\/pages"}],"about":[{"href":"https:\/\/bloc.xarxa-omnia.org\/llums\/wp-json\/wp\/v2\/types\/page"}],"author":[{"embeddable":true,"href":"https:\/\/bloc.xarxa-omnia.org\/llums\/wp-json\/wp\/v2\/users\/61"}],"replies":[{"embeddable":true,"href":"https:\/\/bloc.xarxa-omnia.org\/llums\/wp-json\/wp\/v2\/comments?post=2"}],"version-history":[{"count":16,"href":"https:\/\/bloc.xarxa-omnia.org\/llums\/wp-json\/wp\/v2\/pages\/2\/revisions"}],"predecessor-version":[{"id":86,"href":"https:\/\/bloc.xarxa-omnia.org\/llums\/wp-json\/wp\/v2\/pages\/2\/revisions\/86"}],"wp:attachment":[{"href":"https:\/\/bloc.xarxa-omnia.org\/llums\/wp-json\/wp\/v2\/media?parent=2"}],"curies":[{"name":"wp","href":"https:\/\/api.w.org\/{rel}","templated":true}]}}