{"id":26,"date":"2012-12-04T16:41:36","date_gmt":"2012-12-04T14:41:36","guid":{"rendered":"http:\/\/blog.xarxa-omnia.org\/llums\/?page_id=26"},"modified":"2012-12-13T13:55:13","modified_gmt":"2012-12-13T11:55:13","slug":"que-hi-puc-posar","status":"publish","type":"page","link":"https:\/\/bloc.xarxa-omnia.org\/llums\/que-hi-puc-posar\/","title":{"rendered":"Qu\u00e8 hi podem posar"},"content":{"rendered":"<h3><big><big><\/p>\n<h3><a href=\"http:\/\/blog.xarxa-omnia.org\/llums\/\"><img loading=\"lazy\" decoding=\"async\" class=\"size-medium wp-image-31 alignright\" style=\"margin: 10px; float: right;\" title=\"imatge_inserir\" src=\"http:\/\/blog.xarxa-omnia.org\/llums\/files\/imatge_inserir-300x192.jpg\" alt=\"\" width=\"300\" height=\"192\" srcset=\"https:\/\/bloc.xarxa-omnia.org\/llums\/files\/imatge_inserir-300x192.jpg 300w, https:\/\/bloc.xarxa-omnia.org\/llums\/files\/imatge_inserir.jpg 363w\" sizes=\"auto, (max-width: 300px) 100vw, 300px\" \/><\/a><\/h3>\n<p><\/big><\/big><big><big><\/big><\/big><big><big><\/big><\/big><big><big><\/big><\/big><big><big><\/big><\/big><big><big><\/big><\/big><big><big><\/big><\/big><big><big><\/big><\/big><big><big><\/big><\/big><big><big><\/big><\/big><big><big>Heu fet una activitat de Nadal al vostre Punt \u00d2mnia&#8230;<\/big><\/big><\/h3>\n<p><big><big><\/big><\/big><\/p>\n<p><big><big><\/big><\/big><\/p>\n<p><big><big><\/big><\/big><\/p>\n<p><big><big><\/big><\/big><\/p>\n<p><big><big><\/big><\/big><\/p>\n<p><big><big><\/big><\/big><\/p>\n<p><big><big><\/big><\/big><\/p>\n<p><big><big><\/big><\/big><\/p>\n<p><big><big><\/big><\/big><\/p>\n<p><big><big><\/p>\n<ul>\n<li>i ho heu explicat al web d&#8217;\u00d2mnia? Enllaceu a la <strong>not\u00edcia<\/strong>.<\/li>\n<li>i ho heu explicat al vostre bloc? Enllaceu a l&#8217;<strong>entrada<\/strong>.<\/li>\n<li>i teniu un munt de fotos o felicitacions? Pugeu-les al <a href=\"http:\/\/blog.xarxa-omnia.org\/flickr\/\">Flickr<\/a> i enllaceu amb les <strong>imatges<\/strong>.<\/li>\n<li>i heu preparat un v\u00eddeo? Pugeu-lo al <a href=\"http:\/\/www.youtube.com\">Youtube<\/a> i enllaceu amb el <strong>v\u00eddeo<\/strong>.<\/li>\n<\/ul>\n<p><\/big><\/big><\/p>\n<p><big><big><\/big><\/big><\/p>\n<p><big><big><\/big><\/big><\/p>\n<p><big><big><\/big><\/big><\/p>\n<p><big><big><\/big><\/big><\/p>\n<p><big><big><\/big><\/big><\/p>\n<p><big><big><\/big><\/big><\/p>\n<p><big><big><\/big><\/big><\/p>\n<p><big><big><\/big><\/big><\/p>\n<p><big><big><\/big><\/big><\/p>\n<p><big><big>Tamb\u00e9 podeu:<\/big><\/big><\/p>\n<p><big><big><\/big><\/big><\/p>\n<p><big><big><\/big><\/big><\/p>\n<p><big><big><\/big><\/big><\/p>\n<p><big><big><\/big><\/big><\/p>\n<p><big><big><\/big><\/big><\/p>\n<p><big><big><\/big><\/big><\/p>\n<p><big><big><\/big><\/big><\/p>\n<p><big><big><\/big><\/big><\/p>\n<p><big><big><\/big><\/big><\/p>\n<p><big><big><\/p>\n<ul>\n<li> Fer una cerca d&#8217;imatges, v\u00eddeos o m\u00fasica a Internet i enlla\u00e7ar la que m\u00e9s us agradi per felicitar la Xarxa \u00d2mnia<\/li>\n<li> Crear la vostra pr\u00f2pia imatge amb <a title=\"V\u00e9s al web de Thinglink\" href=\"http:\/\/www.thinglink.com\/\">Thinglink<\/a> i posar els enlla\u00e7os que vulgueu per crear una felicitaci\u00f3 interactiva.<\/li>\n<\/ul>\n<p><\/big><\/big><\/p>\n<p><big><big><\/big><\/big><\/p>\n<p><big><big><\/big><\/big><\/p>\n<p><big><big><\/big><\/big><\/p>\n<p><big><big><\/big><\/big><\/p>\n<p><big><big><\/big><\/big><\/p>\n<p><big><big><\/big><\/big><\/p>\n<p><big><big><\/big><\/big><\/p>\n<p><big><big><\/big><\/big><\/p>\n<p><big><big><\/big><\/big><\/p>\n<p><big><big><\/big><\/big><\/p>\n<p><big><big><\/big><\/big><\/p>\n<p><big><big>Si no sabeu com inserir un enlla\u00e7 a la imatge, <a title=\"Consulta la guia per inserir enlla\u00e7os\" href=\"http:\/\/blog.xarxa-omnia.org\/llums\/il%C2%B7lumina-larbre\">consulteu l&#8217;ajuda<\/a>.<\/big><\/big><\/p>\n","protected":false},"excerpt":{"rendered":"<p>Heu fet una activitat de Nadal al vostre Punt \u00d2mnia&#8230; i ho heu explicat al web d&#8217;\u00d2mnia? Enllaceu a la not\u00edcia. i ho heu explicat al vostre bloc? Enllaceu a l&#8217;entrada. i teniu un munt de fotos o felicitacions? Pugeu-les al Flickr i enllaceu amb les imatges. i heu preparat un v\u00eddeo? Pugeu-lo al Youtube [&hellip;]<\/p>\n","protected":false},"author":61,"featured_media":0,"parent":0,"menu_order":2,"comment_status":"closed","ping_status":"open","template":"","meta":{"footnotes":""},"class_list":["post-26","page","type-page","status-publish","hentry","post-preview"],"_links":{"self":[{"href":"https:\/\/bloc.xarxa-omnia.org\/llums\/wp-json\/wp\/v2\/pages\/26","targetHints":{"allow":["GET"]}}],"collection":[{"href":"https:\/\/bloc.xarxa-omnia.org\/llums\/wp-json\/wp\/v2\/pages"}],"about":[{"href":"https:\/\/bloc.xarxa-omnia.org\/llums\/wp-json\/wp\/v2\/types\/page"}],"author":[{"embeddable":true,"href":"https:\/\/bloc.xarxa-omnia.org\/llums\/wp-json\/wp\/v2\/users\/61"}],"replies":[{"embeddable":true,"href":"https:\/\/bloc.xarxa-omnia.org\/llums\/wp-json\/wp\/v2\/comments?post=26"}],"version-history":[{"count":26,"href":"https:\/\/bloc.xarxa-omnia.org\/llums\/wp-json\/wp\/v2\/pages\/26\/revisions"}],"predecessor-version":[{"id":35,"href":"https:\/\/bloc.xarxa-omnia.org\/llums\/wp-json\/wp\/v2\/pages\/26\/revisions\/35"}],"wp:attachment":[{"href":"https:\/\/bloc.xarxa-omnia.org\/llums\/wp-json\/wp\/v2\/media?parent=26"}],"curies":[{"name":"wp","href":"https:\/\/api.w.org\/{rel}","templated":true}]}}