{"id":10,"date":"2012-04-11T14:51:02","date_gmt":"2012-04-11T12:51:02","guid":{"rendered":"http:\/\/blog.xarxa-omnia.org\/maratopobresa\/?page_id=10"},"modified":"2012-04-23T15:24:52","modified_gmt":"2012-04-23T13:24:52","slug":"activitats-per-ser-enregistrades","status":"publish","type":"page","link":"https:\/\/bloc.xarxa-omnia.org\/maratopobresa\/participacio\/activitats-per-ser-enregistrades\/","title":{"rendered":"Organitzar activitats"},"content":{"rendered":"<p>Proposeu activitats des dels punts \u00d2mnia! La idea \u00e9s sensibilitzar i fer difusi\u00f3 de la marat\u00f3.<\/p>\n<table>\n<tbody>\n<tr>\n<td bgcolor=\"#C9EEFE\"><strong>Per a aix\u00f2, \u00e9s <big><big>molt important<\/big><\/big> emplenar el <a title=\"V\u00e9s al formulari de la Marat\u00f3 de la pobresa\" href=\"http:\/\/www.tv3.cat\/maratopobresa\/html\/formulari.html\">formulari de proposta d&#8217;activitats<\/a>. Per veure tots els punts que han fet propostes a la marat\u00f3, participeu a la p\u00e0gina de la <a href=\"http:\/\/blog.xarxa-omnia.org\/maratopobresa\/maratomnia\/\">Marat\u00d2mnia<\/a>! <\/strong><\/td>\n<\/tr>\n<\/tbody>\n<\/table>\n<p><\/p>\n<h2>Possibles idees<\/h2>\n<p>Feu clic en els globus per llegir les idees associades o llegiu-les en la <a title=\"Llista de propostes en text\" href=\"http:\/\/blog.xarxa-omnia.org\/maratopobresa\/llista-de-propostes\/\">versi\u00f3 de text<\/a>.<\/p>\n<p><object classid=clsid:D27CDB6E-AE6D-11cf-96B8-444553540000 id=\"spicynodesViewer\" codebase=\"http:\/\/download.macromedia.com\/pub\/shockwave\/cabs\/flash\/swflash.cab\" height=\"360\" width=\"640\" ><param name=\"movie\" value=\"http:\/\/media.spicynodes.org\/display.swf?id=3be6e288fd9125b57f5107e65a6d4cb2&#038;nodemapID=324670\"><param name=\"scalemode\" value=\"showall\" \/><param name=\"allowFullScreen\" value=\"true\" \/><param name=\"wmode\" value=\"opaque\" \/><param name=\"quality\" value=\"high\" \/><param name=\"allowFullScreen\" value=\"true\" \/><param name=\"allowScriptAccess\" value=\"always\" \/><embed name=\"spicynodesViewer\" id=\"spicynodesViewer\" wmode=\"opaque\" scalemode=\"showall\" allowfullscreen=\"true\" allowScriptAccess=\"always\" pluginspage=\"http:\/\/www.macromedia.com\/go\/getflashplayer\" src=\"http:\/\/media.spicynodes.org\/display.swf?id=3be6e288fd9125b57f5107e65a6d4cb2&#038;nodemapID=324670\" type=\"application\/x-shockwave-flash\" quality=\"high\" height=\"360\" width=\"640\"><\/embed><\/object><\/p>\n<table>\n<tbody>\n<tr>\n<td bgcolor=\"#ECFDCE\">\nTingueu en compte que:<\/p>\n<ul>\n<li> Les activitats poden tenir lloc el <strong>mateix  27 de maig o en dies anteriors<\/strong>.<\/li>\n<li> Pr\u00e8viament heu de <strong><a title=\"Consulteu les condicions en aquesta p\u00e0gina\" href=\"http:\/\/www.tv3.cat\/fitxaplus\/maratopobresa\/condicions.html\">consultar  les condicions de participaci\u00f3<\/a><\/strong>, amb un breu aclariment sobre el tractament de dades personals.<\/li>\n<\/ul>\n<\/td>\n<\/tr>\n<\/tbody>\n<\/table>\n<p><\/br><\/p>\n<p>Si organitzes alguna activitat, si us plau, omple aquest formulari:<br \/>\n<\/br><br \/>\n<iframe loading=\"lazy\" src=\"https:\/\/docs.google.com\/spreadsheet\/embeddedform?formkey=dHFsem1tU3pJODZldV9JalBEcTN1QWc6MQ\" width=\"760\" height=\"908\" frameborder=\"0\" marginheight=\"0\" marginwidth=\"0\">S&#8217;est\u00e0 carregant&#8230;<\/iframe><\/p>\n","protected":false},"excerpt":{"rendered":"<p>Proposeu activitats des dels punts \u00d2mnia! La idea \u00e9s sensibilitzar i fer difusi\u00f3 de la marat\u00f3. Per a aix\u00f2, \u00e9s molt important emplenar el formulari de proposta d&#8217;activitats. Per veure tots els punts que han fet propostes a la marat\u00f3, participeu a la p\u00e0gina de la Marat\u00d2mnia! Possibles idees Feu clic en els globus per [&hellip;]<\/p>\n","protected":false},"author":61,"featured_media":0,"parent":72,"menu_order":1,"comment_status":"closed","ping_status":"open","template":"","meta":{"footnotes":""},"class_list":["post-10","page","type-page","status-publish","hentry"],"_links":{"self":[{"href":"https:\/\/bloc.xarxa-omnia.org\/maratopobresa\/wp-json\/wp\/v2\/pages\/10","targetHints":{"allow":["GET"]}}],"collection":[{"href":"https:\/\/bloc.xarxa-omnia.org\/maratopobresa\/wp-json\/wp\/v2\/pages"}],"about":[{"href":"https:\/\/bloc.xarxa-omnia.org\/maratopobresa\/wp-json\/wp\/v2\/types\/page"}],"author":[{"embeddable":true,"href":"https:\/\/bloc.xarxa-omnia.org\/maratopobresa\/wp-json\/wp\/v2\/users\/61"}],"replies":[{"embeddable":true,"href":"https:\/\/bloc.xarxa-omnia.org\/maratopobresa\/wp-json\/wp\/v2\/comments?post=10"}],"version-history":[{"count":24,"href":"https:\/\/bloc.xarxa-omnia.org\/maratopobresa\/wp-json\/wp\/v2\/pages\/10\/revisions"}],"predecessor-version":[{"id":207,"href":"https:\/\/bloc.xarxa-omnia.org\/maratopobresa\/wp-json\/wp\/v2\/pages\/10\/revisions\/207"}],"up":[{"embeddable":true,"href":"https:\/\/bloc.xarxa-omnia.org\/maratopobresa\/wp-json\/wp\/v2\/pages\/72"}],"wp:attachment":[{"href":"https:\/\/bloc.xarxa-omnia.org\/maratopobresa\/wp-json\/wp\/v2\/media?parent=10"}],"curies":[{"name":"wp","href":"https:\/\/api.w.org\/{rel}","templated":true}]}}