{"id":12,"date":"2012-04-11T14:51:35","date_gmt":"2012-04-11T12:51:35","guid":{"rendered":"http:\/\/blog.xarxa-omnia.org\/maratopobresa\/?page_id=12"},"modified":"2012-04-19T14:56:27","modified_gmt":"2012-04-19T12:56:27","slug":"fer-difusio-de-lesdeveniment","status":"publish","type":"page","link":"https:\/\/bloc.xarxa-omnia.org\/maratopobresa\/participacio\/fer-difusio-de-lesdeveniment\/","title":{"rendered":"Difusi\u00f3"},"content":{"rendered":"<p><a href=\"http:\/\/www.tv3.cat\/fitxaplus\/maratopobresa\/pdf\/cartell.pdf\"><img loading=\"lazy\" decoding=\"async\" class=\"size-medium wp-image-35 alignright\" title=\"Imatge de desc\u00e0rrega de la Marat\u00f3 de la Pobresa\" src=\"http:\/\/blog.xarxa-omnia.org\/maratopobresa\/files\/2012\/04\/cartell_marato_pobresa-300x238.png\" alt=\"Imatge de desc\u00e0rrega de la Marat\u00f3 de la Pobresa\" width=\"200\" height=\"150\" \/><\/a><\/br>El <strong>cartells<\/strong> de la Marat\u00f3 s\u00f3n distribu\u00efts per correu postal, tot i que tamb\u00e9 us els podeu descarregar des d&#8217;<a title=\"Enlla\u00e7 per descarregar el cartell de la Marat\u00f3\" href=\"http:\/\/www.tv3.cat\/fitxaplus\/maratopobresa\/pdf\/cartell.pdf\">aqu\u00ed<\/a>.<\/br><\/p>\n<p>Altres formes de difusi\u00f3 s\u00f3n les <strong>xarxes socials<\/strong> i el <strong>bloc de la marat\u00f3<\/strong>. Podem practicar a afegir usuaris, fer &#8220;M&#8217;agrada&#8221; o subscriure&#8217;ns a un RSS.<\/p>\n<p><strong> <\/strong><\/p>\n<table>\n<tbody>\n<tr>\n<td bgcolor=\"FFFFFF\"><strong><img loading=\"lazy\" decoding=\"async\" class=\"alignleft\" style=\"border: 0pt none;\" title=\"Icona Twitter\" src=\"http:\/\/cdn1.iconfinder.com\/data\/icons\/elegantmediaicons\/PNG\/twitter.png\" alt=\"Icona Twitter\" width=\"70\" height=\"70\" \/>Twitter:<\/strong>Segueix <a href=\"http:\/\/twitter.com\/#!\/la_marato\">@la_marato <\/a><br \/>\nDes del <a href=\"http:\/\/xarxa-omnia.org\/node\/327\">Punt \u00d2mnia Mowgli<\/a> (<a href=\"https:\/\/twitter.com\/#!\/search\/omniamowgli\">@omniamowgli<\/a>), ens proposen difondre les nostres activitats amb el hashtag <strong>#maratomnia<\/strong> <\/td>\n<\/tr>\n<\/tbody>\n<\/table>\n<p><script charset=\"utf-8\" src=\"http:\/\/widgets.twimg.com\/j\/2\/widget.js\"><\/script><br \/>\n<script>\nnew TWTR.Widget({\n  version: 2,\n  type: 'search',\n  search: '#maratopobresa OR #maratomnia',\n  interval: 30000,\n  title: 'Marat\u00d2mnia',\n  subject: 'Marat\u00f3 per la Pobresa',\n  width: 'auto',\n  height: 300,\n  theme: {\n    shell: {\n      background: '#6e9b1b',\n      color: '#ffffff'\n    },\n    tweets: {\n      background: '#ffffff',\n      color: '#444444',\n      links: '#1985b5'\n    }\n  },\n  features: {\n    scrollbar: true,\n    loop: true,\n    live: true,\n    behavior: 'default'\n  }\n}).render().start();\n<\/script><\/p>\n<table>\n<tbody>\n<tr>\n<td><strong><img loading=\"lazy\" decoding=\"async\" class=\"alignleft\" style=\"border: 0pt none;\" title=\"Icona Facebook\" src=\"http:\/\/cdn1.iconfinder.com\/data\/icons\/elegantmediaicons\/PNG\/facebook.png\" alt=\"Icona Facebook\" width=\"70\" height=\"70\" \/><\/strong><strong><\/br>Facebook:<\/strong> P\u00e0gina oficial de<a href=\"http:\/\/ca-es.facebook.com\/lamarato\"> La Marat\u00f3 de TV3<\/a><\/td>\n<td><strong><img loading=\"lazy\" decoding=\"async\" class=\"alignleft\" style=\"border: 0pt none;\" title=\"Icona RSS\" src=\"http:\/\/cdn1.iconfinder.com\/data\/icons\/elegantmediaicons\/PNG\/rss.png\" alt=\"Icona RSS\" width=\"70\" height=\"70\" \/><\/strong><strong><\/br>Bloc:<\/strong> <a title=\"Marat\u00f3 per la pobresa - bloc\" href=\"http:\/\/blogs.tv3.cat\/marato-pobresa\">Bloc de la Marat\u00f3 per la pobresa<\/a><\/td>\n<\/tr>\n<\/tbody>\n<\/table>\n","protected":false},"excerpt":{"rendered":"<p>El cartells de la Marat\u00f3 s\u00f3n distribu\u00efts per correu postal, tot i que tamb\u00e9 us els podeu descarregar des d&#8217;aqu\u00ed. Altres formes de difusi\u00f3 s\u00f3n les xarxes socials i el bloc de la marat\u00f3. Podem practicar a afegir usuaris, fer &#8220;M&#8217;agrada&#8221; o subscriure&#8217;ns a un RSS. Twitter:Segueix @la_marato Des del Punt \u00d2mnia Mowgli (@omniamowgli), ens [&hellip;]<\/p>\n","protected":false},"author":61,"featured_media":0,"parent":72,"menu_order":2,"comment_status":"closed","ping_status":"open","template":"","meta":{"footnotes":""},"class_list":["post-12","page","type-page","status-publish","hentry"],"_links":{"self":[{"href":"https:\/\/bloc.xarxa-omnia.org\/maratopobresa\/wp-json\/wp\/v2\/pages\/12","targetHints":{"allow":["GET"]}}],"collection":[{"href":"https:\/\/bloc.xarxa-omnia.org\/maratopobresa\/wp-json\/wp\/v2\/pages"}],"about":[{"href":"https:\/\/bloc.xarxa-omnia.org\/maratopobresa\/wp-json\/wp\/v2\/types\/page"}],"author":[{"embeddable":true,"href":"https:\/\/bloc.xarxa-omnia.org\/maratopobresa\/wp-json\/wp\/v2\/users\/61"}],"replies":[{"embeddable":true,"href":"https:\/\/bloc.xarxa-omnia.org\/maratopobresa\/wp-json\/wp\/v2\/comments?post=12"}],"version-history":[{"count":33,"href":"https:\/\/bloc.xarxa-omnia.org\/maratopobresa\/wp-json\/wp\/v2\/pages\/12\/revisions"}],"predecessor-version":[{"id":187,"href":"https:\/\/bloc.xarxa-omnia.org\/maratopobresa\/wp-json\/wp\/v2\/pages\/12\/revisions\/187"}],"up":[{"embeddable":true,"href":"https:\/\/bloc.xarxa-omnia.org\/maratopobresa\/wp-json\/wp\/v2\/pages\/72"}],"wp:attachment":[{"href":"https:\/\/bloc.xarxa-omnia.org\/maratopobresa\/wp-json\/wp\/v2\/media?parent=12"}],"curies":[{"name":"wp","href":"https:\/\/api.w.org\/{rel}","templated":true}]}}