{"id":132,"date":"2012-04-18T20:44:31","date_gmt":"2012-04-18T18:44:31","guid":{"rendered":"http:\/\/blog.xarxa-omnia.org\/maratopobresa\/?page_id=132"},"modified":"2012-04-23T10:43:06","modified_gmt":"2012-04-23T08:43:06","slug":"fotos-al-picasa","status":"publish","type":"page","link":"https:\/\/bloc.xarxa-omnia.org\/maratopobresa\/maratomnia\/fotos-al-picasa\/","title":{"rendered":"Fotos al Picasa"},"content":{"rendered":"<div id=\"__ss_12600223\" style=\"width: 720px;\"><strong style=\"display: block; margin: 12px 0 4px;\"><a title=\"Geolocalitzaci\u00f3 amb Picasa\" href=\"http:\/\/www.slideshare.net\/omnia\/geolocalitzaci\">Geolocalitzaci\u00f3 amb Picasa<\/a><\/strong><object id=\"__sse12600223\" classid=\"clsid:d27cdb6e-ae6d-11cf-96b8-444553540000\" width=\"720\" height=\"355\" codebase=\"http:\/\/download.macromedia.com\/pub\/shockwave\/cabs\/flash\/swflash.cab#version=6,0,40,0\"><param name=\"allowFullScreen\" value=\"true\" \/><param name=\"allowScriptAccess\" value=\"always\" \/><param name=\"wmode\" value=\"transparent\" \/><param name=\"src\" value=\"http:\/\/static.slidesharecdn.com\/swf\/ssplayer2.swf?doc=geolocalitzaciopicasa-120419043913-phpapp01&amp;stripped_title=geolocalitzaci&amp;userName=omnia\" \/><param name=\"name\" value=\"__sse12600223\" \/><param name=\"allowfullscreen\" value=\"true\" \/><embed id=\"__sse12600223\" type=\"application\/x-shockwave-flash\" width=\"720\" height=\"355\" src=\"http:\/\/static.slidesharecdn.com\/swf\/ssplayer2.swf?doc=geolocalitzaciopicasa-120419043913-phpapp01&amp;stripped_title=geolocalitzaci&amp;userName=omnia\" name=\"__sse12600223\" wmode=\"transparent\" allowscriptaccess=\"always\" allowfullscreen=\"true\"><\/embed><\/object><\/p>\n<div style=\"padding: 5px 0 12px;\">View more <a href=\"http:\/\/www.slideshare.net\/\">presentations<\/a> from <a href=\"http:\/\/www.slideshare.net\/omnia\">Xarxa \u00d2mnia<\/a>.<\/div>\n<\/div>\n<p>Si ho prefereixes, pots editar directament el <a title=\"google maps\" href=\"http:\/\/maps.google.es\/maps\/ms?msid=215480288691928778528.0004bdf69c455f87a9d33&amp;msa=0&amp;ll=42.795401,2.098389&amp;spn=2.922188,4.938354\">Mapa de la Marat\u00d2mnia <\/a> al Google maps (hi podr\u00e0s afegir text, v\u00eddeos, i imatges des d&#8217;altres  serveis). Des d&#8217;aqu\u00ed tamb\u00e9 el pots incrustar en altres webs o blocs.<\/p>\n<table>\n<tbody>\n<tr>\n<td bgcolor=\"#C9EEFE\">El codi embed \u00e9s aquest:<\/p>\n<div  style=\"padding-left:10px !important; padding-right:10px !important; padding-bottom:20px !important;\"><code><br \/>\n&lt;iframe width=\"425\" height=\"350\" frameborder=\"0\" scrolling=\"no\" marginheight=\"0\" marginwidth=\"0\" src=\"http:\/\/maps.google.es\/maps\/ms?msa=0&amp;amp;msid=215480288691928778528.0004bdf69c455f87a9d33&amp;amp;ie=UTF8&amp;amp;t=m&amp;amp;source=embed&amp;amp;ll=40.396764,-3.713379&amp;amp;spn=7.829737,14.985352&amp;amp;iwloc=0004bdf80433023767424&amp;amp;output=embed\"&gt;&lt;\/iframe&gt;&lt;br \/&gt;&lt;small&gt;Mostra &lt;a href=\"http:\/\/maps.google.es\/maps\/ms?msa=0&amp;amp;msid=215480288691928778528.0004bdf69c455f87a9d33&amp;amp;ie=UTF8&amp;amp;t=m&amp;amp;source=embed&amp;amp;ll=40.396764,-3.713379&amp;amp;spn=7.829737,14.985352&amp;amp;iwloc=0004bdf80433023767424\" style=\"color:#0000FF;text-align:left\"&gt;Marat\u00f3 per la pobresa&lt;\/a&gt; en un mapa m\u00e9s gran&lt;\/small&gt;<\/code><\/div>\n<\/td>\n<\/tr>\n<\/tbody>\n<\/table>\n<div style=\"padding: 5px 0 12px;\">Si no llegeixes b\u00e9 la presentaci\u00f3, consulta aquestes instruccions:<\/div>\n<h3><img loading=\"lazy\" decoding=\"async\" class=\"alignleft\" style=\"margin-left: 15px; margin-right: 15px;\" title=\"Icona del Picasa\" src=\"http:\/\/cdn2.iconfinder.com\/data\/icons\/web2badges\/png\/picasa.png\" alt=\"\" width=\"128\" height=\"128\" \/><\/h3>\n<h3>Com geolocalitzem les imatges amb el Picasa?<\/h3>\n<ol id=\"llista\">\n<li>Accedeix a\u00a0 <a title=\"\u00c0lbum de la Marat\u00d2mnia\" href=\"https:\/\/picasaweb.google.com\/xarxaomnia\/MaratOmnia\">aquest \u00e0lbum<\/a> amb les dades d&#8217;acc\u00e9s del compte de Xarxa \u00d2mnia del Picasa (demana les dades a seguiment(arrova)xarxa-omnia.org)<\/li>\n<li>Puja les teves fotos fent clic a &#8220;Afegeix fotos&#8221;<\/li>\n<li>Posa t\u00edtols a les fotos per saber de quin Punt \u00d2mnia s\u00f3n<\/li>\n<li>Fes clic a &#8220;afegeix ubicaci\u00f3&#8221; per cada foto o a &#8220;<a href=\"https:\/\/picasaweb.google.com\/lh\/albumMap?uname=xarxaomnia&amp;aid=5732804628709793041#map\">Visualitza el mapa<\/a>&#8221; (Fes clic a &#8220;Edita&#8221; i arrossega les teves imatges al lloc corresponent del mapa, i quan acabis prem el bot\u00f3 &#8220;Fet&#8221;)<\/li>\n<li>Aviat es veuran els canvis al <a title=\"google maps\" href=\"http:\/\/maps.google.es\/maps\/ms?msid=215480288691928778528.0004bdf69c455f87a9d33&amp;msa=0&amp;ll=42.795401,2.098389&amp;spn=2.922188,4.938354\">Mapa de la Marat\u00d2mnia<\/a>!<\/li>\n<\/ol>\n","protected":false},"excerpt":{"rendered":"<p>Geolocalitzaci\u00f3 amb Picasa View more presentations from Xarxa \u00d2mnia. Si ho prefereixes, pots editar directament el Mapa de la Marat\u00d2mnia al Google maps (hi podr\u00e0s afegir text, v\u00eddeos, i imatges des d&#8217;altres serveis). Des d&#8217;aqu\u00ed tamb\u00e9 el pots incrustar en altres webs o blocs. El codi embed \u00e9s aquest: &lt;iframe width=&#8221;425&#8243; height=&#8221;350&#8243; frameborder=&#8221;0&#8243; scrolling=&#8221;no&#8221; marginheight=&#8221;0&#8243; [&hellip;]<\/p>\n","protected":false},"author":61,"featured_media":0,"parent":17,"menu_order":0,"comment_status":"open","ping_status":"open","template":"","meta":{"footnotes":""},"class_list":["post-132","page","type-page","status-publish","hentry"],"_links":{"self":[{"href":"https:\/\/bloc.xarxa-omnia.org\/maratopobresa\/wp-json\/wp\/v2\/pages\/132","targetHints":{"allow":["GET"]}}],"collection":[{"href":"https:\/\/bloc.xarxa-omnia.org\/maratopobresa\/wp-json\/wp\/v2\/pages"}],"about":[{"href":"https:\/\/bloc.xarxa-omnia.org\/maratopobresa\/wp-json\/wp\/v2\/types\/page"}],"author":[{"embeddable":true,"href":"https:\/\/bloc.xarxa-omnia.org\/maratopobresa\/wp-json\/wp\/v2\/users\/61"}],"replies":[{"embeddable":true,"href":"https:\/\/bloc.xarxa-omnia.org\/maratopobresa\/wp-json\/wp\/v2\/comments?post=132"}],"version-history":[{"count":25,"href":"https:\/\/bloc.xarxa-omnia.org\/maratopobresa\/wp-json\/wp\/v2\/pages\/132\/revisions"}],"predecessor-version":[{"id":134,"href":"https:\/\/bloc.xarxa-omnia.org\/maratopobresa\/wp-json\/wp\/v2\/pages\/132\/revisions\/134"}],"up":[{"embeddable":true,"href":"https:\/\/bloc.xarxa-omnia.org\/maratopobresa\/wp-json\/wp\/v2\/pages\/17"}],"wp:attachment":[{"href":"https:\/\/bloc.xarxa-omnia.org\/maratopobresa\/wp-json\/wp\/v2\/media?parent=132"}],"curies":[{"name":"wp","href":"https:\/\/api.w.org\/{rel}","templated":true}]}}