{"id":15,"date":"2012-04-11T14:53:56","date_gmt":"2012-04-11T12:53:56","guid":{"rendered":"http:\/\/blog.xarxa-omnia.org\/maratopobresa\/?page_id=15"},"modified":"2012-04-23T11:23:24","modified_gmt":"2012-04-23T09:23:24","slug":"altres-formes-de-participar-hi","status":"publish","type":"page","link":"https:\/\/bloc.xarxa-omnia.org\/maratopobresa\/participacio\/altres-formes-de-participar-hi\/","title":{"rendered":"Altres"},"content":{"rendered":"<h3>Donatius<\/h3>\n<table align=\"center\">\n<tbody>\n<tr>\n<td width=\"50%\" bgcolor=\"#C9EEFE\"><img loading=\"lazy\" decoding=\"async\" class=\"alignleft size-full wp-image-64\" style=\"border: 0pt none;\" title=\"Icona d'una guardiola\" src=\"http:\/\/blog.xarxa-omnia.org\/maratopobresa\/files\/2012\/04\/piggybank.png\" alt=\"guardiola\" width=\"100\" height=\"100\" \/><strong>S&#8217;admeten donatius de qualsevol import, tot suma!<\/strong><\/p>\n<p><strong> Es pot fer a trav\u00e9s d&#8217;un <strong>ingr\u00e9s<\/strong> al compte de la marat\u00f3, <strong>per tel\u00e8fon<\/strong> el mateix dia, per<strong> Internet<\/strong> i per l&#8217;<strong>aplicaci\u00f3 per m\u00f2bils<\/strong> de la Marat\u00f3.<\/strong><\/p>\n<p><strong>Trobareu la informaci\u00f3 al <a title=\"informaci\u00f3 sobre com fer donatius\" href=\"http:\/\/www.tv3.cat\/maratopobresa\/participa\/donatius\">web de la Marat\u00f3<\/a>.<\/strong><\/td>\n<\/tr>\n<\/tbody>\n<\/table>\n<h3>Projectes d&#8217;entitats socials<\/h3>\n<table>\n<tbody>\n<tr>\n<td bgcolor=\"#ECFDCE\"><img loading=\"lazy\" decoding=\"async\" class=\"alignleft size-full \" style=\"margin-left: 5px; margin-right: 5px;\" title=\"Icona d'anotacions\" src=\"http:\/\/blog.xarxa-omnia.org\/maratopobresa\/files\/2012\/04\/1334771197_basket.png\" alt=\"\" width=\"100\" height=\"100\" \/><\/p>\n<p>Les entitats socials poden presentar un projecte per ser <strong>benefici\u00e0ries d&#8217;ajuts<\/strong> de la Fundaci\u00f3 de la Marat\u00f3 TV3. Consulteu <a title=\"Consulteu les condicions en aquesta p\u00e0gina\" href=\"http:\/\/www.tv3.cat\/maratopobresa\/html\/pdf\/basespobresa.pdf\">les bases<\/a> aqu\u00ed. El termini de<a title=\"Enlla\u00e7 per anar al formulari\" href=\"http:\/\/www.ajutsmarato.com\/pobresa\"> presentaci\u00f3 de formularis<\/a> \u00e9s el proper 26 d&#8217;abril.<\/td>\n<\/tr>\n<\/tbody>\n<\/table>\n<h3>Voluntariat<\/h3>\n<table align=\"center\">\n<tbody>\n<tr>\n<td width=\"50%\" bgcolor=\"#C9EEFE\"><img loading=\"lazy\" decoding=\"async\" class=\"alignleft size-full wp-image-64\" style=\"border: 0pt none;\" title=\"Icona d'una guardiola\" src=\"http:\/\/cdn1.iconfinder.com\/data\/icons\/paper\/blue\/file_document_paper_blue_g21229.png\" alt=\"icona cara somrient\" width=\"100\" height=\"100\" \/>Animeu els participants del punt a participar com a<strong> voluntaris a la Marat\u00f3<\/strong>, les <a href=\"http:\/\/maratopobresa.voluntariat.org\/\">inscripcions<\/a> s&#8217;han ampliat fins el 27 d&#8217;abril!<\/td>\n<\/tr>\n<\/tbody>\n<\/table>\n","protected":false},"excerpt":{"rendered":"<p>Donatius S&#8217;admeten donatius de qualsevol import, tot suma! Es pot fer a trav\u00e9s d&#8217;un ingr\u00e9s al compte de la marat\u00f3, per tel\u00e8fon el mateix dia, per Internet i per l&#8217;aplicaci\u00f3 per m\u00f2bils de la Marat\u00f3. Trobareu la informaci\u00f3 al web de la Marat\u00f3. Projectes d&#8217;entitats socials Les entitats socials poden presentar un projecte per ser [&hellip;]<\/p>\n","protected":false},"author":61,"featured_media":0,"parent":72,"menu_order":3,"comment_status":"closed","ping_status":"open","template":"","meta":{"footnotes":""},"class_list":["post-15","page","type-page","status-publish","hentry"],"_links":{"self":[{"href":"https:\/\/bloc.xarxa-omnia.org\/maratopobresa\/wp-json\/wp\/v2\/pages\/15","targetHints":{"allow":["GET"]}}],"collection":[{"href":"https:\/\/bloc.xarxa-omnia.org\/maratopobresa\/wp-json\/wp\/v2\/pages"}],"about":[{"href":"https:\/\/bloc.xarxa-omnia.org\/maratopobresa\/wp-json\/wp\/v2\/types\/page"}],"author":[{"embeddable":true,"href":"https:\/\/bloc.xarxa-omnia.org\/maratopobresa\/wp-json\/wp\/v2\/users\/61"}],"replies":[{"embeddable":true,"href":"https:\/\/bloc.xarxa-omnia.org\/maratopobresa\/wp-json\/wp\/v2\/comments?post=15"}],"version-history":[{"count":27,"href":"https:\/\/bloc.xarxa-omnia.org\/maratopobresa\/wp-json\/wp\/v2\/pages\/15\/revisions"}],"predecessor-version":[{"id":202,"href":"https:\/\/bloc.xarxa-omnia.org\/maratopobresa\/wp-json\/wp\/v2\/pages\/15\/revisions\/202"}],"up":[{"embeddable":true,"href":"https:\/\/bloc.xarxa-omnia.org\/maratopobresa\/wp-json\/wp\/v2\/pages\/72"}],"wp:attachment":[{"href":"https:\/\/bloc.xarxa-omnia.org\/maratopobresa\/wp-json\/wp\/v2\/media?parent=15"}],"curies":[{"name":"wp","href":"https:\/\/api.w.org\/{rel}","templated":true}]}}